{"id":5945,"date":"2020-09-22T20:13:18","date_gmt":"2020-09-22T19:13:18","guid":{"rendered":"https:\/\/intlaw.servidorbeta.es\/miriam-magdalena-camara\/"},"modified":"2026-03-25T06:45:35","modified_gmt":"2026-03-25T05:45:35","slug":"miriam-magdalena-camara","status":"publish","type":"page","link":"https:\/\/intlaw.servidorbeta.es\/ro\/miriam-magdalena-camara\/","title":{"rendered":"Miriam Magdalena C\u00e1mara"},"content":{"rendered":"[vc_row type=&#8221;in_container&#8221; full_screen_row_position=&#8221;middle&#8221; column_margin=&#8221;default&#8221; column_direction=&#8221;default&#8221; column_direction_tablet=&#8221;default&#8221; column_direction_phone=&#8221;default&#8221; scene_position=&#8221;center&#8221; text_color=&#8221;dark&#8221; text_align=&#8221;left&#8221; row_border_radius=&#8221;none&#8221; row_border_radius_applies=&#8221;bg&#8221; overflow=&#8221;visible&#8221; overlay_strength=&#8221;0.3&#8243; gradient_direction=&#8221;left_to_right&#8221; shape_divider_position=&#8221;bottom&#8221; bg_image_animation=&#8221;none&#8221; shape_type=&#8221;&#8221;][vc_column column_padding=&#8221;no-extra-padding&#8221; column_padding_tablet=&#8221;inherit&#8221; column_padding_phone=&#8221;inherit&#8221; column_padding_position=&#8221;all&#8221; column_element_spacing=&#8221;default&#8221; background_color_opacity=&#8221;1&#8243; background_hover_color_opacity=&#8221;1&#8243; column_shadow=&#8221;none&#8221; column_border_radius=&#8221;none&#8221; column_link_target=&#8221;_self&#8221; column_position=&#8221;default&#8221; gradient_direction=&#8221;left_to_right&#8221; overlay_strength=&#8221;0.3&#8243; width=&#8221;1\/1&#8243; tablet_width_inherit=&#8221;default&#8221; tablet_text_alignment=&#8221;default&#8221; phone_text_alignment=&#8221;default&#8221; animation_type=&#8221;default&#8221; bg_image_animation=&#8221;none&#8221; border_type=&#8221;simple&#8221; column_border_width=&#8221;none&#8221; column_border_style=&#8221;solid&#8221;][vc_custom_heading text=&#8221;MIRIAM MAGDALENA C\u00c1MARA (jurist)&#8221; font_container=&#8221;tag:h4|text_align:left|color:%231f360f&#8221; use_theme_fonts=&#8221;yes&#8221;][divider line_type=&#8221;Small Line&#8221; line_alignment=&#8221;default&#8221; line_thickness=&#8221;2&#8243; divider_color=&#8221;accent-color&#8221; animate=&#8221;yes&#8221; custom_line_width=&#8221;60&#8243;][\/vc_column][\/vc_row][vc_row type=&#8221;full_width_background&#8221; full_screen_row_position=&#8221;middle&#8221; column_margin=&#8221;50px&#8221; column_direction=&#8221;default&#8221; column_direction_tablet=&#8221;default&#8221; column_direction_phone=&#8221;default&#8221; scene_position=&#8221;center&#8221; top_padding=&#8221;0&#8243; bottom_padding=&#8221;5%&#8221; text_color=&#8221;dark&#8221; text_align=&#8221;left&#8221; row_border_radius=&#8221;none&#8221; row_border_radius_applies=&#8221;bg&#8221; overflow=&#8221;visible&#8221; id=&#8221;about&#8221; overlay_strength=&#8221;0.3&#8243; gradient_direction=&#8221;left_to_right&#8221; shape_divider_position=&#8221;bottom&#8221; bg_image_animation=&#8221;none&#8221; shape_type=&#8221;&#8221;][vc_column column_padding=&#8221;no-extra-padding&#8221; column_padding_tablet=&#8221;inherit&#8221; column_padding_phone=&#8221;inherit&#8221; column_padding_position=&#8221;all&#8221; column_element_spacing=&#8221;default&#8221; background_color_opacity=&#8221;1&#8243; background_hover_color_opacity=&#8221;1&#8243; column_shadow=&#8221;none&#8221; column_border_radius=&#8221;none&#8221; column_link_target=&#8221;_self&#8221; column_position=&#8221;default&#8221; boxed=&#8221;true&#8221; gradient_direction=&#8221;left_to_right&#8221; overlay_strength=&#8221;0.3&#8243; width=&#8221;2\/5&#8243; tablet_width_inherit=&#8221;default&#8221; tablet_text_alignment=&#8221;default&#8221; phone_text_alignment=&#8221;default&#8221; animation_type=&#8221;default&#8221; bg_image_animation=&#8221;none&#8221; border_type=&#8221;simple&#8221; column_border_width=&#8221;none&#8221; column_border_style=&#8221;solid&#8221;][image_with_animation image_url=&#8221;3950&#8243; image_size=&#8221;full&#8221; animation_type=&#8221;entrance&#8221; animation=&#8221;Fade In&#8221; hover_animation=&#8221;none&#8221; alignment=&#8221;&#8221; border_radius=&#8221;none&#8221; box_shadow=&#8221;none&#8221; image_loading=&#8221;default&#8221; max_width=&#8221;100%&#8221; max_width_mobile=&#8221;default&#8221;][split_line_heading animation_type=&#8221;line-reveal-by-space&#8221; font_style=&#8221;h5&#8243; text_color=&#8221;#0a0a0a&#8221; line_reveal_by_space_text_effect=&#8221;default&#8221; content_alignment=&#8221;default&#8221; mobile_content_alignment=&#8221;inherit&#8221; link_target=&#8221;_self&#8221; text_content=&#8221;MIRIAM MAGDALENA C\u00c1MARA (PARTENER)&#8221; max_width=&#8221;450&#8243;][\/split_line_heading][vc_column_text css=&#8221;.vc_custom_1663930067561{padding-top: 0px !important;}&#8221;]Mail: mm@intlaw.eu<br \/>Telefon: +34 931 125 423<br \/><a href=\"https:\/\/www.linkedin.com\/in\/miriam-magdalena-6b339a16\/\" rel=\"nofollow noopener\" target=\"_blank\">Al\u0103tura\u021bi-v\u0103 re\u021belei mele LinkedIn<\/a>[\/vc_column_text][vc_column_text]\n<h5>Arii De Practica:<\/h5>\n<p><a href=\"\/ro\/international-insolventa-si-restructurare\/\">Insolven\u021b\u0103<\/a>, <a href=\"\/international-corporate-and-commercial\/\">Restructurare \u0219i faliment<\/a><a href=\"\/international-corporate-and-commercial\/\">,<\/a> <a href=\"\/international-corporate-and-commercial\/\">Corporate<\/a>, <a href=\"\/international-corporate-and-commercial\/\">Drept comercial,<\/a> <a href=\"\/ro\/international-litigii\/\">Litigii<\/a>.<\/p>\n<h5>Limbi:<\/h5>\n<p>Spaniol\u0103, catalan\u0103, englez\u0103, francez\u0103 \u0219i italian\u0103.<\/p>\n<h5>Admitere:<\/h5>\n<p>Toate Instan\u021bele Spaniole[\/vc_column_text][\/vc_column][vc_column column_padding=&#8221;padding-2-percent&#8221; column_padding_tablet=&#8221;inherit&#8221; column_padding_phone=&#8221;inherit&#8221; column_padding_position=&#8221;left-right&#8221; column_element_spacing=&#8221;default&#8221; background_color_opacity=&#8221;1&#8243; background_hover_color_opacity=&#8221;1&#8243; column_shadow=&#8221;none&#8221; column_border_radius=&#8221;none&#8221; column_link_target=&#8221;_self&#8221; column_position=&#8221;default&#8221; gradient_direction=&#8221;left_to_right&#8221; overlay_strength=&#8221;0.3&#8243; width=&#8221;3\/5&#8243; tablet_width_inherit=&#8221;default&#8221; tablet_text_alignment=&#8221;default&#8221; phone_text_alignment=&#8221;default&#8221; animation_type=&#8221;default&#8221; bg_image_animation=&#8221;none&#8221; border_type=&#8221;simple&#8221; column_border_width=&#8221;none&#8221; column_border_style=&#8221;solid&#8221;][vc_row_inner column_margin=&#8221;default&#8221; column_direction=&#8221;default&#8221; column_direction_tablet=&#8221;default&#8221; column_direction_phone=&#8221;default&#8221; text_align=&#8221;left&#8221; row_position=&#8221;default&#8221; row_position_tablet=&#8221;inherit&#8221; row_position_phone=&#8221;inherit&#8221; overflow=&#8221;visible&#8221; pointer_events=&#8221;all&#8221;][vc_column_inner column_padding=&#8221;padding-2-percent&#8221; column_padding_tablet=&#8221;inherit&#8221; column_padding_phone=&#8221;inherit&#8221; column_padding_position=&#8221;top&#8221; column_element_spacing=&#8221;default&#8221; background_color_opacity=&#8221;1&#8243; background_hover_color_opacity=&#8221;1&#8243; column_shadow=&#8221;none&#8221; column_border_radius=&#8221;none&#8221; column_link_target=&#8221;_self&#8221; gradient_direction=&#8221;left_to_right&#8221; overlay_strength=&#8221;0.3&#8243; width=&#8221;1\/1&#8243; tablet_width_inherit=&#8221;default&#8221; animation_type=&#8221;default&#8221; enable_animation=&#8221;true&#8221; animation=&#8221;fade-in-from-bottom&#8221; bg_image_animation=&#8221;none&#8221; border_type=&#8221;simple&#8221; column_border_width=&#8221;none&#8221; column_border_style=&#8221;solid&#8221;][vc_column_text max_width=&#8221;800&#8243;]\n<h5>DESPRE<\/h5>\n<p>Miriam Magdalena este specializat\u0103 \u00een Insolven\u021b\u0103 \u0219i Restructurare \u0219i Dreptul falimentului, Drept contractual \u0219i Litigii. Are o experien\u021b\u0103 de 15 ani ca avocat specializat \u00een insolven\u021b\u0103 \u0219i este practician \u00een insolven\u021b\u0103 de 10 ani. <\/p>\n<ul>\n<li>Partener al departamentului de Insolven\u021b\u0103 \u0219i Restructurare la Intlaw.<\/li>\n<li>Doctor \u00een drept.<\/li>\n<li>Profesor asociat la UPF, Departamentul de Drept Civil \u0219i Dreptul Afacerilor.<\/li>\n<li>Profesor la masterul de Drept al falimentului la ICAB.<\/li>\n<li>Membru al Comisiei de drept comercial a Baroului din Terrassa (ICATER).<\/li>\n<li>Membru al Baroului din Barcelona.<\/li>\n<li>Membru al Baroului Terrassa.<\/li>\n<li>Membru al Clubului spaniol de drept al insolven\u021bei (CEDI).<\/li>\n<li>Membr\u0103 a Comitetului pentru restructurare \u0219i insolven\u021b\u0103 \u00een cadrul Women in a Legal World.<\/li>\n<li>Coautor al c\u0103r\u021bii &#8222;Procedura de insolven\u021b\u0103 f\u0103r\u0103 active&#8221;.<\/li>\n<li>Autor al mai multor articole \u00een reviste juridice.<\/li>\n<li>Autor al c\u0103r\u021bii &#8222;Aspecte dogmatice \u0219i politico-penale ale insolven\u021belor sanc\u021bionabile&#8221;. Aranzadi-Thomson Reuters 1 aprilie 2018. <\/li>\n<\/ul>\n<h5>APARTENEN\u021aE PROFESIONALE<\/h5>\n<ul>\n<li>Colegio de Abogados de Barcelona ICAB- (Asocia\u021bia Baroului din Barcelona).<\/li>\n<\/ul>\n<h5>EDUCA\u021aIE<\/h5>\n<ul>\n<li>Diplom\u0103 \u00een drept de la <em>Universitat Aut\u00f2noma de Barcelona<\/em> (UAB).<\/li>\n<li>Doctor \u00een drept.<\/li>\n<li>Diplom\u0103 de master \u00een \u0219tiin\u021be juridice la Universitat Pompeu Fabra (UPF).<\/li>\n<li>Curs postuniversitar &#8222;Societ\u0103\u021bi \u00een criz\u0103: prevenire, restructurare \u0219i proceduri de insolven\u021b\u0103&#8221;, IDEC-UPF.<\/li>\n<\/ul>\n[\/vc_column_text][\/vc_column_inner][\/vc_row_inner][\/vc_column][\/vc_row]\n","protected":false},"excerpt":{"rendered":"<p>[vc_row type=&#8221;in_container&#8221; full_screen_row_position=&#8221;middle&#8221; column_margin=&#8221;default&#8221; column_direction=&#8221;default&#8221; column_direction_tablet=&#8221;default&#8221; column_direction_phone=&#8221;default&#8221; scene_position=&#8221;center&#8221; text_color=&#8221;dark&#8221; text_align=&#8221;left&#8221; row_border_radius=&#8221;none&#8221; row_border_radius_applies=&#8221;bg&#8221; overflow=&#8221;visible&#8221; overlay_strength=&#8221;0.3&#8243; gradient_direction=&#8221;left_to_right&#8221; shape_divider_position=&#8221;bottom&#8221; bg_image_animation=&#8221;none&#8221; shape_type=&#8221;&#8221;][vc_column column_padding=&#8221;no-extra-padding&#8221; column_padding_tablet=&#8221;inherit&#8221; column_padding_phone=&#8221;inherit&#8221; column_padding_position=&#8221;all&#8221; column_element_spacing=&#8221;default&#8221; background_color_opacity=&#8221;1&#8243; background_hover_color_opacity=&#8221;1&#8243; column_shadow=&#8221;none&#8221; column_border_radius=&#8221;none&#8221; column_link_target=&#8221;_self&#8221; column_position=&#8221;default&#8221; gradient_direction=&#8221;left_to_right&#8221;&#8230;<\/p>\n","protected":false},"author":1,"featured_media":0,"parent":0,"menu_order":0,"comment_status":"closed","ping_status":"closed","template":"","meta":{"footnotes":""},"class_list":["post-5945","page","type-page","status-publish"],"_links":{"self":[{"href":"https:\/\/intlaw.servidorbeta.es\/ro\/wp-json\/wp\/v2\/pages\/5945","targetHints":{"allow":["GET"]}}],"collection":[{"href":"https:\/\/intlaw.servidorbeta.es\/ro\/wp-json\/wp\/v2\/pages"}],"about":[{"href":"https:\/\/intlaw.servidorbeta.es\/ro\/wp-json\/wp\/v2\/types\/page"}],"author":[{"embeddable":true,"href":"https:\/\/intlaw.servidorbeta.es\/ro\/wp-json\/wp\/v2\/users\/1"}],"replies":[{"embeddable":true,"href":"https:\/\/intlaw.servidorbeta.es\/ro\/wp-json\/wp\/v2\/comments?post=5945"}],"version-history":[{"count":2,"href":"https:\/\/intlaw.servidorbeta.es\/ro\/wp-json\/wp\/v2\/pages\/5945\/revisions"}],"predecessor-version":[{"id":5949,"href":"https:\/\/intlaw.servidorbeta.es\/ro\/wp-json\/wp\/v2\/pages\/5945\/revisions\/5949"}],"wp:attachment":[{"href":"https:\/\/intlaw.servidorbeta.es\/ro\/wp-json\/wp\/v2\/media?parent=5945"}],"curies":[{"name":"wp","href":"https:\/\/api.w.org\/{rel}","templated":true}]}}