{"id":5908,"date":"2020-09-22T23:18:14","date_gmt":"2020-09-22T22:18:14","guid":{"rendered":"https:\/\/intlaw.servidorbeta.es\/international-litigii\/"},"modified":"2026-03-24T19:49:36","modified_gmt":"2026-03-24T18:49:36","slug":"international-litigii","status":"publish","type":"page","link":"https:\/\/intlaw.servidorbeta.es\/ro\/international-litigii\/","title":{"rendered":"International Litigii"},"content":{"rendered":"[vc_row type=&#8221;in_container&#8221; full_screen_row_position=&#8221;middle&#8221; column_margin=&#8221;default&#8221; column_direction=&#8221;default&#8221; column_direction_tablet=&#8221;default&#8221; column_direction_phone=&#8221;default&#8221; scene_position=&#8221;center&#8221; text_color=&#8221;dark&#8221; text_align=&#8221;left&#8221; row_border_radius=&#8221;none&#8221; row_border_radius_applies=&#8221;bg&#8221; overflow=&#8221;visible&#8221; overlay_strength=&#8221;0.3&#8243; gradient_direction=&#8221;left_to_right&#8221; shape_divider_position=&#8221;bottom&#8221; bg_image_animation=&#8221;none&#8221; shape_type=&#8221;&#8221;][vc_column column_padding=&#8221;no-extra-padding&#8221; column_padding_tablet=&#8221;inherit&#8221; column_padding_phone=&#8221;inherit&#8221; column_padding_position=&#8221;all&#8221; column_element_spacing=&#8221;default&#8221; background_color_opacity=&#8221;1&#8243; background_hover_color_opacity=&#8221;1&#8243; column_shadow=&#8221;none&#8221; column_border_radius=&#8221;none&#8221; column_link_target=&#8221;_self&#8221; column_position=&#8221;default&#8221; gradient_direction=&#8221;left_to_right&#8221; overlay_strength=&#8221;0.3&#8243; width=&#8221;1\/1&#8243; tablet_width_inherit=&#8221;default&#8221; tablet_text_alignment=&#8221;default&#8221; phone_text_alignment=&#8221;default&#8221; animation_type=&#8221;default&#8221; bg_image_animation=&#8221;none&#8221; border_type=&#8221;simple&#8221; column_border_width=&#8221;none&#8221; column_border_style=&#8221;solid&#8221;][vc_custom_heading text=&#8221;Litigii&#8221; font_container=&#8221;tag:h3|text_align:center|color:%231f360f&#8221; use_theme_fonts=&#8221;yes&#8221;][divider line_type=&#8221;Small Line&#8221; line_alignment=&#8221;center&#8221; line_thickness=&#8221;2&#8243; divider_color=&#8221;accent-color&#8221; animate=&#8221;yes&#8221; custom_line_width=&#8221;40&#8243;][\/vc_column][\/vc_row][vc_row type=&#8221;in_container&#8221; full_screen_row_position=&#8221;middle&#8221; column_margin=&#8221;90px&#8221; equal_height=&#8221;yes&#8221; column_direction=&#8221;default&#8221; column_direction_tablet=&#8221;default&#8221; column_direction_phone=&#8221;default&#8221; scene_position=&#8221;center&#8221; top_padding=&#8221;0&#8243; bottom_padding=&#8221;2%&#8221; text_color=&#8221;dark&#8221; text_align=&#8221;left&#8221; row_border_radius=&#8221;none&#8221; row_border_radius_applies=&#8221;bg&#8221; overflow=&#8221;visible&#8221; id=&#8221;about&#8221; overlay_strength=&#8221;0.3&#8243; gradient_direction=&#8221;left_to_right&#8221; shape_divider_position=&#8221;bottom&#8221; bg_image_animation=&#8221;none&#8221; shape_type=&#8221;&#8221;][vc_column column_padding=&#8221;padding-2-percent&#8221; column_padding_tablet=&#8221;inherit&#8221; column_padding_phone=&#8221;inherit&#8221; column_padding_position=&#8221;top-bottom&#8221; column_element_spacing=&#8221;default&#8221; background_color_opacity=&#8221;1&#8243; background_hover_color_opacity=&#8221;1&#8243; column_shadow=&#8221;none&#8221; column_border_radius=&#8221;none&#8221; column_link_target=&#8221;_self&#8221; column_position=&#8221;default&#8221; gradient_direction=&#8221;left_to_right&#8221; overlay_strength=&#8221;0.3&#8243; width=&#8221;1\/2&#8243; tablet_width_inherit=&#8221;default&#8221; tablet_text_alignment=&#8221;default&#8221; phone_text_alignment=&#8221;default&#8221; animation_type=&#8221;default&#8221; bg_image_animation=&#8221;none&#8221; border_type=&#8221;simple&#8221; column_border_width=&#8221;none&#8221; column_border_style=&#8221;solid&#8221;][vc_row_inner column_margin=&#8221;default&#8221; column_direction=&#8221;default&#8221; column_direction_tablet=&#8221;default&#8221; column_direction_phone=&#8221;default&#8221; text_align=&#8221;left&#8221; row_position=&#8221;default&#8221; row_position_tablet=&#8221;inherit&#8221; row_position_phone=&#8221;inherit&#8221; overflow=&#8221;visible&#8221; pointer_events=&#8221;all&#8221;][vc_column_inner column_padding=&#8221;no-extra-padding&#8221; column_padding_tablet=&#8221;inherit&#8221; column_padding_phone=&#8221;inherit&#8221; column_padding_position=&#8221;all&#8221; column_element_spacing=&#8221;default&#8221; background_color_opacity=&#8221;1&#8243; background_hover_color_opacity=&#8221;1&#8243; column_shadow=&#8221;none&#8221; column_border_radius=&#8221;none&#8221; column_link_target=&#8221;_self&#8221; gradient_direction=&#8221;left_to_right&#8221; overlay_strength=&#8221;0.3&#8243; width=&#8221;1\/1&#8243; tablet_width_inherit=&#8221;default&#8221; animation_type=&#8221;default&#8221; enable_animation=&#8221;true&#8221; animation=&#8221;fade-in-from-bottom&#8221; bg_image_animation=&#8221;none&#8221; border_type=&#8221;simple&#8221; column_border_width=&#8221;none&#8221; column_border_style=&#8221;solid&#8221;][vc_column_text max_width=&#8221;750&#8243;]<span style=\"font-weight: 400;\">Nostru de litigii practic\u0103 la Intlaw cuprinde un spectru larg de corporate \u0219i comercial, litigii \u0219i probleme conexe. Civile \u0219i Penale, Litigii de dreptul muncii, litigii care implic\u0103 \u00eencredere \u0219i mo\u0219ii, \u0219i toate aspectele legate de procedurile de faliment, echipa noastra este bine-versat \u00een manipularea diverse probleme juridice. <\/span><\/p>\n<p><span style=\"font-weight: 400;\">\u00cen plus fa\u021b\u0103 de standard de procedur\u0103 civil\u0103, judiciar\u0103 practic\u0103 \u00een mod obi\u0219nuit implic\u0103 urm\u0103rirea aplic\u0103rii ac\u021biunilor \u0219i interlocutorii caut\u0103 c\u0103i de atac, cum ar fi ata\u0219amente \u0219i m\u0103suri de precau\u021bie. Avem, de asemenea, reprezint\u0103 clien\u021bii \u00een asisten\u021ba juridic\u0103 interna\u021bional\u0103 \u0219i proceduri administrative, oferind suport complet de-a lungul. <\/span><\/p>\n<p><span style=\"font-weight: 400;\">Echipa noastr\u0103 reprezint\u0103 clien\u021bii \u00een fa\u021ba instan\u021belor judec\u0103tore\u0219ti \u0219i a autorit\u0103\u021bilor administrative \u00een Spania, folosind resursele noastre pentru a gestiona \u00een mod eficient diverse dispute, de la chestiuni de rutin\u0103 mari \u0219i complexe multina\u021bionale litigii. \u00cen func\u021bie de caz e nevoie, vom colabora cu speciali\u0219ti din diferite domenii de practica pentru a asigura adaptate \u0219i eficiente de reprezentare. <\/span><\/p>\n<p><span style=\"font-weight: 400;\">Domenii cheie de Expertiz\u0103:<\/span><\/p>\n<ul>\n<li style=\"font-weight: 400;\"><span style=\"font-weight: 400;\">Interne \u0219i interna\u021bionale corporative \u0219i comerciale, litigii<\/span><\/li>\n<li style=\"font-weight: 400;\"><span style=\"font-weight: 400;\">White collar crime<\/span><\/li>\n<li style=\"font-weight: 400;\"><span style=\"font-weight: 400;\">Sfaturi privind solu\u021bionarea litigiilor strategii<\/span><\/li>\n<li style=\"font-weight: 400;\"><span style=\"font-weight: 400;\">Procedurile Administrative<\/span><\/li>\n<li style=\"font-weight: 400;\"><span style=\"font-weight: 400;\">Ap\u0103rare legal\u0103 de contencios administrativ litigii \u00eenainte de toate organele judiciare<\/span><\/li>\n<li style=\"font-weight: 400;\"><span style=\"font-weight: 400;\">Recunoa\u0219terea \u0219i executarea hot\u0103r\u00e2rilor str\u0103ine<\/span><\/li>\n<li style=\"font-weight: 400;\"><span style=\"font-weight: 400;\">Asisten\u021ba judiciar\u0103 interna\u021bional\u0103<\/span><\/li>\n<li style=\"font-weight: 400;\"><span style=\"font-weight: 400;\">Protec\u021bie de legi fundamentale: onoarea, via\u021ba privat\u0103 \u0219i propria imagine.<\/span><\/li>\n<li style=\"font-weight: 400;\"><span style=\"font-weight: 400;\">Proprietatea intelectual\u0103: legile privind muzicale \u0219i audiovizuale. \u00cenc\u0103lcarea drepturilor de proprietate intelectual\u0103. Plagiat.  <\/span><\/li>\n<li style=\"font-weight: 400;\"><span style=\"font-weight: 400;\">Fraude electronice. Fraud\u0103 pe Internet. Scurgerile de informa\u021bii. Marc\u0103 comercial\u0103 abuziv\u0103.   <\/span><\/li>\n<li style=\"font-weight: 400;\"><span style=\"font-weight: 400;\">Procedurile pentru a recupera domeniile \u00eenainte de OMPI.<\/span><\/li>\n<li style=\"font-weight: 400;\"><span style=\"font-weight: 400;\">R\u0103spunderea: R\u0103spunderea pentru produsele cu defect. Pecuniare r\u0103spundere ale administra\u021biilor publice. R\u0103spunderea extracontractual\u0103.  <\/span><\/li>\n<li style=\"font-weight: 400;\"><span style=\"font-weight: 400;\">Imobiliare \u0219i de afaceri: defecte de construc\u021bie. Construc\u021bii de defecte. Procedurile \u00een materie de licen\u021be, sanc\u021biuni, de etan\u0219are de unit\u0103\u021bi, etc.  <\/span><\/li>\n<li style=\"font-weight: 400;\"><span style=\"font-weight: 400;\">Procedurile de arbitraj, at\u00e2t interne, c\u00e2t \u0219i Interna\u021bionale (Civile \u0219i Comerciale Tribunal de Arbitraj, Camera de Comer\u021b, Institu\u021bionale, Arbitraj, etc.)<\/span><\/li>\n<li style=\"font-weight: 400;\"><span style=\"font-weight: 400;\">Procedurile de evacuare<\/span><\/li>\n<li style=\"font-weight: 400;\"><span style=\"font-weight: 400;\">Cadrul procedurilor penale<\/span><\/li>\n<\/ul>\n<p><span style=\"font-weight: 400;\">\u00cen plus fa\u021b\u0103 de oferind o gam\u0103 complet\u0103 de servicii de litigii, echipa noastr\u0103 ofer\u0103 consultan\u021b\u0103 strategic\u0103 privind solu\u021bionarea litigiilor \u0219i strategiile de ap\u0103rare juridic\u0103 \u00een diverse arii de practica. Indiferent dac\u0103 este intern\u0103 sau interna\u021bional\u0103 corporative \u0219i litigii comerciale, alb-guler infrac\u021biuni sau litigii de proprietate intelectual\u0103, ne-am angajat s\u0103 protejeze interesele clien\u021bilor no\u0219tri. <\/span><\/p>\n<p><span style=\"font-weight: 400;\">Cu expertiza noastr\u0103 \u00een cadrul procedurilor administrative, ac\u021biuni de punere \u00een aplicare, \u0219i de asisten\u021b\u0103 juridic\u0103 interna\u021bional\u0103, \u00eencredere \u00een noi pentru a naviga-\u021bi de provoc\u0103ri legale \u00een mod eficient \u0219i de a ob\u021bine rezultate favorabile. Contacta\u021bi-ne ast\u0103zi pentru a afla cum v\u0103 putem ajuta \u00een rezolvarea corporative \u0219i litigii comerciale \u00een Spania \u0219i dincolo. <\/span>[\/vc_column_text][nectar_btn size=&#8221;medium&#8221; constrain_group_1=&#8221;yes&#8221; button_style=&#8221;regular&#8221; button_color_2=&#8221;Accent-Color&#8221; icon_family=&#8221;none&#8221; text=&#8221;Programa o Consultare&#8221; margin_top=&#8221;15&#8243; margin_bottom=&#8221;15&#8243; url=&#8221;\/consultation\/&#8221;][\/vc_column_inner][\/vc_row_inner][\/vc_column][vc_column column_padding=&#8221;padding-5-percent&#8221; column_padding_tablet=&#8221;inherit&#8221; column_padding_phone=&#8221;inherit&#8221; column_padding_position=&#8221;all&#8221; column_element_spacing=&#8221;default&#8221; background_color_opacity=&#8221;1&#8243; background_hover_color_opacity=&#8221;1&#8243; background_image=&#8221;3098&#8243; background_image_position=&#8221;right center&#8221; enable_bg_scale=&#8221;true&#8221; background_image_loading=&#8221;default&#8221; column_shadow=&#8221;none&#8221; column_border_radius=&#8221;none&#8221; column_link_target=&#8221;_self&#8221; column_position=&#8221;default&#8221; advanced_gradient_angle=&#8221;0&#8243; gradient_direction=&#8221;left_to_right&#8221; overlay_strength=&#8221;0.3&#8243; width=&#8221;1\/2&#8243; tablet_width_inherit=&#8221;default&#8221; tablet_text_alignment=&#8221;default&#8221; phone_text_alignment=&#8221;default&#8221; animation_type=&#8221;default&#8221; bg_image_animation=&#8221;zoom-out-reveal&#8221; border_type=&#8221;simple&#8221; column_border_width=&#8221;none&#8221; column_border_style=&#8221;solid&#8221; gradient_type=&#8221;default&#8221;][divider line_type=&#8221;No Line&#8221; custom_height=&#8221;300&#8243;][\/vc_column][\/vc_row][vc_row type=&#8221;full_width_background&#8221; full_screen_row_position=&#8221;middle&#8221; column_margin=&#8221;default&#8221; equal_height=&#8221;yes&#8221; content_placement=&#8221;middle&#8221; column_direction=&#8221;default&#8221; column_direction_tablet=&#8221;default&#8221; column_direction_phone=&#8221;default&#8221; bg_color=&#8221;#f6f6f6&#8243; scene_position=&#8221;center&#8221; top_padding=&#8221;2%&#8221; bottom_padding=&#8221;3%&#8221; text_color=&#8221;light&#8221; text_align=&#8221;left&#8221; row_border_radius=&#8221;none&#8221; row_border_radius_applies=&#8221;bg&#8221; overflow=&#8221;visible&#8221; overlay_strength=&#8221;1&#8243; gradient_direction=&#8221;top_to_bottom&#8221; shape_divider_color=&#8221;#f4f4f4&#8243; shape_divider_position=&#8221;bottom&#8221; shape_divider_height=&#8221;40%&#8221; bg_image_animation=&#8221;none&#8221; shape_type=&#8221;curve_opacity&#8221;][vc_column column_padding=&#8221;no-extra-padding&#8221; column_padding_tablet=&#8221;inherit&#8221; column_padding_phone=&#8221;inherit&#8221; column_padding_position=&#8221;right&#8221; column_element_spacing=&#8221;default&#8221; background_color_opacity=&#8221;1&#8243; background_hover_color_opacity=&#8221;1&#8243; column_shadow=&#8221;none&#8221; column_border_radius=&#8221;none&#8221; column_link_target=&#8221;_self&#8221; column_position=&#8221;default&#8221; gradient_direction=&#8221;left_to_right&#8221; overlay_strength=&#8221;0.3&#8243; width=&#8221;1\/1&#8243; tablet_width_inherit=&#8221;default&#8221; tablet_text_alignment=&#8221;default&#8221; phone_text_alignment=&#8221;default&#8221; animation_type=&#8221;default&#8221; bg_image_animation=&#8221;none&#8221; border_type=&#8221;simple&#8221; column_border_width=&#8221;none&#8221; column_border_style=&#8221;solid&#8221;][vc_row_inner column_margin=&#8221;default&#8221; column_direction=&#8221;default&#8221; column_direction_tablet=&#8221;default&#8221; column_direction_phone=&#8221;default&#8221; bottom_padding=&#8221;2%&#8221; text_align=&#8221;left&#8221; row_position=&#8221;default&#8221; row_position_tablet=&#8221;inherit&#8221; row_position_phone=&#8221;inherit&#8221; overflow=&#8221;visible&#8221; pointer_events=&#8221;all&#8221;][vc_column_inner column_padding=&#8221;no-extra-padding&#8221; column_padding_tablet=&#8221;inherit&#8221; column_padding_phone=&#8221;inherit&#8221; column_padding_position=&#8221;all&#8221; column_element_spacing=&#8221;default&#8221; background_color_opacity=&#8221;1&#8243; background_hover_color_opacity=&#8221;1&#8243; column_shadow=&#8221;none&#8221; column_border_radius=&#8221;none&#8221; column_link_target=&#8221;_self&#8221; gradient_direction=&#8221;left_to_right&#8221; overlay_strength=&#8221;0.3&#8243; width=&#8221;1\/6&#8243; tablet_width_inherit=&#8221;default&#8221; animation_type=&#8221;default&#8221; bg_image_animation=&#8221;none&#8221; border_type=&#8221;simple&#8221; column_border_width=&#8221;none&#8221; column_border_style=&#8221;solid&#8221;][\/vc_column_inner][vc_column_inner column_padding=&#8221;no-extra-padding&#8221; column_padding_tablet=&#8221;inherit&#8221; column_padding_phone=&#8221;inherit&#8221; column_padding_position=&#8221;all&#8221; top_margin=&#8221;2%&#8221; column_element_spacing=&#8221;default&#8221; centered_text=&#8221;true&#8221; background_color_opacity=&#8221;1&#8243; background_hover_color_opacity=&#8221;1&#8243; font_color=&#8221;#1f360f&#8221; column_shadow=&#8221;none&#8221; column_border_radius=&#8221;none&#8221; column_link_target=&#8221;_self&#8221; gradient_direction=&#8221;left_to_right&#8221; overlay_strength=&#8221;0.3&#8243; width=&#8221;2\/3&#8243; tablet_width_inherit=&#8221;default&#8221; animation_type=&#8221;default&#8221; bg_image_animation=&#8221;none&#8221; border_type=&#8221;simple&#8221; column_border_width=&#8221;none&#8221; column_border_style=&#8221;solid&#8221;][split_line_heading animation_type=&#8221;default&#8221;]\n<h3>LEGAT PARTENERI<\/h3>\n[\/split_line_heading][\/vc_column_inner][vc_column_inner column_padding=&#8221;no-extra-padding&#8221; column_padding_tablet=&#8221;inherit&#8221; column_padding_phone=&#8221;inherit&#8221; column_padding_position=&#8221;all&#8221; column_element_spacing=&#8221;default&#8221; background_color_opacity=&#8221;1&#8243; background_hover_color_opacity=&#8221;1&#8243; column_shadow=&#8221;none&#8221; column_border_radius=&#8221;none&#8221; column_link_target=&#8221;_self&#8221; gradient_direction=&#8221;left_to_right&#8221; overlay_strength=&#8221;0.3&#8243; width=&#8221;1\/6&#8243; tablet_width_inherit=&#8221;default&#8221; animation_type=&#8221;default&#8221; bg_image_animation=&#8221;none&#8221; border_type=&#8221;simple&#8221; column_border_width=&#8221;none&#8221; column_border_style=&#8221;solid&#8221;][\/vc_column_inner][\/vc_row_inner][vc_row_inner column_margin=&#8221;20px&#8221; column_direction=&#8221;default&#8221; column_direction_tablet=&#8221;default&#8221; column_direction_phone=&#8221;default&#8221; text_align=&#8221;left&#8221; row_position=&#8221;default&#8221; row_position_tablet=&#8221;inherit&#8221; row_position_phone=&#8221;inherit&#8221; overflow=&#8221;visible&#8221; pointer_events=&#8221;all&#8221;][vc_column_inner column_padding=&#8221;no-extra-padding&#8221; column_padding_tablet=&#8221;inherit&#8221; column_padding_phone=&#8221;inherit&#8221; column_padding_position=&#8221;all&#8221; column_element_spacing=&#8221;default&#8221; background_color_opacity=&#8221;1&#8243; background_hover_color_opacity=&#8221;1&#8243; column_shadow=&#8221;none&#8221; column_border_radius=&#8221;none&#8221; column_link_target=&#8221;_self&#8221; gradient_direction=&#8221;left_to_right&#8221; overlay_strength=&#8221;0.3&#8243; width=&#8221;1\/4&#8243; tablet_width_inherit=&#8221;default&#8221; animation_type=&#8221;default&#8221; enable_animation=&#8221;true&#8221; animation=&#8221;fade-in-from-bottom&#8221; bg_image_animation=&#8221;none&#8221; border_type=&#8221;simple&#8221; column_border_width=&#8221;none&#8221; column_border_style=&#8221;solid&#8221;][\/vc_column_inner][vc_column_inner column_padding=&#8221;no-extra-padding&#8221; column_padding_tablet=&#8221;inherit&#8221; column_padding_phone=&#8221;inherit&#8221; column_padding_position=&#8221;all&#8221; column_element_spacing=&#8221;default&#8221; background_color_opacity=&#8221;1&#8243; background_hover_color_opacity=&#8221;1&#8243; column_shadow=&#8221;none&#8221; column_border_radius=&#8221;none&#8221; column_link_target=&#8221;_self&#8221; gradient_direction=&#8221;left_to_right&#8221; overlay_strength=&#8221;0.3&#8243; width=&#8221;1\/4&#8243; tablet_width_inherit=&#8221;default&#8221; animation_type=&#8221;default&#8221; enable_animation=&#8221;true&#8221; animation=&#8221;fade-in-from-bottom&#8221; bg_image_animation=&#8221;none&#8221; border_type=&#8221;simple&#8221; column_border_width=&#8221;none&#8221; column_border_style=&#8221;solid&#8221; delay=&#8221;100&#8243;][fancy_box box_style=&#8221;parallax_hover&#8221; icon_family=&#8221;none&#8221; image_url=&#8221;3951&#8243; parallax_hover_box_alignment=&#8221;bottom&#8221; parallax_hover_box_overlay_opacity=&#8221;0.2&#8243; parallax_hover_box_overlay_opacity_hover=&#8221;0.2&#8243; border_radius=&#8221;5px&#8221; image_loading=&#8221;lazy-load&#8221; color_scheme=&#8221;dark&#8221; secondary_content=&#8221;here&#8217;s some awesome text that would only be shown on hover&#8221; min_height=&#8221;350&#8243; link_url=&#8221;\/ro\/ignacio-jove-rius\/&#8221;]\n<h5>IGNACIO JOV\u00c9 RIUS<\/h5>\n[\/fancy_box][\/vc_column_inner][vc_column_inner column_padding=&#8221;no-extra-padding&#8221; column_padding_tablet=&#8221;inherit&#8221; column_padding_phone=&#8221;inherit&#8221; column_padding_position=&#8221;all&#8221; column_element_spacing=&#8221;default&#8221; background_color_opacity=&#8221;1&#8243; background_hover_color_opacity=&#8221;1&#8243; column_shadow=&#8221;none&#8221; column_border_radius=&#8221;none&#8221; column_link_target=&#8221;_self&#8221; gradient_direction=&#8221;left_to_right&#8221; overlay_strength=&#8221;0.3&#8243; width=&#8221;1\/4&#8243; tablet_width_inherit=&#8221;default&#8221; animation_type=&#8221;default&#8221; enable_animation=&#8221;true&#8221; animation=&#8221;fade-in-from-bottom&#8221; bg_image_animation=&#8221;none&#8221; border_type=&#8221;simple&#8221; column_border_width=&#8221;none&#8221; column_border_style=&#8221;solid&#8221; delay=&#8221;200&#8243;][\/vc_column_inner][vc_column_inner column_padding=&#8221;no-extra-padding&#8221; column_padding_tablet=&#8221;inherit&#8221; column_padding_phone=&#8221;inherit&#8221; column_padding_position=&#8221;all&#8221; column_element_spacing=&#8221;default&#8221; background_color_opacity=&#8221;1&#8243; background_hover_color_opacity=&#8221;1&#8243; column_shadow=&#8221;none&#8221; column_border_radius=&#8221;none&#8221; column_link_target=&#8221;_self&#8221; gradient_direction=&#8221;left_to_right&#8221; overlay_strength=&#8221;0.3&#8243; width=&#8221;1\/4&#8243; tablet_width_inherit=&#8221;default&#8221; animation_type=&#8221;default&#8221; bg_image_animation=&#8221;none&#8221; border_type=&#8221;simple&#8221; column_border_width=&#8221;none&#8221; column_border_style=&#8221;solid&#8221;][\/vc_column_inner][\/vc_row_inner][\/vc_column][\/vc_row][vc_row type=&#8221;full_width_content&#8221; full_screen_row_position=&#8221;middle&#8221; column_margin=&#8221;default&#8221; column_direction=&#8221;default&#8221; column_direction_tablet=&#8221;default&#8221; column_direction_phone=&#8221;default&#8221; bg_color=&#8221;#ffffff&#8221; scene_position=&#8221;center&#8221; top_padding=&#8221;4%&#8221; bottom_padding=&#8221;0%&#8221; text_color=&#8221;light&#8221; text_align=&#8221;left&#8221; row_border_radius=&#8221;none&#8221; row_border_radius_applies=&#8221;bg&#8221; overflow=&#8221;visible&#8221; overlay_strength=&#8221;0.3&#8243; gradient_direction=&#8221;left_to_right&#8221; enable_shape_divider=&#8221;true&#8221; shape_divider_color=&#8221;#f6f6f6&#8243; shape_divider_position=&#8221;top&#8221; shape_divider_height=&#8221;50%&#8221; bg_image_animation=&#8221;none&#8221; shape_type=&#8221;straight_section&#8221;][vc_column column_padding=&#8221;no-extra-padding&#8221; column_padding_tablet=&#8221;inherit&#8221; column_padding_phone=&#8221;inherit&#8221; column_padding_position=&#8221;all&#8221; column_element_spacing=&#8221;default&#8221; background_color_opacity=&#8221;1&#8243; background_hover_color_opacity=&#8221;1&#8243; column_shadow=&#8221;none&#8221; column_border_radius=&#8221;none&#8221; column_link_target=&#8221;_self&#8221; column_position=&#8221;default&#8221; gradient_direction=&#8221;left_to_right&#8221; overlay_strength=&#8221;0.3&#8243; width=&#8221;1\/1&#8243; tablet_width_inherit=&#8221;default&#8221; tablet_text_alignment=&#8221;default&#8221; phone_text_alignment=&#8221;default&#8221; animation_type=&#8221;default&#8221; bg_image_animation=&#8221;none&#8221; border_type=&#8221;simple&#8221; column_border_width=&#8221;none&#8221; column_border_style=&#8221;solid&#8221;][vc_custom_heading text=&#8221;Articole Legate De&#8221; font_container=&#8221;tag:h3|text_align:center|color:%231f360f&#8221; use_theme_fonts=&#8221;yes&#8221; css=&#8221;.vc_custom_1602094746314{margin-bottom: 5% !important;}&#8221;][divider line_type=&#8221;No Line&#8221; custom_height=&#8221;20&#8243;][recent_posts style=&#8221;slider_multiple_visible&#8221; columns=&#8221;4&#8243; button_color=&#8221;Accent-Color&#8221; hover_shadow_type=&#8221;dark&#8221; category=&#8221;blog-ro&#8221; order=&#8221;DESC&#8221; orderby=&#8221;date&#8221; image_loading=&#8221;default&#8221; posts_per_page=&#8221;6&#8243;][\/vc_column][\/vc_row]\n","protected":false},"excerpt":{"rendered":"<p>[vc_row type=&#8221;in_container&#8221; full_screen_row_position=&#8221;middle&#8221; column_margin=&#8221;default&#8221; column_direction=&#8221;default&#8221; column_direction_tablet=&#8221;default&#8221; column_direction_phone=&#8221;default&#8221; scene_position=&#8221;center&#8221; text_color=&#8221;dark&#8221; text_align=&#8221;left&#8221; row_border_radius=&#8221;none&#8221; row_border_radius_applies=&#8221;bg&#8221; overflow=&#8221;visible&#8221; overlay_strength=&#8221;0.3&#8243; gradient_direction=&#8221;left_to_right&#8221; shape_divider_position=&#8221;bottom&#8221; bg_image_animation=&#8221;none&#8221; shape_type=&#8221;&#8221;][vc_column column_padding=&#8221;no-extra-padding&#8221; column_padding_tablet=&#8221;inherit&#8221; column_padding_phone=&#8221;inherit&#8221; column_padding_position=&#8221;all&#8221; column_element_spacing=&#8221;default&#8221; background_color_opacity=&#8221;1&#8243; background_hover_color_opacity=&#8221;1&#8243; column_shadow=&#8221;none&#8221; column_border_radius=&#8221;none&#8221; column_link_target=&#8221;_self&#8221; column_position=&#8221;default&#8221; gradient_direction=&#8221;left_to_right&#8221;&#8230;<\/p>\n","protected":false},"author":1,"featured_media":0,"parent":0,"menu_order":0,"comment_status":"closed","ping_status":"closed","template":"","meta":{"footnotes":""},"class_list":["post-5908","page","type-page","status-publish"],"_links":{"self":[{"href":"https:\/\/intlaw.servidorbeta.es\/ro\/wp-json\/wp\/v2\/pages\/5908","targetHints":{"allow":["GET"]}}],"collection":[{"href":"https:\/\/intlaw.servidorbeta.es\/ro\/wp-json\/wp\/v2\/pages"}],"about":[{"href":"https:\/\/intlaw.servidorbeta.es\/ro\/wp-json\/wp\/v2\/types\/page"}],"author":[{"embeddable":true,"href":"https:\/\/intlaw.servidorbeta.es\/ro\/wp-json\/wp\/v2\/users\/1"}],"replies":[{"embeddable":true,"href":"https:\/\/intlaw.servidorbeta.es\/ro\/wp-json\/wp\/v2\/comments?post=5908"}],"version-history":[{"count":2,"href":"https:\/\/intlaw.servidorbeta.es\/ro\/wp-json\/wp\/v2\/pages\/5908\/revisions"}],"predecessor-version":[{"id":5912,"href":"https:\/\/intlaw.servidorbeta.es\/ro\/wp-json\/wp\/v2\/pages\/5908\/revisions\/5912"}],"wp:attachment":[{"href":"https:\/\/intlaw.servidorbeta.es\/ro\/wp-json\/wp\/v2\/media?parent=5908"}],"curies":[{"name":"wp","href":"https:\/\/api.w.org\/{rel}","templated":true}]}}