{"id":5870,"date":"2020-09-22T18:52:38","date_gmt":"2020-09-22T17:52:38","guid":{"rendered":"https:\/\/intlaw.servidorbeta.es\/ignacio-jove-rius\/"},"modified":"2026-03-25T08:20:46","modified_gmt":"2026-03-25T07:20:46","slug":"ignacio-jove-rius","status":"publish","type":"page","link":"https:\/\/intlaw.servidorbeta.es\/ro\/ignacio-jove-rius\/","title":{"rendered":"Ignacio Jov\u00e9 Rius"},"content":{"rendered":"[vc_row type=&#8221;in_container&#8221; full_screen_row_position=&#8221;middle&#8221; column_margin=&#8221;default&#8221; column_direction=&#8221;default&#8221; column_direction_tablet=&#8221;default&#8221; column_direction_phone=&#8221;default&#8221; scene_position=&#8221;center&#8221; text_color=&#8221;dark&#8221; text_align=&#8221;left&#8221; row_border_radius=&#8221;none&#8221; row_border_radius_applies=&#8221;bg&#8221; overflow=&#8221;visible&#8221; overlay_strength=&#8221;0.3&#8243; gradient_direction=&#8221;left_to_right&#8221; shape_divider_position=&#8221;bottom&#8221; bg_image_animation=&#8221;none&#8221; shape_type=&#8221;&#8221;][vc_column column_padding=&#8221;no-extra-padding&#8221; column_padding_tablet=&#8221;inherit&#8221; column_padding_phone=&#8221;inherit&#8221; column_padding_position=&#8221;all&#8221; column_element_spacing=&#8221;default&#8221; background_color_opacity=&#8221;1&#8243; background_hover_color_opacity=&#8221;1&#8243; column_shadow=&#8221;none&#8221; column_border_radius=&#8221;none&#8221; column_link_target=&#8221;_self&#8221; column_position=&#8221;default&#8221; gradient_direction=&#8221;left_to_right&#8221; overlay_strength=&#8221;0.3&#8243; width=&#8221;1\/1&#8243; tablet_width_inherit=&#8221;default&#8221; tablet_text_alignment=&#8221;default&#8221; phone_text_alignment=&#8221;default&#8221; animation_type=&#8221;default&#8221; bg_image_animation=&#8221;none&#8221; border_type=&#8221;simple&#8221; column_border_width=&#8221;none&#8221; column_border_style=&#8221;solid&#8221;][vc_custom_heading text=&#8221;IGNACIO JOV\u00c9 RIUS (Avocat)&#8221; font_container=&#8221;tag:h4|text_align:left|color:%231f360f&#8221; use_theme_fonts=&#8221;yes&#8221;][divider line_type=&#8221;Small Line&#8221; line_alignment=&#8221;default&#8221; line_thickness=&#8221;2&#8243; divider_color=&#8221;accent-color&#8221; animate=&#8221;yes&#8221; custom_line_width=&#8221;60&#8243;][\/vc_column][\/vc_row][vc_row type=&#8221;full_width_background&#8221; full_screen_row_position=&#8221;middle&#8221; column_margin=&#8221;50px&#8221; column_direction=&#8221;default&#8221; column_direction_tablet=&#8221;default&#8221; column_direction_phone=&#8221;default&#8221; scene_position=&#8221;center&#8221; top_padding=&#8221;0&#8243; bottom_padding=&#8221;5%&#8221; text_color=&#8221;dark&#8221; text_align=&#8221;left&#8221; row_border_radius=&#8221;none&#8221; row_border_radius_applies=&#8221;bg&#8221; overflow=&#8221;visible&#8221; id=&#8221;about&#8221; overlay_strength=&#8221;0.3&#8243; gradient_direction=&#8221;left_to_right&#8221; shape_divider_position=&#8221;bottom&#8221; bg_image_animation=&#8221;none&#8221; shape_type=&#8221;&#8221;][vc_column column_padding=&#8221;no-extra-padding&#8221; column_padding_tablet=&#8221;inherit&#8221; column_padding_phone=&#8221;inherit&#8221; column_padding_position=&#8221;all&#8221; column_element_spacing=&#8221;default&#8221; background_color_opacity=&#8221;1&#8243; background_hover_color_opacity=&#8221;1&#8243; column_shadow=&#8221;none&#8221; column_border_radius=&#8221;none&#8221; column_link_target=&#8221;_self&#8221; column_position=&#8221;default&#8221; boxed=&#8221;true&#8221; gradient_direction=&#8221;left_to_right&#8221; overlay_strength=&#8221;0.3&#8243; width=&#8221;2\/5&#8243; tablet_width_inherit=&#8221;default&#8221; tablet_text_alignment=&#8221;default&#8221; phone_text_alignment=&#8221;default&#8221; animation_type=&#8221;default&#8221; bg_image_animation=&#8221;none&#8221; border_type=&#8221;simple&#8221; column_border_width=&#8221;none&#8221; column_border_style=&#8221;solid&#8221;][image_with_animation image_url=&#8221;3951&#8243; image_size=&#8221;full&#8221; animation_type=&#8221;entrance&#8221; animation=&#8221;Fade In&#8221; hover_animation=&#8221;none&#8221; alignment=&#8221;&#8221; border_radius=&#8221;none&#8221; box_shadow=&#8221;none&#8221; image_loading=&#8221;default&#8221; max_width=&#8221;100%&#8221; max_width_mobile=&#8221;default&#8221;][split_line_heading animation_type=&#8221;line-reveal-by-space&#8221; font_style=&#8221;h5&#8243; text_color=&#8221;#0a0a0a&#8221; line_reveal_by_space_text_effect=&#8221;default&#8221; content_alignment=&#8221;default&#8221; mobile_content_alignment=&#8221;inherit&#8221; link_target=&#8221;_self&#8221; text_content=&#8221;IGNACIO JOV\u00c9 RIUS (PARTENER FONDATOR)&#8221; max_width=&#8221;450&#8243;][\/split_line_heading][vc_column_text css=&#8221;.vc_custom_1604351271817{padding-top: 0px !important;}&#8221;]Mail: ij@intlaw.eu<br \/>\nTelefon: +34 931 125 423<br \/>\n<a href=\"https:\/\/www.linkedin.com\/in\/ignacio-jov%C3%A9-rius-24132814\/\" rel=\"nofollow noopener\" target=\"_blank\">Al\u0103tura\u021bi-v\u0103 re\u021belei mele LinkedIn<\/a>[\/vc_column_text][vc_column_text]\n<h5>Birouri:<\/h5>\n<p>Spania<\/p>\n<h5>Arii De Practica:<\/h5>\n<p><span style=\"font-weight: 400;\"><a href=\"\/ro\/international-litigii\/\">Litigii<\/a>, <a href=\"\/ro\/international-litigii\/\">Drept penal,<\/a> <a href=\"\/ro\/international-litigii\/\">Criminalitatea cu guler alb<\/a>, <a href=\"\/ro\/international-litigii\/\">Conformitate penal<\/a>\u0103, <a href=\"\/ro\/international-litigii\/\">Drept civil,<\/a> <a href=\"\/ro\/international-litigii\/\">Legea privind r\u0103spunderea civil\u0103 delictual\u0103<\/a><\/span><\/p>\n<h5>Limbi:<\/h5>\n<p>Spaniol\u0103, Catalan\u0103, Englez\u0103<\/p>\n<h5>Admitere:<\/h5>\n<p>Toate Instan\u021bele Spaniole[\/vc_column_text][\/vc_column][vc_column column_padding=&#8221;padding-2-percent&#8221; column_padding_tablet=&#8221;inherit&#8221; column_padding_phone=&#8221;inherit&#8221; column_padding_position=&#8221;left-right&#8221; column_element_spacing=&#8221;default&#8221; background_color_opacity=&#8221;1&#8243; background_hover_color_opacity=&#8221;1&#8243; column_shadow=&#8221;none&#8221; column_border_radius=&#8221;none&#8221; column_link_target=&#8221;_self&#8221; column_position=&#8221;default&#8221; gradient_direction=&#8221;left_to_right&#8221; overlay_strength=&#8221;0.3&#8243; width=&#8221;3\/5&#8243; tablet_width_inherit=&#8221;default&#8221; tablet_text_alignment=&#8221;default&#8221; phone_text_alignment=&#8221;default&#8221; animation_type=&#8221;default&#8221; bg_image_animation=&#8221;none&#8221; border_type=&#8221;simple&#8221; column_border_width=&#8221;none&#8221; column_border_style=&#8221;solid&#8221;][vc_row_inner column_margin=&#8221;default&#8221; column_direction=&#8221;default&#8221; column_direction_tablet=&#8221;default&#8221; column_direction_phone=&#8221;default&#8221; text_align=&#8221;left&#8221; row_position=&#8221;default&#8221; row_position_tablet=&#8221;inherit&#8221; row_position_phone=&#8221;inherit&#8221; overflow=&#8221;visible&#8221; pointer_events=&#8221;all&#8221;][vc_column_inner column_padding=&#8221;padding-2-percent&#8221; column_padding_tablet=&#8221;inherit&#8221; column_padding_phone=&#8221;inherit&#8221; column_padding_position=&#8221;top&#8221; column_element_spacing=&#8221;default&#8221; background_color_opacity=&#8221;1&#8243; background_hover_color_opacity=&#8221;1&#8243; column_shadow=&#8221;none&#8221; column_border_radius=&#8221;none&#8221; column_link_target=&#8221;_self&#8221; gradient_direction=&#8221;left_to_right&#8221; overlay_strength=&#8221;0.3&#8243; width=&#8221;1\/1&#8243; tablet_width_inherit=&#8221;default&#8221; animation_type=&#8221;default&#8221; enable_animation=&#8221;true&#8221; animation=&#8221;fade-in-from-bottom&#8221; bg_image_animation=&#8221;none&#8221; border_type=&#8221;simple&#8221; column_border_width=&#8221;none&#8221; column_border_style=&#8221;solid&#8221;][vc_column_text max_width=&#8221;800&#8243;]Ignacio Jov\u00e9 is a founding partner in Intlaw. He is director of the Civil Litigation and Criminal Law departments. Ignacio has extensive experience in advising national and multinational companies on litigious commercial matters.  <\/p>\n<p>He specializes in Civil procedure, Criminal Law and White collar crime procedures, Contract law litigation, the Law of torts, and Real estate matters litigation. In the Civil procedure remit, he has represented numerous clients on the preparation and presentation of appeals and the seeking of extraordinary remedies for infringements before the Supreme Court. <\/p>\n<p>In his criminal practice, he has headed up many \u2018corporate defense\u2019 matters for national and international companies, developing diagnostic protocols and preventative measures in accordance with the requirements of the Penal code.<\/p>\n<p>In addition, he specializes in criminal offences relating to business activities and private individuals on criminal matters, with a strong focus on matters that have an international component or connection. His experience includes representing clients in complex fraud cases, corporate crimes, offences relating to the securities markets and financial instruments, money laundering, and corruption in public and private economic transactions. <\/p>\n<p>Finally, he has extensive experience in defending and prosecuting proceedings before a jury in the highest courts in Spain.<\/p>\n<h5>QUALIFICATIONS AND PROFESSIONAL ASSOCIATIONS<\/h5>\n<ul>\n<li>Barcelona Bar Association \u2013 ICAB (Ilustre Colegio de la Abogac\u00eda de Barcelona).<\/li>\n<\/ul>\n<h5>EDUCA\u021aIE<\/h5>\n<ul>\n<li>Law Degree with honors, University of Barcelona.<\/li>\n<li>Master&#8217;s Degree in Law, Barcelona Bar Association &#8211; ICAB (Ilustre Colegio de la Abogac\u00eda de Barcelona).<\/li>\n<\/ul>\n[\/vc_column_text][\/vc_column_inner][\/vc_row_inner][\/vc_column][\/vc_row]\n","protected":false},"excerpt":{"rendered":"<p>[vc_row type=&#8221;in_container&#8221; full_screen_row_position=&#8221;middle&#8221; column_margin=&#8221;default&#8221; column_direction=&#8221;default&#8221; column_direction_tablet=&#8221;default&#8221; column_direction_phone=&#8221;default&#8221; scene_position=&#8221;center&#8221; text_color=&#8221;dark&#8221; text_align=&#8221;left&#8221; row_border_radius=&#8221;none&#8221; row_border_radius_applies=&#8221;bg&#8221; overflow=&#8221;visible&#8221; overlay_strength=&#8221;0.3&#8243; gradient_direction=&#8221;left_to_right&#8221; shape_divider_position=&#8221;bottom&#8221; bg_image_animation=&#8221;none&#8221; shape_type=&#8221;&#8221;][vc_column column_padding=&#8221;no-extra-padding&#8221; column_padding_tablet=&#8221;inherit&#8221; column_padding_phone=&#8221;inherit&#8221; column_padding_position=&#8221;all&#8221; column_element_spacing=&#8221;default&#8221; background_color_opacity=&#8221;1&#8243; background_hover_color_opacity=&#8221;1&#8243; column_shadow=&#8221;none&#8221; column_border_radius=&#8221;none&#8221; column_link_target=&#8221;_self&#8221; column_position=&#8221;default&#8221; gradient_direction=&#8221;left_to_right&#8221;&#8230;<\/p>\n","protected":false},"author":1,"featured_media":0,"parent":0,"menu_order":0,"comment_status":"closed","ping_status":"closed","template":"","meta":{"footnotes":""},"class_list":["post-5870","page","type-page","status-publish"],"_links":{"self":[{"href":"https:\/\/intlaw.servidorbeta.es\/ro\/wp-json\/wp\/v2\/pages\/5870","targetHints":{"allow":["GET"]}}],"collection":[{"href":"https:\/\/intlaw.servidorbeta.es\/ro\/wp-json\/wp\/v2\/pages"}],"about":[{"href":"https:\/\/intlaw.servidorbeta.es\/ro\/wp-json\/wp\/v2\/types\/page"}],"author":[{"embeddable":true,"href":"https:\/\/intlaw.servidorbeta.es\/ro\/wp-json\/wp\/v2\/users\/1"}],"replies":[{"embeddable":true,"href":"https:\/\/intlaw.servidorbeta.es\/ro\/wp-json\/wp\/v2\/comments?post=5870"}],"version-history":[{"count":3,"href":"https:\/\/intlaw.servidorbeta.es\/ro\/wp-json\/wp\/v2\/pages\/5870\/revisions"}],"predecessor-version":[{"id":6210,"href":"https:\/\/intlaw.servidorbeta.es\/ro\/wp-json\/wp\/v2\/pages\/5870\/revisions\/6210"}],"wp:attachment":[{"href":"https:\/\/intlaw.servidorbeta.es\/ro\/wp-json\/wp\/v2\/media?parent=5870"}],"curies":[{"name":"wp","href":"https:\/\/api.w.org\/{rel}","templated":true}]}}