{"id":5782,"date":"2026-02-03T15:13:33","date_gmt":"2026-02-03T14:13:33","guid":{"rendered":"https:\/\/intlaw.servidorbeta.es\/ariadna-lopez-purti\/"},"modified":"2026-03-24T18:50:28","modified_gmt":"2026-03-24T17:50:28","slug":"ariadna-lopez-purti","status":"publish","type":"page","link":"https:\/\/intlaw.servidorbeta.es\/ro\/ariadna-lopez-purti\/","title":{"rendered":"Ariadna L\u00f3pez Purt\u00ed"},"content":{"rendered":"[vc_row type=&#8221;in_container&#8221; full_screen_row_position=&#8221;middle&#8221; column_margin=&#8221;default&#8221; column_direction=&#8221;default&#8221; column_direction_tablet=&#8221;default&#8221; column_direction_phone=&#8221;default&#8221; scene_position=&#8221;center&#8221; text_color=&#8221;dark&#8221; text_align=&#8221;left&#8221; row_border_radius=&#8221;none&#8221; row_border_radius_applies=&#8221;bg&#8221; overflow=&#8221;visible&#8221; overlay_strength=&#8221;0.3&#8243; gradient_direction=&#8221;left_to_right&#8221; shape_divider_position=&#8221;bottom&#8221; bg_image_animation=&#8221;none&#8221;][vc_column column_padding=&#8221;no-extra-padding&#8221; column_padding_tablet=&#8221;inherit&#8221; column_padding_phone=&#8221;inherit&#8221; column_padding_position=&#8221;all&#8221; column_element_spacing=&#8221;default&#8221; background_color_opacity=&#8221;1&#8243; background_hover_color_opacity=&#8221;1&#8243; column_shadow=&#8221;none&#8221; column_border_radius=&#8221;none&#8221; column_link_target=&#8221;_self&#8221; column_position=&#8221;default&#8221; gradient_direction=&#8221;left_to_right&#8221; overlay_strength=&#8221;0.3&#8243; width=&#8221;1\/1&#8243; tablet_width_inherit=&#8221;default&#8221; tablet_text_alignment=&#8221;default&#8221; phone_text_alignment=&#8221;default&#8221; animation_type=&#8221;default&#8221; bg_image_animation=&#8221;none&#8221; border_type=&#8221;simple&#8221; column_border_width=&#8221;none&#8221; column_border_style=&#8221;solid&#8221;][vc_custom_heading text=&#8221;ARIADNA L\u00d3PEZ PURT\u00cd (jurist)&#8221; font_container=&#8221;tag:h4|text_align:left|color:%231f360f&#8221; use_theme_fonts=&#8221;yes&#8221;][divider line_type=&#8221;Small Line&#8221; line_alignment=&#8221;default&#8221; line_thickness=&#8221;2&#8243; divider_color=&#8221;accent-color&#8221; animate=&#8221;yes&#8221; custom_line_width=&#8221;60&#8243;][\/vc_column][\/vc_row][vc_row type=&#8221;in_container&#8221; full_screen_row_position=&#8221;middle&#8221; column_margin=&#8221;default&#8221; column_direction=&#8221;default&#8221; column_direction_tablet=&#8221;default&#8221; column_direction_phone=&#8221;default&#8221; scene_position=&#8221;center&#8221; text_color=&#8221;dark&#8221; text_align=&#8221;left&#8221; row_border_radius=&#8221;none&#8221; row_border_radius_applies=&#8221;bg&#8221; overflow=&#8221;visible&#8221; overlay_strength=&#8221;0.3&#8243; gradient_direction=&#8221;left_to_right&#8221; shape_divider_position=&#8221;bottom&#8221; bg_image_animation=&#8221;none&#8221;][vc_column column_padding=&#8221;no-extra-padding&#8221; column_padding_tablet=&#8221;inherit&#8221; column_padding_phone=&#8221;inherit&#8221; column_padding_position=&#8221;all&#8221; column_element_spacing=&#8221;default&#8221; background_color_opacity=&#8221;1&#8243; background_hover_color_opacity=&#8221;1&#8243; column_shadow=&#8221;none&#8221; column_border_radius=&#8221;none&#8221; column_link_target=&#8221;_self&#8221; column_position=&#8221;default&#8221; gradient_direction=&#8221;left_to_right&#8221; overlay_strength=&#8221;0.3&#8243; width=&#8221;1\/4&#8243; tablet_width_inherit=&#8221;default&#8221; tablet_text_alignment=&#8221;default&#8221; phone_text_alignment=&#8221;default&#8221; animation_type=&#8221;default&#8221; bg_image_animation=&#8221;none&#8221; border_type=&#8221;simple&#8221; column_border_width=&#8221;none&#8221; column_border_style=&#8221;solid&#8221;][image_with_animation image_url=&#8221;4226&#8243; image_size=&#8221;full&#8221; animation_type=&#8221;entrance&#8221; animation=&#8221;Fade In&#8221; hover_animation=&#8221;none&#8221; alignment=&#8221;&#8221; border_radius=&#8221;none&#8221; box_shadow=&#8221;none&#8221; image_loading=&#8221;default&#8221; max_width=&#8221;100%&#8221; max_width_mobile=&#8221;default&#8221;][split_line_heading animation_type=&#8221;line-reveal-by-space&#8221; font_style=&#8221;h5&#8243; text_color=&#8221;#0a0a0a&#8221; line_reveal_by_space_text_effect=&#8221;default&#8221; content_alignment=&#8221;default&#8221; mobile_content_alignment=&#8221;inherit&#8221; link_target=&#8221;_self&#8221; text_content=&#8221;ARIADNA L\u00d3PEZ PURT\u00cd (jurist)&#8221; max_width=&#8221;450&#8243;][\/split_line_heading][vc_column_text]Mail: alp@intlaw.eu<br \/>\nTelefon: +34 689 571 956<br \/>\n<a href=\"https:\/\/www.linkedin.com\/in\/ariadna-l%C3%B3pez-purt%C3%AD-386559227\/\" target=\"_blank\" rel=\"noopener nofollow\">Al\u0103tura\u021bi-v\u0103 re\u021belei mele LinkedIn<\/a>[\/vc_column_text][vc_column_text]\n<h5>Arii De Practica<\/h5>\n<p>&#8211; Dreptul familiei \u0219i al succesiunilor<br \/>\n&#8211; Drept comercial<br \/>\n&#8211; Conciliere<br \/>\n&#8211; Drept colaborativ<br \/>\n&#8211; Gestionarea rela\u021biilor personale \u0219i de afaceri<br \/>\n&#8211; Contracte con\u0219tiente \u0219i rela\u021bii contractuale cu o abordare etic\u0103 \u0219i rela\u021bional\u0103<\/p>\n<h5>Birouri:<\/h5>\n<p><span style=\"font-weight: 400;\">Spania<\/span><\/p>\n<h5>Limbi:<\/h5>\n<p><span style=\"font-weight: 400;\">Englez\u0103, spaniol\u0103 \u0219i catalan\u0103<br \/>\n<\/span><\/p>\n<h5><\/h5>\n[\/vc_column_text][\/vc_column][vc_column column_padding=&#8221;no-extra-padding&#8221; column_padding_tablet=&#8221;inherit&#8221; column_padding_phone=&#8221;inherit&#8221; column_padding_position=&#8221;all&#8221; column_element_spacing=&#8221;default&#8221; background_color_opacity=&#8221;1&#8243; background_hover_color_opacity=&#8221;1&#8243; column_shadow=&#8221;none&#8221; column_border_radius=&#8221;none&#8221; column_link_target=&#8221;_self&#8221; column_position=&#8221;default&#8221; gradient_direction=&#8221;left_to_right&#8221; overlay_strength=&#8221;0.3&#8243; width=&#8221;3\/4&#8243; tablet_width_inherit=&#8221;default&#8221; tablet_text_alignment=&#8221;default&#8221; phone_text_alignment=&#8221;default&#8221; animation_type=&#8221;default&#8221; bg_image_animation=&#8221;none&#8221; border_type=&#8221;simple&#8221; column_border_width=&#8221;none&#8221; column_border_style=&#8221;solid&#8221;][vc_column_text max_width=&#8221;800&#8243;]Ariadna L\u00f3pez Purt\u00ed este avocat membru al Baroului Barcelona, specializat \u00een dreptul familiei \u0219i dreptul succesiunilor, precum \u0219i \u00een rela\u021biile de afaceri.<\/p>\n<p>Este un avocat colaborativ acreditat de ACDC \u0219i un conciliator certificat de CICAC, cu formare \u00een negociere (Harvard), dreptul familiei sistemic \u0219i contracte con\u0219tiente. Abordarea sa este umanist\u0103 \u0219i interdisciplinar\u0103, integr\u00e2nd perspective juridice, emo\u021bionale, rela\u021bionale \u0219i sistemice pentru a sprijini persoanele \u00een prevenirea, gestionarea \u0219i solu\u021bionarea conflictelor, precum \u0219i \u00een procesele semnificative de tranzi\u021bie \u00een via\u021b\u0103. <\/p>\n<p>Ea \u00ee\u0219i dezvolt\u0103 practica profesional\u0103 dintr-o perspectiv\u0103 con\u0219tient\u0103 \u0219i responsabil\u0103, acord\u00e2nd prioritate dialogului, responsabilit\u0103\u021bii partajate \u0219i lu\u0103rii de decizii \u00een cuno\u0219tin\u021b\u0103 de cauz\u0103, at\u00e2t \u00een contexte familiale, c\u00e2t \u0219i de afaceri.<\/p>\n<p>Consiliaz\u0103 companii, profesioni\u0219ti \u0219i proiecte antreprenoriale \u00een ceea ce prive\u0219te redactarea, revizuirea \u0219i gestionarea contractelor con\u0219tiente, aliniind structurile juridice cu valorile, cultura organiza\u021bional\u0103 \u0219i calitatea rela\u021biilor, cu scopul de a preveni conflictele \u0219i de a promova parteneriate durabile, pe termen lung.<\/p>\n<p>Este lector \u00een cadrul masteratului \u00een metode adecvate de solu\u021bionare a conflictelor la Universitatea din Mexic \u0219i autoarea mai multor articole privind instrumentele epistemice \u0219i calit\u0103\u021bile esen\u021biale ale profesionistului colaborativ, publicate \u00een Iustitia (Italia \u0219i Argentina).<\/p>\n<p>Ea este, de asemenea, responsabil\u0103 de sec\u021biunea de tineret a <em>Asocia\u021biei Abogac\u00eda &amp; Conciencia \u0219i membru al Asocia\u021biei catalane de drept colaborativ.<\/em><\/p>\n<h5>APARTENEN\u021aE PROFESIONALE<\/h5>\n<ul>\n<li><strong>Lector \u00een institu\u021bii interna\u021bionale:<\/strong>\n<ul>\n<li>Lector universitar Master \u201cMetode alternative de solu\u021bionare a litigiilor \u0219i negociere\u201d la Universitatea din Mexic.<\/li>\n<li>Lector universitar Master \u201cProfesionistul colaborativ\u201d la Universitatea din Buenos Aires.<\/li>\n<\/ul>\n<\/li>\n<li>Membru al Consiliului de administra\u021bie a<em>l Asocia\u021biei Abogac\u00eda &amp; Conciencia.<\/em><\/li>\n<li>Ofi\u021ber coordonator la Asocia\u021bia catalan\u0103 de drept colaborativ (ACDC).<\/li>\n<li>Publica\u021bii \u00een Revista Iustitia &#8211; Universitatea din Pavia:<br \/>\n<em><em>Instrumente epistemice \u0219i calit\u0103\u021bi esen\u021biale pentru profesioni\u0219tii colaboratori: C\u0103tre o transformare con\u0219tient\u0103 a culturii juridice.<\/em><\/em><\/li>\n<\/ul>\n<h5>EDUCA\u021aIE<\/h5>\n<ul>\n<li>Master \u00een dreptul succesiunilor &#8211; Asocia\u021bia Baroului din Barcelona (ICAB)<\/li>\n<li>Formare \u00een conciliere &#8211; CICAC (Consiliul Catalan al Profesiei Juridice)<\/li>\n<li>Formare \u00een dreptul colaborativ &#8211; ICAB, Universitatea din Barcelona \u0219i ACDC<\/li>\n<li>Formare \u00een domeniul contractelor con\u0219tiente &#8211; Academia Interna\u021bional\u0103 a Profesioni\u0219tilor Colaborativi (SUA) \u0219i Asocia\u021bia Basc\u0103 de Drept Colaborativ<\/li>\n<li>Masterat \u00een practic\u0103 juridic\u0103 &#8211; Universitatea Pompeu Fabra, \u0218coala de Management<\/li>\n<li>Diplom\u0103 de licen\u021b\u0103 \u00een drept &#8211; Universitatea Pompeu Fabra<\/li>\n<\/ul>\n[\/vc_column_text][\/vc_column][\/vc_row]\n","protected":false},"excerpt":{"rendered":"<p>[vc_row type=&#8221;in_container&#8221; full_screen_row_position=&#8221;middle&#8221; column_margin=&#8221;default&#8221; column_direction=&#8221;default&#8221; column_direction_tablet=&#8221;default&#8221; column_direction_phone=&#8221;default&#8221; scene_position=&#8221;center&#8221; text_color=&#8221;dark&#8221; text_align=&#8221;left&#8221; row_border_radius=&#8221;none&#8221; row_border_radius_applies=&#8221;bg&#8221; overflow=&#8221;visible&#8221; overlay_strength=&#8221;0.3&#8243; gradient_direction=&#8221;left_to_right&#8221; shape_divider_position=&#8221;bottom&#8221; bg_image_animation=&#8221;none&#8221;][vc_column column_padding=&#8221;no-extra-padding&#8221; column_padding_tablet=&#8221;inherit&#8221; column_padding_phone=&#8221;inherit&#8221; column_padding_position=&#8221;all&#8221; column_element_spacing=&#8221;default&#8221; background_color_opacity=&#8221;1&#8243; background_hover_color_opacity=&#8221;1&#8243; column_shadow=&#8221;none&#8221; column_border_radius=&#8221;none&#8221; column_link_target=&#8221;_self&#8221; column_position=&#8221;default&#8221; gradient_direction=&#8221;left_to_right&#8221; overlay_strength=&#8221;0.3&#8243;&#8230;<\/p>\n","protected":false},"author":5,"featured_media":0,"parent":0,"menu_order":0,"comment_status":"closed","ping_status":"closed","template":"","meta":{"footnotes":""},"class_list":["post-5782","page","type-page","status-publish"],"_links":{"self":[{"href":"https:\/\/intlaw.servidorbeta.es\/ro\/wp-json\/wp\/v2\/pages\/5782","targetHints":{"allow":["GET"]}}],"collection":[{"href":"https:\/\/intlaw.servidorbeta.es\/ro\/wp-json\/wp\/v2\/pages"}],"about":[{"href":"https:\/\/intlaw.servidorbeta.es\/ro\/wp-json\/wp\/v2\/types\/page"}],"author":[{"embeddable":true,"href":"https:\/\/intlaw.servidorbeta.es\/ro\/wp-json\/wp\/v2\/users\/5"}],"replies":[{"embeddable":true,"href":"https:\/\/intlaw.servidorbeta.es\/ro\/wp-json\/wp\/v2\/comments?post=5782"}],"version-history":[{"count":2,"href":"https:\/\/intlaw.servidorbeta.es\/ro\/wp-json\/wp\/v2\/pages\/5782\/revisions"}],"predecessor-version":[{"id":5784,"href":"https:\/\/intlaw.servidorbeta.es\/ro\/wp-json\/wp\/v2\/pages\/5782\/revisions\/5784"}],"wp:attachment":[{"href":"https:\/\/intlaw.servidorbeta.es\/ro\/wp-json\/wp\/v2\/media?parent=5782"}],"curies":[{"name":"wp","href":"https:\/\/api.w.org\/{rel}","templated":true}]}}