{"id":5775,"date":"2020-09-22T19:56:53","date_gmt":"2020-09-22T18:56:53","guid":{"rendered":"https:\/\/intlaw.servidorbeta.es\/alexandru-lazar\/"},"modified":"2026-03-24T18:46:26","modified_gmt":"2026-03-24T17:46:26","slug":"alexandru-lazar","status":"publish","type":"page","link":"https:\/\/intlaw.servidorbeta.es\/ro\/alexandru-lazar\/","title":{"rendered":"Alexandru Lazar"},"content":{"rendered":"[vc_row type=&#8221;in_container&#8221; full_screen_row_position=&#8221;middle&#8221; column_margin=&#8221;default&#8221; column_direction=&#8221;default&#8221; column_direction_tablet=&#8221;default&#8221; column_direction_phone=&#8221;default&#8221; scene_position=&#8221;center&#8221; text_color=&#8221;dark&#8221; text_align=&#8221;left&#8221; row_border_radius=&#8221;none&#8221; row_border_radius_applies=&#8221;bg&#8221; overflow=&#8221;visible&#8221; overlay_strength=&#8221;0.3&#8243; gradient_direction=&#8221;left_to_right&#8221; shape_divider_position=&#8221;bottom&#8221; bg_image_animation=&#8221;none&#8221; shape_type=&#8221;&#8221;][vc_column column_padding=&#8221;no-extra-padding&#8221; column_padding_tablet=&#8221;inherit&#8221; column_padding_phone=&#8221;inherit&#8221; column_padding_position=&#8221;all&#8221; column_element_spacing=&#8221;default&#8221; background_color_opacity=&#8221;1&#8243; background_hover_color_opacity=&#8221;1&#8243; column_shadow=&#8221;none&#8221; column_border_radius=&#8221;none&#8221; column_link_target=&#8221;_self&#8221; column_position=&#8221;default&#8221; gradient_direction=&#8221;left_to_right&#8221; overlay_strength=&#8221;0.3&#8243; width=&#8221;1\/1&#8243; tablet_width_inherit=&#8221;default&#8221; tablet_text_alignment=&#8221;default&#8221; phone_text_alignment=&#8221;default&#8221; animation_type=&#8221;default&#8221; bg_image_animation=&#8221;none&#8221; border_type=&#8221;simple&#8221; column_border_width=&#8221;none&#8221; column_border_style=&#8221;solid&#8221;][vc_custom_heading text=&#8221;ALEXANDRU LAZAR (jurist)&#8221; font_container=&#8221;tag:h4|text_align:left|color:%231f360f&#8221; use_theme_fonts=&#8221;yes&#8221;][divider line_type=&#8221;Small Line&#8221; line_alignment=&#8221;default&#8221; line_thickness=&#8221;2&#8243; divider_color=&#8221;accent-color&#8221; animate=&#8221;yes&#8221; custom_line_width=&#8221;60&#8243;][\/vc_column][\/vc_row][vc_row type=&#8221;full_width_background&#8221; full_screen_row_position=&#8221;middle&#8221; column_margin=&#8221;50px&#8221; column_direction=&#8221;default&#8221; column_direction_tablet=&#8221;default&#8221; column_direction_phone=&#8221;default&#8221; scene_position=&#8221;center&#8221; top_padding=&#8221;0&#8243; bottom_padding=&#8221;5%&#8221; text_color=&#8221;dark&#8221; text_align=&#8221;left&#8221; row_border_radius=&#8221;none&#8221; row_border_radius_applies=&#8221;bg&#8221; overflow=&#8221;visible&#8221; id=&#8221;about&#8221; overlay_strength=&#8221;0.3&#8243; gradient_direction=&#8221;left_to_right&#8221; shape_divider_position=&#8221;bottom&#8221; bg_image_animation=&#8221;none&#8221; shape_type=&#8221;&#8221;][vc_column column_padding=&#8221;no-extra-padding&#8221; column_padding_tablet=&#8221;inherit&#8221; column_padding_phone=&#8221;inherit&#8221; column_padding_position=&#8221;all&#8221; column_element_spacing=&#8221;default&#8221; background_color_opacity=&#8221;1&#8243; background_hover_color_opacity=&#8221;1&#8243; column_shadow=&#8221;none&#8221; column_border_radius=&#8221;none&#8221; column_link_target=&#8221;_self&#8221; column_position=&#8221;default&#8221; boxed=&#8221;true&#8221; gradient_direction=&#8221;left_to_right&#8221; overlay_strength=&#8221;0.3&#8243; width=&#8221;2\/5&#8243; tablet_width_inherit=&#8221;default&#8221; tablet_text_alignment=&#8221;default&#8221; phone_text_alignment=&#8221;default&#8221; animation_type=&#8221;default&#8221; bg_image_animation=&#8221;none&#8221; border_type=&#8221;simple&#8221; column_border_width=&#8221;none&#8221; column_border_style=&#8221;solid&#8221;][image_with_animation image_url=&#8221;3934&#8243; image_size=&#8221;full&#8221; animation_type=&#8221;entrance&#8221; animation=&#8221;Fade In&#8221; hover_animation=&#8221;none&#8221; alignment=&#8221;&#8221; border_radius=&#8221;none&#8221; box_shadow=&#8221;none&#8221; image_loading=&#8221;default&#8221; max_width=&#8221;100%&#8221; max_width_mobile=&#8221;default&#8221;][split_line_heading animation_type=&#8221;line-reveal-by-space&#8221; font_style=&#8221;h5&#8243; text_color=&#8221;#0a0a0a&#8221; line_reveal_by_space_text_effect=&#8221;default&#8221; content_alignment=&#8221;default&#8221; mobile_content_alignment=&#8221;inherit&#8221; link_target=&#8221;_self&#8221; text_content=&#8221;ALEXANDRU LAZAR (PARTENER)&#8221; max_width=&#8221;450&#8243;][\/split_line_heading][vc_column_text css=&#8221;.vc_custom_1604351070766{padding-top: 0px !important;}&#8221;]Mail: al@intlaw.eu<br \/>Telefon: +34 931 125 423<br \/><a href=\"https:\/\/www.linkedin.com\/in\/alexandrulazar\/\" rel=\"nofollow noopener\" target=\"_blank\">Al\u0103tura\u021bi-v\u0103 re\u021belei mele LinkedIn<\/a>[\/vc_column_text][vc_column_text]\n<h5>Birouri:<\/h5>\n<p>Spania, <a href=\"\/central-eastern-europe-desk\/\">Central Eastern European Desk<\/a><\/p>\n<h5>Arii De Practica:<\/h5>\n<p><span style=\"font-weight: 400;\"><a href=\"\/international-corporate-and-commercial\/\">Corporate \u0219i M&amp;A<\/a>, <a href=\"\/international-compliance\/\">Contractual<\/a>, Respectarea, <a href=\"\/international-insolvency-and-restructuring\/\">Insolven\u021b\u0103<\/a>, <a href=\"\/international-real-estate\/\">Imobiliare<\/a>, <a href=\"\/international-litigation\/\">Drept interna\u021bional &amp; Arbitraj, Sports Law.<\/a><br \/><\/span><\/p>\n<h5>Limbi:<\/h5>\n<p>Spaniol\u0103, Rom\u00e2n\u0103, Englez\u0103, Catalan\u0103<\/p>\n<h5>Admitere:<\/h5>\n<p>Toate Instan\u021bele Spaniole[\/vc_column_text][\/vc_column][vc_column column_padding=&#8221;padding-2-percent&#8221; column_padding_tablet=&#8221;inherit&#8221; column_padding_phone=&#8221;inherit&#8221; column_padding_position=&#8221;left-right&#8221; column_element_spacing=&#8221;default&#8221; background_color_opacity=&#8221;1&#8243; background_hover_color_opacity=&#8221;1&#8243; column_shadow=&#8221;none&#8221; column_border_radius=&#8221;none&#8221; column_link_target=&#8221;_self&#8221; column_position=&#8221;default&#8221; gradient_direction=&#8221;left_to_right&#8221; overlay_strength=&#8221;0.3&#8243; width=&#8221;3\/5&#8243; tablet_width_inherit=&#8221;default&#8221; tablet_text_alignment=&#8221;default&#8221; phone_text_alignment=&#8221;default&#8221; animation_type=&#8221;default&#8221; bg_image_animation=&#8221;none&#8221; border_type=&#8221;simple&#8221; column_border_width=&#8221;none&#8221; column_border_style=&#8221;solid&#8221;][vc_row_inner column_margin=&#8221;default&#8221; column_direction=&#8221;default&#8221; column_direction_tablet=&#8221;default&#8221; column_direction_phone=&#8221;default&#8221; text_align=&#8221;left&#8221; row_position=&#8221;default&#8221; row_position_tablet=&#8221;inherit&#8221; row_position_phone=&#8221;inherit&#8221; overflow=&#8221;visible&#8221; pointer_events=&#8221;all&#8221;][vc_column_inner column_padding=&#8221;padding-2-percent&#8221; column_padding_tablet=&#8221;inherit&#8221; column_padding_phone=&#8221;inherit&#8221; column_padding_position=&#8221;top&#8221; column_element_spacing=&#8221;default&#8221; background_color_opacity=&#8221;1&#8243; background_hover_color_opacity=&#8221;1&#8243; column_shadow=&#8221;none&#8221; column_border_radius=&#8221;none&#8221; column_link_target=&#8221;_self&#8221; gradient_direction=&#8221;left_to_right&#8221; overlay_strength=&#8221;0.3&#8243; width=&#8221;1\/1&#8243; tablet_width_inherit=&#8221;default&#8221; animation_type=&#8221;default&#8221; enable_animation=&#8221;true&#8221; animation=&#8221;fade-in-from-bottom&#8221; bg_image_animation=&#8221;none&#8221; border_type=&#8221;simple&#8221; column_border_width=&#8221;none&#8221; column_border_style=&#8221;solid&#8221;][vc_column_text max_width=&#8221;800&#8243;]Alexandru este partener la Intlaw. Activitatea sa se concentreaz\u0103 \u00een special pe Corporate Compliance, M&amp;A, Drept Contractual \u0219i Comercial, dar de-a lungul anilor s-a specializat \u0219i \u00een urm\u0103toarele arii de practic\u0103: <\/p>\n<ul>\n<li>Advice in M&amp;A operations,<\/li>\n<li>Advice in operations developed in cross-country jurisdictions,<\/li>\n<li>Joint ventures, disputes between shareholders, financial and corporate restructuration,<\/li>\n<li>Advice in private equity operations,<\/li>\n<li>Advice in relation to CSR,<\/li>\n<li>Advice, design and implementation of Corporate Compliance programs,<\/li>\n<li>Advice in relation to e-Commerce,<\/li>\n<li>Advice in Fashion Law and Sports Law,<\/li>\n<li>Advice in pre-bankruptcy proceedings and acquisitions of productive units in bankruptcy process,<\/li>\n<li>Advice in national and international contractual relations,<\/li>\n<li>Advice in the process of internationalization of the Company.<\/li>\n<\/ul>\n<p>Due to his high connection to the business ecosystem of Central and Eastern Europe, Alexandru is also the Director of the Central East European Desk. Additionally, he is the Director of the Corporate Compliance Department and of the Balearic Islands Desk. <\/p>\n<h5>PREMII \u0218I PUBLICA\u021aII<\/h5>\n<ul>\n<li>May 2010, 1st prize at the Fiscal Law category, at the second Edition of the International Law Prize ISDE-IABA (Inter-American Bar Association), being the youngest winner (25-years-old at that time).<\/li>\n<li>Iunie 2014, premiul I la categoria Drept interna\u021bional privat, la cea de-a \u0219asea edi\u021bie a Premiului ISDE.<\/li>\n<li>January 2016, the prize \u2018Mihai Eminescu\u2019 excellency in Business Law, granted by Occidentul Romanesc magazine.<\/li>\n<li>October 2017, Jury Award granted by the Spanish Association of Business Schools.<\/li>\n<li>February 2018, the Medal for Merit in Labour, granted by the Spanish Economic Association.<\/li>\n<li>Mai 2018, premiul de excelen\u021b\u0103, acordat de revista Occidentul Romanesc.<\/li>\n<li>October 2018, included in the list of the Top 100 best Romanian professionals around the world, granted by Repatriot.<\/li>\n<li>Publication of several articles in special interest magazines in Spain and Romania.<\/li>\n<li>Co-author of the Spanish Chapter of the International Law handbook \u2018International Joint Ventures\u2019 with Dennis Campbell (Director at the Center for International Legal Studies, Austria).<\/li>\n<li>Founder of the legal blog Legal Outside The Box: www.legaloutsidethebox.com.<\/li>\n<\/ul>\n<h5>QUALIFICATIONS AND PROFESSIONAL ASSOCIATIONS<\/h5>\n<ul>\n<li>Barcelona Bar Association \u2013 ICAB (Ilustre Colegio de la Abogac\u00eda de Barcelona).<\/li>\n<li>Balearic Islands Bar Association (Ilustre Colegio de la Abogac\u00eda de las Islas Baleares).<\/li>\n<li>Consul Onorific al Rom\u00e2niei \u00een Insulele Baleare.<\/li>\n<li>Member of the Spanish Arbitration Club \u2013 Founder of the Romanian Chapter.<\/li>\n<li>Lector la BBA la ESADE din Barcelona.<\/li>\n<li>Lecturer at the Faculty of Law of Pompeu Fabra University in Barcelona.<\/li>\n<li>Conferen\u021biar la ISDE \u00een Barcelona.<\/li>\n<li>From 2019 to 2021, Academic Co-Director of the Master in Fashion and Luxury: Law, Business and Marketing by ISDE and IED.<\/li>\n<li>From 2016 to 2021, Academic Director of the LLM in Corporate Compliance by EIS (Economist Innovative School).<\/li>\n<li>Co-coordinator of the Course \u201cRegulatory Compliance and U.S. Law\u201d (1st Ed. March 2018, 2nd Ed. March 2019, 3rd Ed. September 2020) at Fordham University NYC in collaboration with EIS.<\/li>\n<li>Member of the Spanish Royal Academy of Jurisprudence and Legislation, as Associated Collaborator (Real Academia de Jurisprudencia y Legislaci\u00f3n de Espa\u00f1a, Colaborador Asociado).<\/li>\n<li>Included in the list of Arbitrators at the Consulate of the Sea (Consolat de mar, operated by the Chamber of Commerce of Barcelona).<\/li>\n<li>Included in the list of Best Lawyers in the category Franchise Law in 2021.<\/li>\n<\/ul>\n<h5>EDUCA\u021aIE<\/h5>\n<ul>\n<li>Law Degree, University of Granada.<\/li>\n<li>Master\u2019s Degree in International Business Law, I.S.D.E.<\/li>\n<li>Master\u2019s Degree in International Law, Foreign Trade and International Relations, I.S.D.E.<\/li>\n<li>Master&#8217;s Degree in Legal Research, E.S.A.D.E.<\/li>\n<li>PhDC in General Principles of Business and Economic Law, ESADE, ICADE and DEUSTO.<\/li>\n<\/ul>\n[\/vc_column_text][\/vc_column_inner][\/vc_row_inner][\/vc_column][\/vc_row]\n","protected":false},"excerpt":{"rendered":"<p>[vc_row type=&#8221;in_container&#8221; full_screen_row_position=&#8221;middle&#8221; column_margin=&#8221;default&#8221; column_direction=&#8221;default&#8221; column_direction_tablet=&#8221;default&#8221; column_direction_phone=&#8221;default&#8221; scene_position=&#8221;center&#8221; text_color=&#8221;dark&#8221; text_align=&#8221;left&#8221; row_border_radius=&#8221;none&#8221; row_border_radius_applies=&#8221;bg&#8221; overflow=&#8221;visible&#8221; overlay_strength=&#8221;0.3&#8243; gradient_direction=&#8221;left_to_right&#8221; shape_divider_position=&#8221;bottom&#8221; bg_image_animation=&#8221;none&#8221; shape_type=&#8221;&#8221;][vc_column column_padding=&#8221;no-extra-padding&#8221; column_padding_tablet=&#8221;inherit&#8221; column_padding_phone=&#8221;inherit&#8221; column_padding_position=&#8221;all&#8221; column_element_spacing=&#8221;default&#8221; background_color_opacity=&#8221;1&#8243; background_hover_color_opacity=&#8221;1&#8243; column_shadow=&#8221;none&#8221; column_border_radius=&#8221;none&#8221; column_link_target=&#8221;_self&#8221; column_position=&#8221;default&#8221; gradient_direction=&#8221;left_to_right&#8221;&#8230;<\/p>\n","protected":false},"author":1,"featured_media":0,"parent":0,"menu_order":0,"comment_status":"closed","ping_status":"closed","template":"","meta":{"footnotes":""},"class_list":["post-5775","page","type-page","status-publish"],"_links":{"self":[{"href":"https:\/\/intlaw.servidorbeta.es\/ro\/wp-json\/wp\/v2\/pages\/5775","targetHints":{"allow":["GET"]}}],"collection":[{"href":"https:\/\/intlaw.servidorbeta.es\/ro\/wp-json\/wp\/v2\/pages"}],"about":[{"href":"https:\/\/intlaw.servidorbeta.es\/ro\/wp-json\/wp\/v2\/types\/page"}],"author":[{"embeddable":true,"href":"https:\/\/intlaw.servidorbeta.es\/ro\/wp-json\/wp\/v2\/users\/1"}],"replies":[{"embeddable":true,"href":"https:\/\/intlaw.servidorbeta.es\/ro\/wp-json\/wp\/v2\/comments?post=5775"}],"version-history":[{"count":2,"href":"https:\/\/intlaw.servidorbeta.es\/ro\/wp-json\/wp\/v2\/pages\/5775\/revisions"}],"predecessor-version":[{"id":5777,"href":"https:\/\/intlaw.servidorbeta.es\/ro\/wp-json\/wp\/v2\/pages\/5775\/revisions\/5777"}],"wp:attachment":[{"href":"https:\/\/intlaw.servidorbeta.es\/ro\/wp-json\/wp\/v2\/media?parent=5775"}],"curies":[{"name":"wp","href":"https:\/\/api.w.org\/{rel}","templated":true}]}}