{"id":5157,"date":"2025-03-20T13:30:03","date_gmt":"2025-03-20T12:30:03","guid":{"rendered":"https:\/\/intlaw.servidorbeta.es\/gina-zunet\/"},"modified":"2026-03-13T07:30:14","modified_gmt":"2026-03-13T06:30:14","slug":"gina-zunet","status":"publish","type":"page","link":"https:\/\/intlaw.servidorbeta.es\/it\/gina-zunet\/","title":{"rendered":"Gina Zu\u00f1et"},"content":{"rendered":"[vc_row type=&#8221;in_container&#8221; full_screen_row_position=&#8221;middle&#8221; column_margin=&#8221;default&#8221; column_direction=&#8221;default&#8221; column_direction_tablet=&#8221;default&#8221; column_direction_phone=&#8221;default&#8221; scene_position=&#8221;center&#8221; text_color=&#8221;dark&#8221; text_align=&#8221;left&#8221; row_border_radius=&#8221;none&#8221; row_border_radius_applies=&#8221;bg&#8221; overflow=&#8221;visible&#8221; overlay_strength=&#8221;0.3&#8243; gradient_direction=&#8221;left_to_right&#8221; shape_divider_position=&#8221;bottom&#8221; bg_image_animation=&#8221;none&#8221;][vc_column column_padding=&#8221;no-extra-padding&#8221; column_padding_tablet=&#8221;inherit&#8221; column_padding_phone=&#8221;inherit&#8221; column_padding_position=&#8221;all&#8221; column_element_spacing=&#8221;default&#8221; background_color_opacity=&#8221;1&#8243; background_hover_color_opacity=&#8221;1&#8243; column_shadow=&#8221;none&#8221; column_border_radius=&#8221;none&#8221; column_link_target=&#8221;_self&#8221; column_position=&#8221;default&#8221; gradient_direction=&#8221;left_to_right&#8221; overlay_strength=&#8221;0.3&#8243; width=&#8221;1\/1&#8243; tablet_width_inherit=&#8221;default&#8221; tablet_text_alignment=&#8221;default&#8221; phone_text_alignment=&#8221;default&#8221; animation_type=&#8221;default&#8221; bg_image_animation=&#8221;none&#8221; border_type=&#8221;simple&#8221; column_border_width=&#8221;none&#8221; column_border_style=&#8221;solid&#8221;][vc_custom_heading text=&#8221;GINA ZU\u00d1ET SEP\u00daLVEDA (Avvocato)&#8221; font_container=&#8221;tag:h4|text_align:left|color:%231f360f&#8221; use_theme_fonts=&#8221;yes&#8221;][divider line_type=&#8221;Small Line&#8221; line_alignment=&#8221;default&#8221; line_thickness=&#8221;2&#8243; divider_color=&#8221;accent-color&#8221; animate=&#8221;yes&#8221; custom_line_width=&#8221;60&#8243;][\/vc_column][\/vc_row][vc_row type=&#8221;in_container&#8221; full_screen_row_position=&#8221;middle&#8221; column_margin=&#8221;default&#8221; column_direction=&#8221;default&#8221; column_direction_tablet=&#8221;default&#8221; column_direction_phone=&#8221;default&#8221; scene_position=&#8221;center&#8221; text_color=&#8221;dark&#8221; text_align=&#8221;left&#8221; row_border_radius=&#8221;none&#8221; row_border_radius_applies=&#8221;bg&#8221; overflow=&#8221;visible&#8221; overlay_strength=&#8221;0.3&#8243; gradient_direction=&#8221;left_to_right&#8221; shape_divider_position=&#8221;bottom&#8221; bg_image_animation=&#8221;none&#8221;][vc_column column_padding=&#8221;no-extra-padding&#8221; column_padding_tablet=&#8221;inherit&#8221; column_padding_phone=&#8221;inherit&#8221; column_padding_position=&#8221;all&#8221; column_element_spacing=&#8221;default&#8221; background_color_opacity=&#8221;1&#8243; background_hover_color_opacity=&#8221;1&#8243; column_shadow=&#8221;none&#8221; column_border_radius=&#8221;none&#8221; column_link_target=&#8221;_self&#8221; column_position=&#8221;default&#8221; gradient_direction=&#8221;left_to_right&#8221; overlay_strength=&#8221;0.3&#8243; width=&#8221;1\/4&#8243; tablet_width_inherit=&#8221;default&#8221; tablet_text_alignment=&#8221;default&#8221; phone_text_alignment=&#8221;default&#8221; animation_type=&#8221;default&#8221; bg_image_animation=&#8221;none&#8221; border_type=&#8221;simple&#8221; column_border_width=&#8221;none&#8221; column_border_style=&#8221;solid&#8221;][image_with_animation image_url=&#8221;4224&#8243; image_size=&#8221;full&#8221; animation_type=&#8221;entrance&#8221; animation=&#8221;Fade In&#8221; hover_animation=&#8221;none&#8221; alignment=&#8221;&#8221; border_radius=&#8221;none&#8221; box_shadow=&#8221;none&#8221; image_loading=&#8221;default&#8221; max_width=&#8221;100%&#8221; max_width_mobile=&#8221;default&#8221;][split_line_heading animation_type=&#8221;line-reveal-by-space&#8221; font_style=&#8221;h5&#8243; text_color=&#8221;#0a0a0a&#8221; line_reveal_by_space_text_effect=&#8221;default&#8221; content_alignment=&#8221;default&#8221; mobile_content_alignment=&#8221;inherit&#8221; link_target=&#8221;_self&#8221; text_content=&#8221;GINA ZU\u00d1ET SEP\u00daLVEDA&#8221; max_width=&#8221;450&#8243;][\/split_line_heading][vc_column_text]Email: gz@intlaw.eu<br \/>\nTelefono: +34 689 571 956<br \/>\n<span style=\"font-weight: 400;\"><a href=\"https:\/\/www.linkedin.com\/in\/gina-zu%C3%B1et-sep%C3%BAlveda-4419b9269\/?originalSubdomain=es\" rel=\"nofollow noopener\" target=\"_blank\">Unisciti alla mia rete LinkedIn<\/a><\/span>[\/vc_column_text][vc_column_text]\n<h5>Desks:<\/h5>\n<p><span style=\"font-weight: 400;\">Barcellona<\/span><\/p>\n<h5>AREE DI SPECIALIZZAZIONE<\/h5>\n<p>Diritto del Lavoro<\/p>\n<h5>Lingue:<\/h5>\n<p>Spagnolo, catalano e inglese<\/p>\n<h5>Abilitazione:<\/h5>\n<p>Tutti i Tribunali spagnoli[\/vc_column_text][\/vc_column][vc_column column_padding=&#8221;no-extra-padding&#8221; column_padding_tablet=&#8221;inherit&#8221; column_padding_phone=&#8221;inherit&#8221; column_padding_position=&#8221;all&#8221; column_element_spacing=&#8221;default&#8221; background_color_opacity=&#8221;1&#8243; background_hover_color_opacity=&#8221;1&#8243; column_shadow=&#8221;none&#8221; column_border_radius=&#8221;none&#8221; column_link_target=&#8221;_self&#8221; column_position=&#8221;default&#8221; gradient_direction=&#8221;left_to_right&#8221; overlay_strength=&#8221;0.3&#8243; width=&#8221;3\/4&#8243; tablet_width_inherit=&#8221;default&#8221; tablet_text_alignment=&#8221;default&#8221; phone_text_alignment=&#8221;default&#8221; animation_type=&#8221;default&#8221; bg_image_animation=&#8221;none&#8221; border_type=&#8221;simple&#8221; column_border_width=&#8221;none&#8221; column_border_style=&#8221;solid&#8221;][vc_column_text max_width=&#8221;800&#8243;]\n<h5>Su di me<\/h5>\n<p>Gina Zu\u00f1et Sep\u00falveda ha conseguito la Laurea in Giurisprudenza presso l&#8217;Universit\u00e0 Autonoma di Barcellona e un Master in Pratica Legale e Procura presso l&#8217;Universit\u00e0 di Barcellona.<\/p>\n<p>Attualmente lavora come avvocato presso il Dipartimento di Diritto del Lavoro, occupandosi di contratti di lavoro, licenziamenti, risoluzioni del rapporto, contenzioso lavoristico e consulenza aziendale in materia di impiego, proseguendo nel contempo il proprio perfezionamento in tali ambiti.<\/p>\n<h5>FORMAZIONE<\/h5>\n<ul>\n<li>Master in Pratica Legale e Procura \u2013 Universit\u00e0 di Barcellona<\/li>\n<li>Laurea in Giurisprudenza \u2013 Universit\u00e0 Autonoma di Barcellona<\/li>\n<\/ul>\n[\/vc_column_text][\/vc_column][\/vc_row]\n","protected":false},"excerpt":{"rendered":"<p>[vc_row type=&#8221;in_container&#8221; full_screen_row_position=&#8221;middle&#8221; column_margin=&#8221;default&#8221; column_direction=&#8221;default&#8221; column_direction_tablet=&#8221;default&#8221; column_direction_phone=&#8221;default&#8221; scene_position=&#8221;center&#8221; text_color=&#8221;dark&#8221; text_align=&#8221;left&#8221; row_border_radius=&#8221;none&#8221; row_border_radius_applies=&#8221;bg&#8221; overflow=&#8221;visible&#8221; overlay_strength=&#8221;0.3&#8243; gradient_direction=&#8221;left_to_right&#8221; shape_divider_position=&#8221;bottom&#8221; bg_image_animation=&#8221;none&#8221;][vc_column column_padding=&#8221;no-extra-padding&#8221; column_padding_tablet=&#8221;inherit&#8221; column_padding_phone=&#8221;inherit&#8221; column_padding_position=&#8221;all&#8221; column_element_spacing=&#8221;default&#8221; background_color_opacity=&#8221;1&#8243; background_hover_color_opacity=&#8221;1&#8243; column_shadow=&#8221;none&#8221; column_border_radius=&#8221;none&#8221; column_link_target=&#8221;_self&#8221; column_position=&#8221;default&#8221; gradient_direction=&#8221;left_to_right&#8221; overlay_strength=&#8221;0.3&#8243;&#8230;<\/p>\n","protected":false},"author":5,"featured_media":0,"parent":0,"menu_order":0,"comment_status":"closed","ping_status":"closed","template":"","meta":{"footnotes":""},"class_list":["post-5157","page","type-page","status-publish"],"_links":{"self":[{"href":"https:\/\/intlaw.servidorbeta.es\/it\/wp-json\/wp\/v2\/pages\/5157","targetHints":{"allow":["GET"]}}],"collection":[{"href":"https:\/\/intlaw.servidorbeta.es\/it\/wp-json\/wp\/v2\/pages"}],"about":[{"href":"https:\/\/intlaw.servidorbeta.es\/it\/wp-json\/wp\/v2\/types\/page"}],"author":[{"embeddable":true,"href":"https:\/\/intlaw.servidorbeta.es\/it\/wp-json\/wp\/v2\/users\/5"}],"replies":[{"embeddable":true,"href":"https:\/\/intlaw.servidorbeta.es\/it\/wp-json\/wp\/v2\/comments?post=5157"}],"version-history":[{"count":2,"href":"https:\/\/intlaw.servidorbeta.es\/it\/wp-json\/wp\/v2\/pages\/5157\/revisions"}],"predecessor-version":[{"id":5159,"href":"https:\/\/intlaw.servidorbeta.es\/it\/wp-json\/wp\/v2\/pages\/5157\/revisions\/5159"}],"wp:attachment":[{"href":"https:\/\/intlaw.servidorbeta.es\/it\/wp-json\/wp\/v2\/media?parent=5157"}],"curies":[{"name":"wp","href":"https:\/\/api.w.org\/{rel}","templated":true}]}}