{"id":5151,"date":"2026-02-03T15:13:33","date_gmt":"2026-02-03T14:13:33","guid":{"rendered":"https:\/\/intlaw.servidorbeta.es\/ariadna-lopez-purti\/"},"modified":"2026-03-13T07:28:17","modified_gmt":"2026-03-13T06:28:17","slug":"ariadna-lopez-purti","status":"publish","type":"page","link":"https:\/\/intlaw.servidorbeta.es\/it\/ariadna-lopez-purti\/","title":{"rendered":"Ariadna L\u00f3pez Purt\u00ed"},"content":{"rendered":"[vc_row type=&#8221;in_container&#8221; full_screen_row_position=&#8221;middle&#8221; column_margin=&#8221;default&#8221; column_direction=&#8221;default&#8221; column_direction_tablet=&#8221;default&#8221; column_direction_phone=&#8221;default&#8221; scene_position=&#8221;center&#8221; text_color=&#8221;dark&#8221; text_align=&#8221;left&#8221; row_border_radius=&#8221;none&#8221; row_border_radius_applies=&#8221;bg&#8221; overflow=&#8221;visible&#8221; overlay_strength=&#8221;0.3&#8243; gradient_direction=&#8221;left_to_right&#8221; shape_divider_position=&#8221;bottom&#8221; bg_image_animation=&#8221;none&#8221;][vc_column column_padding=&#8221;no-extra-padding&#8221; column_padding_tablet=&#8221;inherit&#8221; column_padding_phone=&#8221;inherit&#8221; column_padding_position=&#8221;all&#8221; column_element_spacing=&#8221;default&#8221; background_color_opacity=&#8221;1&#8243; background_hover_color_opacity=&#8221;1&#8243; column_shadow=&#8221;none&#8221; column_border_radius=&#8221;none&#8221; column_link_target=&#8221;_self&#8221; column_position=&#8221;default&#8221; gradient_direction=&#8221;left_to_right&#8221; overlay_strength=&#8221;0.3&#8243; width=&#8221;1\/1&#8243; tablet_width_inherit=&#8221;default&#8221; tablet_text_alignment=&#8221;default&#8221; phone_text_alignment=&#8221;default&#8221; animation_type=&#8221;default&#8221; bg_image_animation=&#8221;none&#8221; border_type=&#8221;simple&#8221; column_border_width=&#8221;none&#8221; column_border_style=&#8221;solid&#8221;][vc_custom_heading text=&#8221;ARIADNA L\u00d3PEZ PURT\u00cd (Avvocato)&#8221; font_container=&#8221;tag:h4|text_align:left|color:%231f360f&#8221; use_theme_fonts=&#8221;yes&#8221;][divider line_type=&#8221;Small Line&#8221; line_alignment=&#8221;default&#8221; line_thickness=&#8221;2&#8243; divider_color=&#8221;accent-color&#8221; animate=&#8221;yes&#8221; custom_line_width=&#8221;60&#8243;][\/vc_column][\/vc_row][vc_row type=&#8221;in_container&#8221; full_screen_row_position=&#8221;middle&#8221; column_margin=&#8221;default&#8221; column_direction=&#8221;default&#8221; column_direction_tablet=&#8221;default&#8221; column_direction_phone=&#8221;default&#8221; scene_position=&#8221;center&#8221; text_color=&#8221;dark&#8221; text_align=&#8221;left&#8221; row_border_radius=&#8221;none&#8221; row_border_radius_applies=&#8221;bg&#8221; overflow=&#8221;visible&#8221; overlay_strength=&#8221;0.3&#8243; gradient_direction=&#8221;left_to_right&#8221; shape_divider_position=&#8221;bottom&#8221; bg_image_animation=&#8221;none&#8221;][vc_column column_padding=&#8221;no-extra-padding&#8221; column_padding_tablet=&#8221;inherit&#8221; column_padding_phone=&#8221;inherit&#8221; column_padding_position=&#8221;all&#8221; column_element_spacing=&#8221;default&#8221; background_color_opacity=&#8221;1&#8243; background_hover_color_opacity=&#8221;1&#8243; column_shadow=&#8221;none&#8221; column_border_radius=&#8221;none&#8221; column_link_target=&#8221;_self&#8221; column_position=&#8221;default&#8221; gradient_direction=&#8221;left_to_right&#8221; overlay_strength=&#8221;0.3&#8243; width=&#8221;1\/4&#8243; tablet_width_inherit=&#8221;default&#8221; tablet_text_alignment=&#8221;default&#8221; phone_text_alignment=&#8221;default&#8221; animation_type=&#8221;default&#8221; bg_image_animation=&#8221;none&#8221; border_type=&#8221;simple&#8221; column_border_width=&#8221;none&#8221; column_border_style=&#8221;solid&#8221;][image_with_animation image_url=&#8221;4226&#8243; image_size=&#8221;full&#8221; animation_type=&#8221;entrance&#8221; animation=&#8221;Fade In&#8221; hover_animation=&#8221;none&#8221; alignment=&#8221;&#8221; border_radius=&#8221;none&#8221; box_shadow=&#8221;none&#8221; image_loading=&#8221;default&#8221; max_width=&#8221;100%&#8221; max_width_mobile=&#8221;default&#8221;][split_line_heading animation_type=&#8221;line-reveal-by-space&#8221; font_style=&#8221;h5&#8243; text_color=&#8221;#0a0a0a&#8221; line_reveal_by_space_text_effect=&#8221;default&#8221; content_alignment=&#8221;default&#8221; mobile_content_alignment=&#8221;inherit&#8221; link_target=&#8221;_self&#8221; text_content=&#8221;ARIADNA L\u00d3PEZ PURT\u00cd (Avvocato)&#8221; max_width=&#8221;450&#8243;][\/split_line_heading][vc_column_text]Email: alp@intlaw.eu<br \/>\nTelefono: +34 689 571 956<br \/>\n<span style=\"font-weight: 400;\"><a href=\"https:\/\/www.linkedin.com\/in\/ariadna-l%C3%B3pez-purt%C3%AD-386559227\/\" target=\"_blank\" rel=\"noopener nofollow\">Unisciti alla mia rete LinkedIn<\/a><\/span>[\/vc_column_text][vc_column_text]\n<h5>AREE DI SPECIALIZZAZIONE<\/h5>\n<p>&#8211; Diritto di Famiglia e delle Successioni,<br \/>\n&#8211; Diritto Commerciale<br \/>\n&#8211; Conciliazione<br \/>\n&#8211; Diritto Collaborativo<br \/>\n&#8211; Gestione delle Relazioni Personali e Aziendali<br \/>\n&#8211; Contratti Consapevoli e Relazioni Contrattuali con Approccio Etico e Relazionale<\/p>\n<h5>Desks:<\/h5>\n<p><span style=\"font-weight: 400;\">Spagna<\/span><\/p>\n<h5>Lingue:<\/h5>\n<p><span style=\"font-weight: 400;\">Inglese, Spagnolo e Catalano<br \/>\n<\/span><\/p>\n<h5><\/h5>\n[\/vc_column_text][\/vc_column][vc_column column_padding=&#8221;no-extra-padding&#8221; column_padding_tablet=&#8221;inherit&#8221; column_padding_phone=&#8221;inherit&#8221; column_padding_position=&#8221;all&#8221; column_element_spacing=&#8221;default&#8221; background_color_opacity=&#8221;1&#8243; background_hover_color_opacity=&#8221;1&#8243; column_shadow=&#8221;none&#8221; column_border_radius=&#8221;none&#8221; column_link_target=&#8221;_self&#8221; column_position=&#8221;default&#8221; gradient_direction=&#8221;left_to_right&#8221; overlay_strength=&#8221;0.3&#8243; width=&#8221;3\/4&#8243; tablet_width_inherit=&#8221;default&#8221; tablet_text_alignment=&#8221;default&#8221; phone_text_alignment=&#8221;default&#8221; animation_type=&#8221;default&#8221; bg_image_animation=&#8221;none&#8221; border_type=&#8221;simple&#8221; column_border_width=&#8221;none&#8221; column_border_style=&#8221;solid&#8221;][vc_column_text max_width=&#8221;800&#8243;]Ariadna L\u00f3pez Purt\u00ed \u00e8 un avvocato iscritto all&#8217;Ordine degli Avvocati di Barcellona (ICAB), specializzata in Diritto di Famiglia e delle Successioni, nonch\u00e9 in relazioni aziendali.<\/p>\n<p>\u00c8 un Avvocato Collaborativo accreditato dall&#8217;ACDC e Conciliatrice certificata dal CICAC, con una formazione in Negoziazione (Harvard), Diritto Sistemico di Famiglia e Contratti Consapevoli. Il suo approccio \u00e8 umanistico e interdisciplinare, integrando prospettive legali, emotive, relazionali e sistemiche per supportare le persone nella prevenzione, gestione e risoluzione dei conflitti, nonch\u00e9 nei processi di transizione di vita significativi. <\/p>\n<p>Sviluppa la propria attivit\u00e0 professionale secondo una prospettiva consapevole e responsabile, privilegiando il dialogo, la corresponsabilit\u00e0 e il processo decisionale informato, sia in contesti familiari che aziendali.<\/p>\n<p>Fornisce consulenza ad aziende, professionisti e progetti imprenditoriali nella redazione, revisione e gestione di contratti consapevoli, allineando le strutture legali ai valori, alla cultura organizzativa e alla qualit\u00e0 delle relazioni, con l&#8217;obiettivo di prevenire i conflitti e promuovere partnership sostenibili a lungo termine.<\/p>\n<p>\u00c8 docente nel Master in Metodi Adeguati di Risoluzione dei Conflitti presso l&#8217;Universit\u00e0 del Messico e autrice di diversi articoli sugli strumenti epistemici e le qualit\u00e0 essenziali del professionista collaborativo, pubblicati su Iustitia (Italia e Argentina).<\/p>\n<p>\u00c8 inoltre responsabile della Sezione Giovani dell&#8217;Associazione Abogac\u00eda &amp; Conciencia e membro dell&#8217;Associazione Catalana di Diritto Collaborativo.<\/p>\n<h5>AFFILIAZIONI PROFESSIONALI E ACCADEMICHE<\/h5>\n<ul>\n<li><strong>Docente presso istituzioni internazionali:<\/strong>\n<ul>\n<li>Docente nel Master Universitario in &#8216;Metodi Alternativi di Risoluzione dei Conflitti e Negoziazione&#8217; presso l&#8217;Universit\u00e0 del Messico<\/li>\n<li>Docente nel Master Universitario in &#8216;Il Professionista Collaborativo&#8217; presso l&#8217;Universit\u00e0 di Buenos Aires<\/li>\n<\/ul>\n<\/li>\n<li>Membro del Consiglio Direttivo dell&#8217;Associazione Abogac\u00eda &amp; Conciencia<\/li>\n<li>Responsabile del coordinamento presso l&#8217;Associazione Catalana di Diritto Collaborativo (ACDC)<\/li>\n<li>Pubblicazioni sulla Rivista Iustitia \u2013 Universit\u00e0 di Pavia:<br \/>\n<em><em> Strumenti epistemici e qualit\u00e0 essenziali del professionista collaborativo: verso una trasformazione consapevole della cultura giuridica.<\/em><\/em><\/li>\n<\/ul>\n<h5>FORMAZIONE<\/h5>\n<ul>\n<li>Master in Diritto delle Successioni \u2013 Ordine degli Avvocati di Barcellona (ICAB)<\/li>\n<li>Formazione in Conciliazione \u2013 CICAC (Consiglio dell&#8217;Avvocatura Catalana)<\/li>\n<li>Formazione in Diritto Collaborativo \u2013 ICAB, Universit\u00e0 di Barcellona e ACDC<\/li>\n<li>Formazione in Contratti Consapevoli \u2013 International Academy of Collaborative Professionals (USA) e Associazione Basca di Diritto Collaborativo<\/li>\n<li>Master in Pratica Legale \u2013 Universit\u00e0 Pompeu Fabra, School of Management<\/li>\n<li>Laurea in Giurisprudenza \u2013 Universit\u00e0 Pompeu Fabra<\/li>\n<\/ul>\n[\/vc_column_text][\/vc_column][\/vc_row]\n","protected":false},"excerpt":{"rendered":"<p>[vc_row type=&#8221;in_container&#8221; full_screen_row_position=&#8221;middle&#8221; column_margin=&#8221;default&#8221; column_direction=&#8221;default&#8221; column_direction_tablet=&#8221;default&#8221; column_direction_phone=&#8221;default&#8221; scene_position=&#8221;center&#8221; text_color=&#8221;dark&#8221; text_align=&#8221;left&#8221; row_border_radius=&#8221;none&#8221; row_border_radius_applies=&#8221;bg&#8221; overflow=&#8221;visible&#8221; overlay_strength=&#8221;0.3&#8243; gradient_direction=&#8221;left_to_right&#8221; shape_divider_position=&#8221;bottom&#8221; bg_image_animation=&#8221;none&#8221;][vc_column column_padding=&#8221;no-extra-padding&#8221; column_padding_tablet=&#8221;inherit&#8221; column_padding_phone=&#8221;inherit&#8221; column_padding_position=&#8221;all&#8221; column_element_spacing=&#8221;default&#8221; background_color_opacity=&#8221;1&#8243; background_hover_color_opacity=&#8221;1&#8243; column_shadow=&#8221;none&#8221; column_border_radius=&#8221;none&#8221; column_link_target=&#8221;_self&#8221; column_position=&#8221;default&#8221; gradient_direction=&#8221;left_to_right&#8221; overlay_strength=&#8221;0.3&#8243;&#8230;<\/p>\n","protected":false},"author":5,"featured_media":0,"parent":0,"menu_order":0,"comment_status":"closed","ping_status":"closed","template":"","meta":{"footnotes":""},"class_list":["post-5151","page","type-page","status-publish"],"_links":{"self":[{"href":"https:\/\/intlaw.servidorbeta.es\/it\/wp-json\/wp\/v2\/pages\/5151","targetHints":{"allow":["GET"]}}],"collection":[{"href":"https:\/\/intlaw.servidorbeta.es\/it\/wp-json\/wp\/v2\/pages"}],"about":[{"href":"https:\/\/intlaw.servidorbeta.es\/it\/wp-json\/wp\/v2\/types\/page"}],"author":[{"embeddable":true,"href":"https:\/\/intlaw.servidorbeta.es\/it\/wp-json\/wp\/v2\/users\/5"}],"replies":[{"embeddable":true,"href":"https:\/\/intlaw.servidorbeta.es\/it\/wp-json\/wp\/v2\/comments?post=5151"}],"version-history":[{"count":2,"href":"https:\/\/intlaw.servidorbeta.es\/it\/wp-json\/wp\/v2\/pages\/5151\/revisions"}],"predecessor-version":[{"id":5153,"href":"https:\/\/intlaw.servidorbeta.es\/it\/wp-json\/wp\/v2\/pages\/5151\/revisions\/5153"}],"wp:attachment":[{"href":"https:\/\/intlaw.servidorbeta.es\/it\/wp-json\/wp\/v2\/media?parent=5151"}],"curies":[{"name":"wp","href":"https:\/\/api.w.org\/{rel}","templated":true}]}}