{"id":5080,"date":"2020-09-22T18:52:38","date_gmt":"2020-09-22T17:52:38","guid":{"rendered":"https:\/\/intlaw.servidorbeta.es\/ignacio-jove-rius\/"},"modified":"2026-03-13T06:39:58","modified_gmt":"2026-03-13T05:39:58","slug":"ignacio-jove-rius","status":"publish","type":"page","link":"https:\/\/intlaw.servidorbeta.es\/it\/ignacio-jove-rius\/","title":{"rendered":"Ignacio Jov\u00e9 Rius"},"content":{"rendered":"[vc_row type=&#8221;in_container&#8221; full_screen_row_position=&#8221;middle&#8221; column_margin=&#8221;default&#8221; column_direction=&#8221;default&#8221; column_direction_tablet=&#8221;default&#8221; column_direction_phone=&#8221;default&#8221; scene_position=&#8221;center&#8221; text_color=&#8221;dark&#8221; text_align=&#8221;left&#8221; row_border_radius=&#8221;none&#8221; row_border_radius_applies=&#8221;bg&#8221; overflow=&#8221;visible&#8221; overlay_strength=&#8221;0.3&#8243; gradient_direction=&#8221;left_to_right&#8221; shape_divider_position=&#8221;bottom&#8221; bg_image_animation=&#8221;none&#8221; shape_type=&#8221;&#8221;][vc_column column_padding=&#8221;no-extra-padding&#8221; column_padding_tablet=&#8221;inherit&#8221; column_padding_phone=&#8221;inherit&#8221; column_padding_position=&#8221;all&#8221; column_element_spacing=&#8221;default&#8221; background_color_opacity=&#8221;1&#8243; background_hover_color_opacity=&#8221;1&#8243; column_shadow=&#8221;none&#8221; column_border_radius=&#8221;none&#8221; column_link_target=&#8221;_self&#8221; column_position=&#8221;default&#8221; gradient_direction=&#8221;left_to_right&#8221; overlay_strength=&#8221;0.3&#8243; width=&#8221;1\/1&#8243; tablet_width_inherit=&#8221;default&#8221; tablet_text_alignment=&#8221;default&#8221; phone_text_alignment=&#8221;default&#8221; animation_type=&#8221;default&#8221; bg_image_animation=&#8221;none&#8221; border_type=&#8221;simple&#8221; column_border_width=&#8221;none&#8221; column_border_style=&#8221;solid&#8221;][vc_custom_heading text=&#8221;IGNACIO JOV\u00c9 RIUS (Avvocato)&#8221; font_container=&#8221;tag:h4|text_align:left|color:%231f360f&#8221; use_theme_fonts=&#8221;yes&#8221;][divider line_type=&#8221;Small Line&#8221; line_alignment=&#8221;default&#8221; line_thickness=&#8221;2&#8243; divider_color=&#8221;accent-color&#8221; animate=&#8221;yes&#8221; custom_line_width=&#8221;60&#8243;][\/vc_column][\/vc_row][vc_row type=&#8221;full_width_background&#8221; full_screen_row_position=&#8221;middle&#8221; column_margin=&#8221;50px&#8221; column_direction=&#8221;default&#8221; column_direction_tablet=&#8221;default&#8221; column_direction_phone=&#8221;default&#8221; scene_position=&#8221;center&#8221; top_padding=&#8221;0&#8243; bottom_padding=&#8221;5%&#8221; text_color=&#8221;dark&#8221; text_align=&#8221;left&#8221; row_border_radius=&#8221;none&#8221; row_border_radius_applies=&#8221;bg&#8221; overflow=&#8221;visible&#8221; id=&#8221;about&#8221; overlay_strength=&#8221;0.3&#8243; gradient_direction=&#8221;left_to_right&#8221; shape_divider_position=&#8221;bottom&#8221; bg_image_animation=&#8221;none&#8221; shape_type=&#8221;&#8221;][vc_column column_padding=&#8221;no-extra-padding&#8221; column_padding_tablet=&#8221;inherit&#8221; column_padding_phone=&#8221;inherit&#8221; column_padding_position=&#8221;all&#8221; column_element_spacing=&#8221;default&#8221; background_color_opacity=&#8221;1&#8243; background_hover_color_opacity=&#8221;1&#8243; column_shadow=&#8221;none&#8221; column_border_radius=&#8221;none&#8221; column_link_target=&#8221;_self&#8221; column_position=&#8221;default&#8221; boxed=&#8221;true&#8221; gradient_direction=&#8221;left_to_right&#8221; overlay_strength=&#8221;0.3&#8243; width=&#8221;2\/5&#8243; tablet_width_inherit=&#8221;default&#8221; tablet_text_alignment=&#8221;default&#8221; phone_text_alignment=&#8221;default&#8221; animation_type=&#8221;default&#8221; bg_image_animation=&#8221;none&#8221; border_type=&#8221;simple&#8221; column_border_width=&#8221;none&#8221; column_border_style=&#8221;solid&#8221;][image_with_animation image_url=&#8221;3951&#8243; image_size=&#8221;full&#8221; animation_type=&#8221;entrance&#8221; animation=&#8221;Fade In&#8221; hover_animation=&#8221;none&#8221; alignment=&#8221;&#8221; border_radius=&#8221;none&#8221; box_shadow=&#8221;none&#8221; image_loading=&#8221;default&#8221; max_width=&#8221;100%&#8221; max_width_mobile=&#8221;default&#8221;][split_line_heading animation_type=&#8221;line-reveal-by-space&#8221; font_style=&#8221;h5&#8243; text_color=&#8221;#0a0a0a&#8221; line_reveal_by_space_text_effect=&#8221;default&#8221; content_alignment=&#8221;default&#8221; mobile_content_alignment=&#8221;inherit&#8221; link_target=&#8221;_self&#8221; text_content=&#8221;IGNACIO JOV\u00c9 RIUS (SOCIO FONDATORE)&#8221; max_width=&#8221;450&#8243;][\/split_line_heading][vc_column_text css=&#8221;.vc_custom_1604351271817{padding-top: 0px !important;}&#8221;]Mail: ij@intlaw.servidorbeta.es<br \/>\nTelefono: +34 931 125 423<br \/>\n<a href=\"https:\/\/www.linkedin.com\/in\/ignacio-jov%C3%A9-rius-24132814\/\" rel=\"nofollow noopener\" target=\"_blank\"> Unisciti alla mia rete LinkedIn<\/a>[\/vc_column_text][vc_column_text]\n<h5>Desks:<\/h5>\n<p>Spagna<\/p>\n<h5>Aree di competenza:<\/h5>\n<p><span style=\"font-weight: 400;\"><a href=\"\/it\/contenzioso-internazionale\/\">Contenzioso<\/a>, <a href=\"\/it\/contenzioso-internazionale\/\">diritto penale<\/a>, <a href=\"\/it\/contenzioso-internazionale\/\">reati dei colletti bianchi,<\/a> <a href=\"\/it\/contenzioso-internazionale\/\">conformit\u00e0 penale<\/a>, <a href=\"\/it\/contenzioso-internazionale\/\">diritto civile<\/a>, <a href=\"\/it\/contenzioso-internazionale\/\">responsabilit\u00e0 civile<\/a><\/span><\/p>\n<h5>Lingue:<\/h5>\n<p>Spagnolo, catalano, inglese<\/p>\n<h5>Abilitazione:<\/h5>\n<p>Tutti i Tribunali spagnoli[\/vc_column_text][\/vc_column][vc_column column_padding=&#8221;padding-2-percent&#8221; column_padding_tablet=&#8221;inherit&#8221; column_padding_phone=&#8221;inherit&#8221; column_padding_position=&#8221;left-right&#8221; column_element_spacing=&#8221;default&#8221; background_color_opacity=&#8221;1&#8243; background_hover_color_opacity=&#8221;1&#8243; column_shadow=&#8221;none&#8221; column_border_radius=&#8221;none&#8221; column_link_target=&#8221;_self&#8221; column_position=&#8221;default&#8221; gradient_direction=&#8221;left_to_right&#8221; overlay_strength=&#8221;0.3&#8243; width=&#8221;3\/5&#8243; tablet_width_inherit=&#8221;default&#8221; tablet_text_alignment=&#8221;default&#8221; phone_text_alignment=&#8221;default&#8221; animation_type=&#8221;default&#8221; bg_image_animation=&#8221;none&#8221; border_type=&#8221;simple&#8221; column_border_width=&#8221;none&#8221; column_border_style=&#8221;solid&#8221;][vc_row_inner column_margin=&#8221;default&#8221; column_direction=&#8221;default&#8221; column_direction_tablet=&#8221;default&#8221; column_direction_phone=&#8221;default&#8221; text_align=&#8221;left&#8221; row_position=&#8221;default&#8221; row_position_tablet=&#8221;inherit&#8221; row_position_phone=&#8221;inherit&#8221; overflow=&#8221;visible&#8221; pointer_events=&#8221;all&#8221;][vc_column_inner column_padding=&#8221;padding-2-percent&#8221; column_padding_tablet=&#8221;inherit&#8221; column_padding_phone=&#8221;inherit&#8221; column_padding_position=&#8221;top&#8221; column_element_spacing=&#8221;default&#8221; background_color_opacity=&#8221;1&#8243; background_hover_color_opacity=&#8221;1&#8243; column_shadow=&#8221;none&#8221; column_border_radius=&#8221;none&#8221; column_link_target=&#8221;_self&#8221; gradient_direction=&#8221;left_to_right&#8221; overlay_strength=&#8221;0.3&#8243; width=&#8221;1\/1&#8243; tablet_width_inherit=&#8221;default&#8221; animation_type=&#8221;default&#8221; enable_animation=&#8221;true&#8221; animation=&#8221;fade-in-from-bottom&#8221; bg_image_animation=&#8221;none&#8221; border_type=&#8221;simple&#8221; column_border_width=&#8221;none&#8221; column_border_style=&#8221;solid&#8221;][vc_column_text max_width=&#8221;800&#8243;]Ignacio Jov\u00e9 \u00e8 socio fondatore di Intlaw e dirige i dipartimenti di Contenzioso Civile e Diritto Penale. Vanta una vasta esperienza nella consulenza a societ\u00e0 nazionali e multinazionali in materia di contenzioso commerciale e risoluzione delle controversie.  <\/p>\n<p>\u00c8 specializzato in Diritto Processuale Civile, Diritto Penale e reati societari (White-collar crime), contenzioso contrattuale, responsabilit\u00e0 civile e controversie in ambito immobiliare. Nell&#8217;ambito della procedura civile, ha assistito numerosi clienti nella predisposizione e presentazione di ricorsi e nell&#8217;esperimento di rimedi straordinari dinanzi alla Corte Suprema. <\/p>\n<p>Nella sua pratica penale, ha guidato numerosi casi di &#8216;corporate defense&#8217; per societ\u00e0 nazionali e internazionali, sviluppando protocolli diagnostici e misure preventive in conformit\u00e0 con i requisiti del Codice Penale e delle normative sulla responsabilit\u00e0 amministrativa degli enti.<\/p>\n<p>Inoltre, \u00e8 specializzato in reati d&#8217;impresa e nell&#8217;assistenza a privati in ambito penale, con un forte focus su questioni a carattere internazionale. La sua esperienza comprende la rappresentanza di clienti in complessi casi di frode, reati societari, illeciti relativi ai mercati mobiliari e agli strumenti finanziari, riciclaggio di denaro e corruzione in operazioni economiche, sia nel settore pubblico che privato. <\/p>\n<p>Vanta, infine, una vasta esperienza sia nella difesa che nell&#8217;accusa in procedimenti dinanzi alla giuria popolare presso le pi\u00f9 alte corti di giustizia in Spagna.<\/p>\n<h5>QUALIFICHE E ASSOCIAZIONI PROFESSIONALI<\/h5>\n<ul>\n<li>Barcelona Bar Association \u2013 ICAB (Ilustre Colegio de la Abogac\u00eda de Barcelona)<\/li>\n<\/ul>\n<h5>FORMAZIONE<\/h5>\n<ul>\n<li>Laurea in Giurisprudenza con lode, Universit\u00e0 di Barcellona<\/li>\n<li>Master in Giurisprudenza, Ordine degli Avvocati di Barcellona \u2013 ICAB (Ilustre Colegio de la Abogac\u00eda de Barcelona)<\/li>\n<\/ul>\n[\/vc_column_text][\/vc_column_inner][\/vc_row_inner][\/vc_column][\/vc_row]\n","protected":false},"excerpt":{"rendered":"<p>[vc_row type=&#8221;in_container&#8221; full_screen_row_position=&#8221;middle&#8221; column_margin=&#8221;default&#8221; column_direction=&#8221;default&#8221; column_direction_tablet=&#8221;default&#8221; column_direction_phone=&#8221;default&#8221; scene_position=&#8221;center&#8221; text_color=&#8221;dark&#8221; text_align=&#8221;left&#8221; row_border_radius=&#8221;none&#8221; row_border_radius_applies=&#8221;bg&#8221; overflow=&#8221;visible&#8221; overlay_strength=&#8221;0.3&#8243; gradient_direction=&#8221;left_to_right&#8221; shape_divider_position=&#8221;bottom&#8221; bg_image_animation=&#8221;none&#8221; shape_type=&#8221;&#8221;][vc_column column_padding=&#8221;no-extra-padding&#8221; column_padding_tablet=&#8221;inherit&#8221; column_padding_phone=&#8221;inherit&#8221; column_padding_position=&#8221;all&#8221; column_element_spacing=&#8221;default&#8221; background_color_opacity=&#8221;1&#8243; background_hover_color_opacity=&#8221;1&#8243; column_shadow=&#8221;none&#8221; column_border_radius=&#8221;none&#8221; column_link_target=&#8221;_self&#8221; column_position=&#8221;default&#8221; gradient_direction=&#8221;left_to_right&#8221;&#8230;<\/p>\n","protected":false},"author":1,"featured_media":0,"parent":0,"menu_order":0,"comment_status":"closed","ping_status":"closed","template":"","meta":{"footnotes":""},"class_list":["post-5080","page","type-page","status-publish"],"_links":{"self":[{"href":"https:\/\/intlaw.servidorbeta.es\/it\/wp-json\/wp\/v2\/pages\/5080","targetHints":{"allow":["GET"]}}],"collection":[{"href":"https:\/\/intlaw.servidorbeta.es\/it\/wp-json\/wp\/v2\/pages"}],"about":[{"href":"https:\/\/intlaw.servidorbeta.es\/it\/wp-json\/wp\/v2\/types\/page"}],"author":[{"embeddable":true,"href":"https:\/\/intlaw.servidorbeta.es\/it\/wp-json\/wp\/v2\/users\/1"}],"replies":[{"embeddable":true,"href":"https:\/\/intlaw.servidorbeta.es\/it\/wp-json\/wp\/v2\/comments?post=5080"}],"version-history":[{"count":2,"href":"https:\/\/intlaw.servidorbeta.es\/it\/wp-json\/wp\/v2\/pages\/5080\/revisions"}],"predecessor-version":[{"id":5083,"href":"https:\/\/intlaw.servidorbeta.es\/it\/wp-json\/wp\/v2\/pages\/5080\/revisions\/5083"}],"wp:attachment":[{"href":"https:\/\/intlaw.servidorbeta.es\/it\/wp-json\/wp\/v2\/media?parent=5080"}],"curies":[{"name":"wp","href":"https:\/\/api.w.org\/{rel}","templated":true}]}}