{"id":5148,"date":"2026-02-03T15:13:33","date_gmt":"2026-02-03T14:13:33","guid":{"rendered":"https:\/\/intlaw.servidorbeta.es\/ariadna-lopez-purti\/"},"modified":"2026-03-13T07:26:00","modified_gmt":"2026-03-13T06:26:00","slug":"ariadna-lopez-purti","status":"publish","type":"page","link":"https:\/\/intlaw.servidorbeta.es\/es\/ariadna-lopez-purti\/","title":{"rendered":"Ariadna L\u00f3pez Purt\u00ed"},"content":{"rendered":"[vc_row type=\u00bbin_container\u00bb full_screen_row_position=\u00bbmiddle\u00bb column_margin=\u00bbdefault\u00bb column_direction=\u00bbdefault\u00bb column_direction_tablet=\u00bbdefault\u00bb column_direction_phone=\u00bbdefault\u00bb scene_position=\u00bbcenter\u00bb text_color=\u00bbdark\u00bb text_align=\u00bbleft\u00bb row_border_radius=\u00bbnone\u00bb row_border_radius_applies=\u00bbbg\u00bb overflow=\u00bbvisible\u00bb overlay_strength=\u00bb0.3&#8243; gradient_direction=\u00bbleft_to_right\u00bb shape_divider_position=\u00bbbottom\u00bb bg_image_animation=\u00bbnone\u00bb][vc_column column_padding=\u00bbno-extra-padding\u00bb column_padding_tablet=\u00bbinherit\u00bb column_padding_phone=\u00bbinherit\u00bb column_padding_position=\u00bball\u00bb column_element_spacing=\u00bbdefault\u00bb background_color_opacity=\u00bb1&#8243; background_hover_color_opacity=\u00bb1&#8243; column_shadow=\u00bbnone\u00bb column_border_radius=\u00bbnone\u00bb column_link_target=\u00bb_self\u00bb column_position=\u00bbdefault\u00bb gradient_direction=\u00bbleft_to_right\u00bb overlay_strength=\u00bb0.3&#8243; width=\u00bb1\/1&#8243; tablet_width_inherit=\u00bbdefault\u00bb tablet_text_alignment=\u00bbdefault\u00bb phone_text_alignment=\u00bbdefault\u00bb animation_type=\u00bbdefault\u00bb bg_image_animation=\u00bbnone\u00bb border_type=\u00bbsimple\u00bb column_border_width=\u00bbnone\u00bb column_border_style=\u00bbsolid\u00bb][vc_custom_heading text=\u00bbARIADNA L\u00d3PEZ PURT\u00cd (Abogada)\u00bb font_container=\u00bbtag:h4|text_align:left|color:%231f360f\u00bb use_theme_fonts=\u00bbyes\u00bb][divider line_type=\u00bbSmall Line\u00bb line_alignment=\u00bbdefault\u00bb line_thickness=\u00bb2&#8243; divider_color=\u00bbaccent-color\u00bb animate=\u00bbyes\u00bb custom_line_width=\u00bb60&#8243;][\/vc_column][\/vc_row][vc_row type=\u00bbin_container\u00bb full_screen_row_position=\u00bbmiddle\u00bb column_margin=\u00bbdefault\u00bb column_direction=\u00bbdefault\u00bb column_direction_tablet=\u00bbdefault\u00bb column_direction_phone=\u00bbdefault\u00bb scene_position=\u00bbcenter\u00bb text_color=\u00bbdark\u00bb text_align=\u00bbleft\u00bb row_border_radius=\u00bbnone\u00bb row_border_radius_applies=\u00bbbg\u00bb overflow=\u00bbvisible\u00bb overlay_strength=\u00bb0.3&#8243; gradient_direction=\u00bbleft_to_right\u00bb shape_divider_position=\u00bbbottom\u00bb bg_image_animation=\u00bbnone\u00bb][vc_column column_padding=\u00bbno-extra-padding\u00bb column_padding_tablet=\u00bbinherit\u00bb column_padding_phone=\u00bbinherit\u00bb column_padding_position=\u00bball\u00bb column_element_spacing=\u00bbdefault\u00bb background_color_opacity=\u00bb1&#8243; background_hover_color_opacity=\u00bb1&#8243; column_shadow=\u00bbnone\u00bb column_border_radius=\u00bbnone\u00bb column_link_target=\u00bb_self\u00bb column_position=\u00bbdefault\u00bb gradient_direction=\u00bbleft_to_right\u00bb overlay_strength=\u00bb0.3&#8243; width=\u00bb1\/4&#8243; tablet_width_inherit=\u00bbdefault\u00bb tablet_text_alignment=\u00bbdefault\u00bb phone_text_alignment=\u00bbdefault\u00bb animation_type=\u00bbdefault\u00bb bg_image_animation=\u00bbnone\u00bb border_type=\u00bbsimple\u00bb column_border_width=\u00bbnone\u00bb column_border_style=\u00bbsolid\u00bb][image_with_animation image_url=\u00bb4226&#8243; image_size=\u00bbfull\u00bb animation_type=\u00bbentrance\u00bb animation=\u00bbFade In\u00bb hover_animation=\u00bbnone\u00bb alignment=\u00bb\u00bb border_radius=\u00bbnone\u00bb box_shadow=\u00bbnone\u00bb image_loading=\u00bbdefault\u00bb max_width=\u00bb100%\u00bb max_width_mobile=\u00bbdefault\u00bb][split_line_heading animation_type=\u00bbline-reveal-by-space\u00bb font_style=\u00bbh5&#8243; text_color=\u00bb#0a0a0a\u00bb line_reveal_by_space_text_effect=\u00bbdefault\u00bb content_alignment=\u00bbdefault\u00bb mobile_content_alignment=\u00bbinherit\u00bb link_target=\u00bb_self\u00bb text_content=\u00bbARIADNA L\u00d3PEZ PURT\u00cd (Abogada)\u00bb max_width=\u00bb450&#8243;][\/split_line_heading][vc_column_text]Correo: alp@intlaw.eu<br \/>\nN\u00famero telef\u00f3nico: +34 689 571 956<br \/>\n<span style=\"font-weight: 400;\"><a href=\"https:\/\/www.linkedin.com\/in\/ariadna-l%C3%B3pez-purt%C3%AD-386559227\/\" target=\"_blank\" rel=\"noopener nofollow\">\u00danase a mi red de LinkedIn<\/a><\/span>[\/vc_column_text][vc_column_text]\n<h5>\u00c1REAS DE PR\u00c1CTICA<\/h5>\n<p>&#8211; Derecho de Familia y Sucesiones<br \/>\n&#8211; Derecho Mercantil<br \/>\n&#8211; Conciliaci\u00f3n<br \/>\n&#8211; Derecho Colaborativo<br \/>\n&#8211; Gesti\u00f3n de Relaciones Personales y Empresariales<br \/>\n&#8211; Contratos Conscientes y Relaciones Contractuales con Enfoque \u00c9tico y Relacional<\/p>\n<h5>Desks:<\/h5>\n<p><span style=\"font-weight: 400;\">Espa\u00f1a<\/span><\/p>\n<h5>Idiomas:<\/h5>\n<p><span style=\"font-weight: 400;\">Ingl\u00e9s, Espa\u00f1ol y Catal\u00e1n<br \/>\n<\/span><\/p>\n<h5><\/h5>\n[\/vc_column_text][\/vc_column][vc_column column_padding=\u00bbno-extra-padding\u00bb column_padding_tablet=\u00bbinherit\u00bb column_padding_phone=\u00bbinherit\u00bb column_padding_position=\u00bball\u00bb column_element_spacing=\u00bbdefault\u00bb background_color_opacity=\u00bb1&#8243; background_hover_color_opacity=\u00bb1&#8243; column_shadow=\u00bbnone\u00bb column_border_radius=\u00bbnone\u00bb column_link_target=\u00bb_self\u00bb column_position=\u00bbdefault\u00bb gradient_direction=\u00bbleft_to_right\u00bb overlay_strength=\u00bb0.3&#8243; width=\u00bb3\/4&#8243; tablet_width_inherit=\u00bbdefault\u00bb tablet_text_alignment=\u00bbdefault\u00bb phone_text_alignment=\u00bbdefault\u00bb animation_type=\u00bbdefault\u00bb bg_image_animation=\u00bbnone\u00bb border_type=\u00bbsimple\u00bb column_border_width=\u00bbnone\u00bb column_border_style=\u00bbsolid\u00bb][vc_column_text max_width=\u00bb800&#8243;]Ariadna L\u00f3pez Purt\u00ed is a lawyer admitted to the Barcelona Bar Association, specialized in Family Law and Succession Law, as well as in business relationships.<\/p>\n<p>Es Abogada Colaborativa acreditada por la ACDC y Conciliadora certificada por el CICAC, con formaci\u00f3n en Negociaci\u00f3n (Harvard), Derecho Sist\u00e9mico de Familia y Contratos Conscientes. Su enfoque es humanista e interdisciplinario, integrando perspectivas legales, emocionali, relacionales e sist\u00e9micas para acompa\u00f1ar a las personas en la prevenci\u00f3n, gesti\u00f3n e resoluci\u00f3n de conflictos, as\u00ed como en procesos significativos de transici\u00f3n vital. <\/p>\n<p>Desarrolla su pr\u00e1ctica profesional desde una perspectiva consciente y responsable, priorizando el di\u00e1logo, la corresponsabilidad y la toma de decisiones informada, tanto en contextos familiares como empresariales.<\/p>\n<p>Desarrolla su pr\u00e1ctica profesional desde una perspectiva consciente y responsable, priorizando el di\u00e1logo, la corresponsabilidad y la toma de decisiones informada, tanto en contextos familiares como empresariales.<\/p>\n<p>Asesora a empresas, profesionales y proyectos emprendedores en la redacci\u00f3n, revisi\u00f3n y gesti\u00f3n de contratos conscientes, alineando las estructuras legales con los valores, la cultura organizacional e la calidad de las relaciones, con el objetivo de prevenir conflictos y fomentar alianzas sostenibles a largo plazo.<\/p>\n<p>Es docente en el M\u00e1ster en M\u00e9todos Adecuados de Resoluci\u00f3n de Conflictos de la Universidad de M\u00e9xico y autora de diversos art\u00edculos sobre herramientas epist\u00e9micas y cualidades esenciales del profesional colaborativo, publicados en Iustitia (Italia y Argentina).<\/p>\n<p>Tambi\u00e9n es responsable de la Secci\u00f3n de J\u00f3venes de la Asociaci\u00f3n Abogac\u00eda &amp; Conciencia y miembro de la Asociaci\u00f3n Catalana de Derecho Colaborativo.<\/p>\n<h5>MEMBRES\u00cdAS PROFESIONALES Y ACAD\u00c9MICAS<\/h5>\n<ul>\n<li><strong>Docente en instituciones internacionales:<\/strong>\n<ul>\n<li>Docente en el M\u00e1ster Universitario en &#8216;M\u00e9todos Alternativos de Resoluci\u00f3n de Conflictos y Negociaci\u00f3n&#8217; de la Universidad de M\u00e9xico<\/li>\n<li>Docente en el M\u00e1ster Universitario en &#8216;El Profesional Colaborativo&#8217; de la Universidad de Buenos Aires<\/li>\n<\/ul>\n<\/li>\n<li>Miembro de la Junta Directiva de la Asociaci\u00f3n Abogac\u00eda &amp; Conciencia<\/li>\n<li>Coordinadora de la Asociaci\u00f3n Catalana de Derecho Colaborativo (ACDC)<\/li>\n<li>Publicaciones en la Revista Iustitia \u2013 Universidad de Pav\u00eda:<br \/>\n<em> Herramientas epist\u00e9micas y cualidades esenciales del profesional colaborativo: hacia una transformaci\u00f3n consciente de la cultura jur\u00eddica.<\/em><\/li>\n<\/ul>\n<h5>EDUCACI\u00d3N<\/h5>\n<ul>\n<li>M\u00e1ster en Derecho de Sucesiones \u2013 Ilustre Colegio de la Abogac\u00eda de Barcelona (ICAB)<\/li>\n<li>Formaci\u00f3n en Conciliaci\u00f3n \u2013 CICAC (Consell de l&#8217;Advocacia Catalana)<\/li>\n<li>Formaci\u00f3n en Derecho Colaborativo \u2013 ICAB, Universidad de Barcelona y ACDC<\/li>\n<li>Formaci\u00f3n en Contratos Conscientes \u2013 International Academy of Collaborative Professionals (USA) y Asociaci\u00f3n Vasca de Derecho Colaborativo<\/li>\n<li>M\u00e1ster en Abogac\u00eda \u2013 Universidad Pompeu Fabra, School of Management<\/li>\n<li>Grado en Derecho \u2013 Universidad Pompeu Fabra<\/li>\n<\/ul>\n[\/vc_column_text][\/vc_column][\/vc_row]\n","protected":false},"excerpt":{"rendered":"<p>[vc_row type=\u00bbin_container\u00bb full_screen_row_position=\u00bbmiddle\u00bb column_margin=\u00bbdefault\u00bb column_direction=\u00bbdefault\u00bb column_direction_tablet=\u00bbdefault\u00bb column_direction_phone=\u00bbdefault\u00bb scene_position=\u00bbcenter\u00bb text_color=\u00bbdark\u00bb text_align=\u00bbleft\u00bb row_border_radius=\u00bbnone\u00bb row_border_radius_applies=\u00bbbg\u00bb overflow=\u00bbvisible\u00bb overlay_strength=\u00bb0.3&#8243; gradient_direction=\u00bbleft_to_right\u00bb shape_divider_position=\u00bbbottom\u00bb bg_image_animation=\u00bbnone\u00bb][vc_column column_padding=\u00bbno-extra-padding\u00bb column_padding_tablet=\u00bbinherit\u00bb column_padding_phone=\u00bbinherit\u00bb column_padding_position=\u00bball\u00bb column_element_spacing=\u00bbdefault\u00bb background_color_opacity=\u00bb1&#8243; background_hover_color_opacity=\u00bb1&#8243; column_shadow=\u00bbnone\u00bb column_border_radius=\u00bbnone\u00bb column_link_target=\u00bb_self\u00bb column_position=\u00bbdefault\u00bb gradient_direction=\u00bbleft_to_right\u00bb overlay_strength=\u00bb0.3&#8243;&#8230;<\/p>\n","protected":false},"author":5,"featured_media":0,"parent":0,"menu_order":0,"comment_status":"closed","ping_status":"closed","template":"","meta":{"footnotes":""},"class_list":["post-5148","page","type-page","status-publish"],"_links":{"self":[{"href":"https:\/\/intlaw.servidorbeta.es\/es\/wp-json\/wp\/v2\/pages\/5148","targetHints":{"allow":["GET"]}}],"collection":[{"href":"https:\/\/intlaw.servidorbeta.es\/es\/wp-json\/wp\/v2\/pages"}],"about":[{"href":"https:\/\/intlaw.servidorbeta.es\/es\/wp-json\/wp\/v2\/types\/page"}],"author":[{"embeddable":true,"href":"https:\/\/intlaw.servidorbeta.es\/es\/wp-json\/wp\/v2\/users\/5"}],"replies":[{"embeddable":true,"href":"https:\/\/intlaw.servidorbeta.es\/es\/wp-json\/wp\/v2\/comments?post=5148"}],"version-history":[{"count":2,"href":"https:\/\/intlaw.servidorbeta.es\/es\/wp-json\/wp\/v2\/pages\/5148\/revisions"}],"predecessor-version":[{"id":5150,"href":"https:\/\/intlaw.servidorbeta.es\/es\/wp-json\/wp\/v2\/pages\/5148\/revisions\/5150"}],"wp:attachment":[{"href":"https:\/\/intlaw.servidorbeta.es\/es\/wp-json\/wp\/v2\/media?parent=5148"}],"curies":[{"name":"wp","href":"https:\/\/api.w.org\/{rel}","templated":true}]}}