{"id":5132,"date":"2024-05-17T11:57:08","date_gmt":"2024-05-17T10:57:08","guid":{"rendered":"https:\/\/intlaw.servidorbeta.es\/sergio-villanova\/"},"modified":"2026-03-13T07:15:02","modified_gmt":"2026-03-13T06:15:02","slug":"sergio-villanova","status":"publish","type":"page","link":"https:\/\/intlaw.servidorbeta.es\/es\/sergio-villanova\/","title":{"rendered":"Sergio Villanova"},"content":{"rendered":"[vc_row type=\u00bbin_container\u00bb full_screen_row_position=\u00bbmiddle\u00bb column_margin=\u00bbdefault\u00bb column_direction=\u00bbdefault\u00bb column_direction_tablet=\u00bbdefault\u00bb column_direction_phone=\u00bbdefault\u00bb scene_position=\u00bbcenter\u00bb text_color=\u00bbdark\u00bb text_align=\u00bbleft\u00bb row_border_radius=\u00bbnone\u00bb row_border_radius_applies=\u00bbbg\u00bb overflow=\u00bbvisible\u00bb overlay_strength=\u00bb0.3&#8243; gradient_direction=\u00bbleft_to_right\u00bb shape_divider_position=\u00bbbottom\u00bb bg_image_animation=\u00bbnone\u00bb shape_type=\u00bb\u00bb][vc_column column_padding=\u00bbno-extra-padding\u00bb column_padding_tablet=\u00bbinherit\u00bb column_padding_phone=\u00bbinherit\u00bb column_padding_position=\u00bball\u00bb column_element_spacing=\u00bbdefault\u00bb background_color_opacity=\u00bb1&#8243; background_hover_color_opacity=\u00bb1&#8243; column_shadow=\u00bbnone\u00bb column_border_radius=\u00bbnone\u00bb column_link_target=\u00bb_self\u00bb column_position=\u00bbdefault\u00bb gradient_direction=\u00bbleft_to_right\u00bb overlay_strength=\u00bb0.3&#8243; width=\u00bb1\/1&#8243; tablet_width_inherit=\u00bbdefault\u00bb tablet_text_alignment=\u00bbdefault\u00bb phone_text_alignment=\u00bbdefault\u00bb animation_type=\u00bbdefault\u00bb bg_image_animation=\u00bbnone\u00bb border_type=\u00bbsimple\u00bb column_border_width=\u00bbnone\u00bb column_border_style=\u00bbsolid\u00bb][vc_custom_heading text=\u00bbSERGIO VILLANOVA ERRANDO (Abogado)\u00bb font_container=\u00bbtag:h4|text_align:left|color:%231f360f\u00bb use_theme_fonts=\u00bbyes\u00bb][divider line_type=\u00bbSmall Line\u00bb line_alignment=\u00bbdefault\u00bb line_thickness=\u00bb2&#8243; divider_color=\u00bbaccent-color\u00bb animate=\u00bbyes\u00bb custom_line_width=\u00bb60&#8243;][\/vc_column][\/vc_row][vc_row type=\u00bbfull_width_background\u00bb full_screen_row_position=\u00bbmiddle\u00bb column_margin=\u00bb50px\u00bb column_direction=\u00bbdefault\u00bb column_direction_tablet=\u00bbdefault\u00bb column_direction_phone=\u00bbdefault\u00bb scene_position=\u00bbcenter\u00bb top_padding=\u00bb0&#8243; bottom_padding=\u00bb5%\u00bb text_color=\u00bbdark\u00bb text_align=\u00bbleft\u00bb row_border_radius=\u00bbnone\u00bb row_border_radius_applies=\u00bbbg\u00bb overflow=\u00bbvisible\u00bb id=\u00bbabout\u00bb overlay_strength=\u00bb0.3&#8243; gradient_direction=\u00bbleft_to_right\u00bb shape_divider_position=\u00bbbottom\u00bb bg_image_animation=\u00bbnone\u00bb shape_type=\u00bb\u00bb][vc_column column_padding=\u00bbno-extra-padding\u00bb column_padding_tablet=\u00bbinherit\u00bb column_padding_phone=\u00bbinherit\u00bb column_padding_position=\u00bball\u00bb column_element_spacing=\u00bbdefault\u00bb background_color_opacity=\u00bb1&#8243; background_hover_color_opacity=\u00bb1&#8243; column_shadow=\u00bbnone\u00bb column_border_radius=\u00bbnone\u00bb column_link_target=\u00bb_self\u00bb column_position=\u00bbdefault\u00bb boxed=\u00bbtrue\u00bb gradient_direction=\u00bbleft_to_right\u00bb overlay_strength=\u00bb0.3&#8243; width=\u00bb2\/5&#8243; tablet_width_inherit=\u00bbdefault\u00bb tablet_text_alignment=\u00bbdefault\u00bb phone_text_alignment=\u00bbdefault\u00bb animation_type=\u00bbdefault\u00bb bg_image_animation=\u00bbnone\u00bb border_type=\u00bbsimple\u00bb column_border_width=\u00bbnone\u00bb column_border_style=\u00bbsolid\u00bb][image_with_animation image_url=\u00bb3937&#8243; image_size=\u00bbfull\u00bb animation_type=\u00bbentrance\u00bb animation=\u00bbFade In\u00bb hover_animation=\u00bbnone\u00bb alignment=\u00bb\u00bb border_radius=\u00bbnone\u00bb box_shadow=\u00bbnone\u00bb image_loading=\u00bbdefault\u00bb max_width=\u00bb100%\u00bb max_width_mobile=\u00bbdefault\u00bb][split_line_heading animation_type=\u00bbline-reveal-by-space\u00bb font_style=\u00bbh5&#8243; text_color=\u00bb#0a0a0a\u00bb line_reveal_by_space_text_effect=\u00bbdefault\u00bb content_alignment=\u00bbdefault\u00bb mobile_content_alignment=\u00bbinherit\u00bb link_target=\u00bb_self\u00bb text_content=\u00bbSERGIO VILLANOVA ERRANDO\u00bb max_width=\u00bb450&#8243;][\/split_line_heading][vc_column_text css=\u00bb.vc_custom_1715942878591{padding-top: 0px !important;}\u00bb]Correo: sv@intlaw.servidorbeta.es<br \/>N\u00famero telef\u00f3nico: +34 931 125 423<br \/><a href=\"https:\/\/www.linkedin.com\/in\/sergio-villanova-errando-2b1688151\/?original_referer=https%3A%2F%2Fwww%2Egoogle%2Ecom%2F&amp;originalSubdomain=es\" rel=\"nofollow noopener\" target=\"_blank\"> \u00danase a mi red de LinkedIn<\/a>[\/vc_column_text][vc_column_text]\n<h5>Desks:<\/h5>\n<p>Espa\u00f1a, Francia<\/p>\n<h5>\u00c1reas de pr\u00e1ctica:<\/h5>\n<p>Litigaci\u00f3n, Derecho Penal, Derecho Penal Econ\u00f3mico, Compliance Penal, Derecho Civil, Derecho de Da\u00f1os, Arbitraje<\/p>\n<h5>Idiomas:<\/h5>\n<p>Espa\u00f1ol, catal\u00e1n, franc\u00e9s, ingl\u00e9s<\/p>\n<h5>Poder del ejercicio:<\/h5>\n<p>Todos los Tribunales espa\u00f1oles[\/vc_column_text][\/vc_column][vc_column column_padding=\u00bbpadding-2-percent\u00bb column_padding_tablet=\u00bbinherit\u00bb column_padding_phone=\u00bbinherit\u00bb column_padding_position=\u00bbleft-right\u00bb column_element_spacing=\u00bbdefault\u00bb background_color_opacity=\u00bb1&#8243; background_hover_color_opacity=\u00bb1&#8243; column_shadow=\u00bbnone\u00bb column_border_radius=\u00bbnone\u00bb column_link_target=\u00bb_self\u00bb column_position=\u00bbdefault\u00bb gradient_direction=\u00bbleft_to_right\u00bb overlay_strength=\u00bb0.3&#8243; width=\u00bb3\/5&#8243; tablet_width_inherit=\u00bbdefault\u00bb tablet_text_alignment=\u00bbdefault\u00bb phone_text_alignment=\u00bbdefault\u00bb animation_type=\u00bbdefault\u00bb bg_image_animation=\u00bbnone\u00bb border_type=\u00bbsimple\u00bb column_border_width=\u00bbnone\u00bb column_border_style=\u00bbsolid\u00bb][vc_row_inner column_margin=\u00bbdefault\u00bb column_direction=\u00bbdefault\u00bb column_direction_tablet=\u00bbdefault\u00bb column_direction_phone=\u00bbdefault\u00bb text_align=\u00bbleft\u00bb row_position=\u00bbdefault\u00bb row_position_tablet=\u00bbinherit\u00bb row_position_phone=\u00bbinherit\u00bb overflow=\u00bbvisible\u00bb pointer_events=\u00bball\u00bb][vc_column_inner column_padding=\u00bbpadding-2-percent\u00bb column_padding_tablet=\u00bbinherit\u00bb column_padding_phone=\u00bbinherit\u00bb column_padding_position=\u00bbtop\u00bb column_element_spacing=\u00bbdefault\u00bb background_color_opacity=\u00bb1&#8243; background_hover_color_opacity=\u00bb1&#8243; column_shadow=\u00bbnone\u00bb column_border_radius=\u00bbnone\u00bb column_link_target=\u00bb_self\u00bb gradient_direction=\u00bbleft_to_right\u00bb overlay_strength=\u00bb0.3&#8243; width=\u00bb1\/1&#8243; tablet_width_inherit=\u00bbdefault\u00bb animation_type=\u00bbdefault\u00bb enable_animation=\u00bbtrue\u00bb animation=\u00bbfade-in-from-bottom\u00bb bg_image_animation=\u00bbnone\u00bb border_type=\u00bbsimple\u00bb column_border_width=\u00bbnone\u00bb column_border_style=\u00bbsolid\u00bb][vc_column_text max_width=\u00bb800&#8243;]Sergio Villanova Errando es un abogado especializado en Derecho Procesal y Arbitraje con una amplia experiencia en comparecencias ante Juzgados y Tribunales Civiles y Penales en diferentes tipos de procedimientos.<\/p>\n<p>Fruto de sus estudios en el extranjero, se encarga del asesoramiento y la asistencia a clientes internacionales tanto en ingl\u00e9s como en franc\u00e9s en diversas materias, que van desde el asesoramiento jur\u00eddico general hasta la asistencia letrada espec\u00edfica en la jurisdicci\u00f3n civil y penal, as\u00ed como en procedimientos arbitrales, nacionales e internacionales.<\/p>\n<p>Debido a su vocaci\u00f3n internacional, conexiones empresariales y fluidez en franc\u00e9s, ha sido nombrado, inmediatamente despu\u00e9s de su incorporaci\u00f3n, Director del French Desk de la Firma.<\/p>\n<p>Entre otros, Sergio est\u00e1 altamente cualificado en la direcci\u00f3n letrada de procedimientos muy diversos en materias de:<\/p>\n<ul>\n<li>Responsabilidad contractual y extracontractual;<\/li>\n<li>Validez, interpretaci\u00f3n, terminaci\u00f3n y resoluci\u00f3n de contratos;<\/li>\n<li>Conflictos societarios;<\/li>\n<li>Ejecuci\u00f3n de t\u00edtulos judiciales y extrajudiciales;<\/li>\n<li>Derecho Penal puro;<\/li>\n<li>Derecho Penal Econ\u00f3mico (White Collar Crime);<\/li>\n<li>Arbitraje.<\/li>\n<\/ul>\n<p>Asimismo, asiste en procedimientos arbitrales ante la CCI (C\u00e1mara de Comercio Internacional), gracias a su experiencia en m\u00faltiples jurisdicciones y normas procesales y a su fluidez tanto en ingl\u00e9s como en franc\u00e9s.<\/p>\n<p>Finalmente, ejerce como Profesor Asociado en el Grado en Derecho de Esade Law School.<\/p>\n<h5>CALIFICACIONES Y ASOCIACIONES PROFESIONALES<\/h5>\n<ul>\n<li>Barcelona Bar Association \u2013 ICAB (Ilustre Colegio de la Abogac\u00eda de Barcelona)<\/li>\n<\/ul>\n<h5>EDUCACI\u00d3N<\/h5>\n<ul>\n<li>Grado en Derecho, Universidad Pompeu Fabra (UPF)<\/li>\n<li>Programa de intercambio con la Universidad de Ginebra, Suiza<\/li>\n<li>M\u00e1ster en Abogac\u00eda, Universidad Pompeu Fabra (UPF)<\/li>\n<\/ul>\n[\/vc_column_text][\/vc_column_inner][\/vc_row_inner][\/vc_column][\/vc_row]\n","protected":false},"excerpt":{"rendered":"<p>[vc_row type=\u00bbin_container\u00bb full_screen_row_position=\u00bbmiddle\u00bb column_margin=\u00bbdefault\u00bb column_direction=\u00bbdefault\u00bb column_direction_tablet=\u00bbdefault\u00bb column_direction_phone=\u00bbdefault\u00bb scene_position=\u00bbcenter\u00bb text_color=\u00bbdark\u00bb text_align=\u00bbleft\u00bb row_border_radius=\u00bbnone\u00bb row_border_radius_applies=\u00bbbg\u00bb overflow=\u00bbvisible\u00bb overlay_strength=\u00bb0.3&#8243; gradient_direction=\u00bbleft_to_right\u00bb shape_divider_position=\u00bbbottom\u00bb bg_image_animation=\u00bbnone\u00bb shape_type=\u00bb\u00bb][vc_column column_padding=\u00bbno-extra-padding\u00bb column_padding_tablet=\u00bbinherit\u00bb column_padding_phone=\u00bbinherit\u00bb column_padding_position=\u00bball\u00bb column_element_spacing=\u00bbdefault\u00bb background_color_opacity=\u00bb1&#8243; background_hover_color_opacity=\u00bb1&#8243; column_shadow=\u00bbnone\u00bb column_border_radius=\u00bbnone\u00bb column_link_target=\u00bb_self\u00bb column_position=\u00bbdefault\u00bb gradient_direction=\u00bbleft_to_right\u00bb&#8230;<\/p>\n","protected":false},"author":5,"featured_media":0,"parent":0,"menu_order":0,"comment_status":"closed","ping_status":"closed","template":"","meta":{"footnotes":""},"class_list":["post-5132","page","type-page","status-publish"],"_links":{"self":[{"href":"https:\/\/intlaw.servidorbeta.es\/es\/wp-json\/wp\/v2\/pages\/5132","targetHints":{"allow":["GET"]}}],"collection":[{"href":"https:\/\/intlaw.servidorbeta.es\/es\/wp-json\/wp\/v2\/pages"}],"about":[{"href":"https:\/\/intlaw.servidorbeta.es\/es\/wp-json\/wp\/v2\/types\/page"}],"author":[{"embeddable":true,"href":"https:\/\/intlaw.servidorbeta.es\/es\/wp-json\/wp\/v2\/users\/5"}],"replies":[{"embeddable":true,"href":"https:\/\/intlaw.servidorbeta.es\/es\/wp-json\/wp\/v2\/comments?post=5132"}],"version-history":[{"count":2,"href":"https:\/\/intlaw.servidorbeta.es\/es\/wp-json\/wp\/v2\/pages\/5132\/revisions"}],"predecessor-version":[{"id":5134,"href":"https:\/\/intlaw.servidorbeta.es\/es\/wp-json\/wp\/v2\/pages\/5132\/revisions\/5134"}],"wp:attachment":[{"href":"https:\/\/intlaw.servidorbeta.es\/es\/wp-json\/wp\/v2\/media?parent=5132"}],"curies":[{"name":"wp","href":"https:\/\/api.w.org\/{rel}","templated":true}]}}