{"id":5122,"date":"2022-05-14T20:55:29","date_gmt":"2022-05-14T19:55:29","guid":{"rendered":"https:\/\/intlaw.servidorbeta.es\/alexandra-sin-vacaru\/"},"modified":"2026-03-13T07:04:49","modified_gmt":"2026-03-13T06:04:49","slug":"alexandra-sin-vacaru","status":"publish","type":"page","link":"https:\/\/intlaw.servidorbeta.es\/es\/alexandra-sin-vacaru\/","title":{"rendered":"Alexandra Sin Vacaru"},"content":{"rendered":"[vc_row type=\u00bbin_container\u00bb full_screen_row_position=\u00bbmiddle\u00bb column_margin=\u00bbdefault\u00bb column_direction=\u00bbdefault\u00bb column_direction_tablet=\u00bbdefault\u00bb column_direction_phone=\u00bbdefault\u00bb scene_position=\u00bbcenter\u00bb text_color=\u00bbdark\u00bb text_align=\u00bbleft\u00bb row_border_radius=\u00bbnone\u00bb row_border_radius_applies=\u00bbbg\u00bb overflow=\u00bbvisible\u00bb overlay_strength=\u00bb0.3&#8243; gradient_direction=\u00bbleft_to_right\u00bb shape_divider_position=\u00bbbottom\u00bb bg_image_animation=\u00bbnone\u00bb][vc_column column_padding=\u00bbno-extra-padding\u00bb column_padding_tablet=\u00bbinherit\u00bb column_padding_phone=\u00bbinherit\u00bb column_padding_position=\u00bball\u00bb column_element_spacing=\u00bbdefault\u00bb background_color_opacity=\u00bb1&#8243; background_hover_color_opacity=\u00bb1&#8243; column_shadow=\u00bbnone\u00bb column_border_radius=\u00bbnone\u00bb column_link_target=\u00bb_self\u00bb column_position=\u00bbdefault\u00bb gradient_direction=\u00bbleft_to_right\u00bb overlay_strength=\u00bb0.3&#8243; width=\u00bb1\/1&#8243; tablet_width_inherit=\u00bbdefault\u00bb tablet_text_alignment=\u00bbdefault\u00bb phone_text_alignment=\u00bbdefault\u00bb animation_type=\u00bbdefault\u00bb bg_image_animation=\u00bbnone\u00bb border_type=\u00bbsimple\u00bb column_border_width=\u00bbnone\u00bb column_border_style=\u00bbsolid\u00bb][vc_custom_heading text=\u00bbALEXANDRA SIN VACARU (Abogada)\u00bb font_container=\u00bbtag:h4|text_align:left|color:%231f360f\u00bb use_theme_fonts=\u00bbyes\u00bb][divider line_type=\u00bbSmall Line\u00bb line_alignment=\u00bbdefault\u00bb line_thickness=\u00bb2&#8243; divider_color=\u00bbaccent-color\u00bb animate=\u00bbyes\u00bb custom_line_width=\u00bb60&#8243;][\/vc_column][\/vc_row][vc_row type=\u00bbin_container\u00bb full_screen_row_position=\u00bbmiddle\u00bb column_margin=\u00bbdefault\u00bb column_direction=\u00bbdefault\u00bb column_direction_tablet=\u00bbdefault\u00bb column_direction_phone=\u00bbdefault\u00bb scene_position=\u00bbcenter\u00bb text_color=\u00bbdark\u00bb text_align=\u00bbleft\u00bb row_border_radius=\u00bbnone\u00bb row_border_radius_applies=\u00bbbg\u00bb overflow=\u00bbvisible\u00bb overlay_strength=\u00bb0.3&#8243; gradient_direction=\u00bbleft_to_right\u00bb shape_divider_position=\u00bbbottom\u00bb bg_image_animation=\u00bbnone\u00bb][vc_column column_padding=\u00bbno-extra-padding\u00bb column_padding_tablet=\u00bbinherit\u00bb column_padding_phone=\u00bbinherit\u00bb column_padding_position=\u00bball\u00bb column_element_spacing=\u00bbdefault\u00bb background_color_opacity=\u00bb1&#8243; background_hover_color_opacity=\u00bb1&#8243; column_shadow=\u00bbnone\u00bb column_border_radius=\u00bbnone\u00bb column_link_target=\u00bb_self\u00bb column_position=\u00bbdefault\u00bb gradient_direction=\u00bbleft_to_right\u00bb overlay_strength=\u00bb0.3&#8243; width=\u00bb1\/4&#8243; tablet_width_inherit=\u00bbdefault\u00bb tablet_text_alignment=\u00bbdefault\u00bb phone_text_alignment=\u00bbdefault\u00bb animation_type=\u00bbdefault\u00bb bg_image_animation=\u00bbnone\u00bb border_type=\u00bbsimple\u00bb column_border_width=\u00bbnone\u00bb column_border_style=\u00bbsolid\u00bb][image_with_animation image_url=\u00bb3935&#8243; image_size=\u00bbfull\u00bb animation_type=\u00bbentrance\u00bb animation=\u00bbFade In\u00bb hover_animation=\u00bbnone\u00bb alignment=\u00bb\u00bb border_radius=\u00bbnone\u00bb box_shadow=\u00bbnone\u00bb image_loading=\u00bbdefault\u00bb max_width=\u00bb100%\u00bb max_width_mobile=\u00bbdefault\u00bb][split_line_heading animation_type=\u00bbline-reveal-by-space\u00bb font_style=\u00bbh5&#8243; text_color=\u00bb#0a0a0a\u00bb line_reveal_by_space_text_effect=\u00bbdefault\u00bb content_alignment=\u00bbdefault\u00bb mobile_content_alignment=\u00bbinherit\u00bb link_target=\u00bb_self\u00bb text_content=\u00bbALEXANDRA SIN VACARU\u00bb max_width=\u00bb450&#8243;][\/split_line_heading][vc_column_text]Correo: asv@intlaw.servidorbeta.es<br \/>N\u00famero telef\u00f3nico: +34 931 125 423<br \/><a href=\"https:\/\/www.linkedin.com\/in\/alexandrasin\/\" rel=\"nofollow noopener\" target=\"_blank\"> \u00danase a mi red de LinkedIn<\/a>[\/vc_column_text][vc_column_text]\n<h5>\u00c1reas de pr\u00e1ctica:<\/h5>\n<p><span style=\"font-weight: 400;\">Derecho Civil, Derecho Contractual, Derecho Societario, Litigios, Derecho Concursal, Derecho Inmobiliario, Derecho Internacional<\/span><\/p>\n<h5>Idiomas:<\/h5>\n<p>Spagnolo, rumeno, inglese, catalano<\/p>\n<h5>Poder del ejercicio:<\/h5>\n<p>Todos los Tribunales espa\u00f1oles[\/vc_column_text][\/vc_column][vc_column column_padding=\u00bbno-extra-padding\u00bb column_padding_tablet=\u00bbinherit\u00bb column_padding_phone=\u00bbinherit\u00bb column_padding_position=\u00bball\u00bb column_element_spacing=\u00bbdefault\u00bb background_color_opacity=\u00bb1&#8243; background_hover_color_opacity=\u00bb1&#8243; column_shadow=\u00bbnone\u00bb column_border_radius=\u00bbnone\u00bb column_link_target=\u00bb_self\u00bb column_position=\u00bbdefault\u00bb gradient_direction=\u00bbleft_to_right\u00bb overlay_strength=\u00bb0.3&#8243; width=\u00bb3\/4&#8243; tablet_width_inherit=\u00bbdefault\u00bb tablet_text_alignment=\u00bbdefault\u00bb phone_text_alignment=\u00bbdefault\u00bb animation_type=\u00bbdefault\u00bb bg_image_animation=\u00bbnone\u00bb border_type=\u00bbsimple\u00bb column_border_width=\u00bbnone\u00bb column_border_style=\u00bbsolid\u00bb][vc_column_text max_width=\u00bb800&#8243;]Alexandra es abogada especializada en derecho corporativo e inmobiliario, procesalista y coach. Brinda asesoramiento y estrategias legales a empresas y emprendedores, tanto nacionales como internacionales, ayud\u00e1ndoles a prevenir y superar conflictos (internos y externos) a trav\u00e9s del &#8216;conscious lawyering&#8217; y soluciones legales innovadoras. <\/p>\n<p>Con m\u00e1s de 12 a\u00f1os de experiencia en litigios comerciales y civiles en prestigiosas firmas nacionales e internacionales, como Garrigues y Fieldfisher\/Jausas, la actividad de Alexandra se centra especialmente en los siguientes aspectos:<\/p>\n<ul>\n<li>Redacci\u00f3n de contratos comerciales.<\/li>\n<li>Asesoramiento pre-litigioso y evaluaci\u00f3n de riesgos en asuntos civiles y corporativos.<\/li>\n<li>Litigios comerciales y corporativos en todas las instancias judiciales.and corporate litigation at all judicial levels.<\/li>\n<li>Transacciones inmobiliarias.<\/li>\n<li>Constituci\u00f3n de sociedades o asociaciones.<\/li>\n<li>Reclamaciones de responsabilidad de administradores.<\/li>\n<li>Reclamaciones por incumplimiento de contrato.<\/li>\n<li>Reclamaciones relacionadas con productos financieros complejos.<\/li>\n<li>Reclamaciones por impago de deudas.<\/li>\n<li>Recursos ante el Tribunal Supremo en materia civil y corporativa.<\/li>\n<li>Asesoramiento en reestructuraci\u00f3n de deuda y procedimientos de insolvencia.<\/li>\n<\/ul>\n<p>Su experiencia abarca una amplia gama de sectores, tales como finanzas, seguros, hosteler\u00eda, construcci\u00f3n e inmobiliario, banca, TMT, transporte y bienestar.<\/p>\n<p>Alexandra tambi\u00e9n ofrece servicios de consultor\u00eda de bienestar y programas para despachos de abogados y empresas que apuestan por el desarrollo personal y la transformaci\u00f3n empresarial.<\/p>\n<h5>CALIFICACIONES Y ASOCIACIONES PROFESIONALES<\/h5>\n<ul>\n<li>Barcelona Bar Association \u2013 ICAB (Ilustre Colegio de la Abogac\u00eda de Barcelona)<\/li>\n<li>Club de Abogados Rumanos en el Extranjero<\/li>\n<li>Asociaci\u00f3n de Abogados Conscientes<\/li>\n<\/ul>\n<h5>EDUCACI\u00d3N<\/h5>\n<ul>\n<li>Grado en Derecho, Universidad de Zaragoza (Espa\u00f1a)<\/li>\n<li>Grado en Administraci\u00f3n y Direcci\u00f3n de Empresas (ADE), Universidad de Zaragoza (Espa\u00f1a)<\/li>\n<\/ul>\n[\/vc_column_text][\/vc_column][\/vc_row]\n","protected":false},"excerpt":{"rendered":"<p>[vc_row type=\u00bbin_container\u00bb full_screen_row_position=\u00bbmiddle\u00bb column_margin=\u00bbdefault\u00bb column_direction=\u00bbdefault\u00bb column_direction_tablet=\u00bbdefault\u00bb column_direction_phone=\u00bbdefault\u00bb scene_position=\u00bbcenter\u00bb text_color=\u00bbdark\u00bb text_align=\u00bbleft\u00bb row_border_radius=\u00bbnone\u00bb row_border_radius_applies=\u00bbbg\u00bb overflow=\u00bbvisible\u00bb overlay_strength=\u00bb0.3&#8243; gradient_direction=\u00bbleft_to_right\u00bb shape_divider_position=\u00bbbottom\u00bb bg_image_animation=\u00bbnone\u00bb][vc_column column_padding=\u00bbno-extra-padding\u00bb column_padding_tablet=\u00bbinherit\u00bb column_padding_phone=\u00bbinherit\u00bb column_padding_position=\u00bball\u00bb column_element_spacing=\u00bbdefault\u00bb background_color_opacity=\u00bb1&#8243; background_hover_color_opacity=\u00bb1&#8243; column_shadow=\u00bbnone\u00bb column_border_radius=\u00bbnone\u00bb column_link_target=\u00bb_self\u00bb column_position=\u00bbdefault\u00bb gradient_direction=\u00bbleft_to_right\u00bb overlay_strength=\u00bb0.3&#8243;&#8230;<\/p>\n","protected":false},"author":5,"featured_media":0,"parent":0,"menu_order":0,"comment_status":"closed","ping_status":"closed","template":"","meta":{"footnotes":""},"class_list":["post-5122","page","type-page","status-publish"],"_links":{"self":[{"href":"https:\/\/intlaw.servidorbeta.es\/es\/wp-json\/wp\/v2\/pages\/5122","targetHints":{"allow":["GET"]}}],"collection":[{"href":"https:\/\/intlaw.servidorbeta.es\/es\/wp-json\/wp\/v2\/pages"}],"about":[{"href":"https:\/\/intlaw.servidorbeta.es\/es\/wp-json\/wp\/v2\/types\/page"}],"author":[{"embeddable":true,"href":"https:\/\/intlaw.servidorbeta.es\/es\/wp-json\/wp\/v2\/users\/5"}],"replies":[{"embeddable":true,"href":"https:\/\/intlaw.servidorbeta.es\/es\/wp-json\/wp\/v2\/comments?post=5122"}],"version-history":[{"count":2,"href":"https:\/\/intlaw.servidorbeta.es\/es\/wp-json\/wp\/v2\/pages\/5122\/revisions"}],"predecessor-version":[{"id":5126,"href":"https:\/\/intlaw.servidorbeta.es\/es\/wp-json\/wp\/v2\/pages\/5122\/revisions\/5126"}],"wp:attachment":[{"href":"https:\/\/intlaw.servidorbeta.es\/es\/wp-json\/wp\/v2\/media?parent=5122"}],"curies":[{"name":"wp","href":"https:\/\/api.w.org\/{rel}","templated":true}]}}