{"id":5104,"date":"2020-09-22T19:56:53","date_gmt":"2020-09-22T18:56:53","guid":{"rendered":"https:\/\/intlaw.servidorbeta.es\/alexandru-lazar\/"},"modified":"2026-03-13T06:53:52","modified_gmt":"2026-03-13T05:53:52","slug":"alexandru-lazar","status":"publish","type":"page","link":"https:\/\/intlaw.servidorbeta.es\/es\/alexandru-lazar\/","title":{"rendered":"Alexandru Lazar"},"content":{"rendered":"[vc_row type=\u00bbin_container\u00bb full_screen_row_position=\u00bbmiddle\u00bb column_margin=\u00bbdefault\u00bb column_direction=\u00bbdefault\u00bb column_direction_tablet=\u00bbdefault\u00bb column_direction_phone=\u00bbdefault\u00bb scene_position=\u00bbcenter\u00bb text_color=\u00bbdark\u00bb text_align=\u00bbleft\u00bb row_border_radius=\u00bbnone\u00bb row_border_radius_applies=\u00bbbg\u00bb overflow=\u00bbvisible\u00bb overlay_strength=\u00bb0.3&#8243; gradient_direction=\u00bbleft_to_right\u00bb shape_divider_position=\u00bbbottom\u00bb bg_image_animation=\u00bbnone\u00bb shape_type=\u00bb\u00bb][vc_column column_padding=\u00bbno-extra-padding\u00bb column_padding_tablet=\u00bbinherit\u00bb column_padding_phone=\u00bbinherit\u00bb column_padding_position=\u00bball\u00bb column_element_spacing=\u00bbdefault\u00bb background_color_opacity=\u00bb1&#8243; background_hover_color_opacity=\u00bb1&#8243; column_shadow=\u00bbnone\u00bb column_border_radius=\u00bbnone\u00bb column_link_target=\u00bb_self\u00bb column_position=\u00bbdefault\u00bb gradient_direction=\u00bbleft_to_right\u00bb overlay_strength=\u00bb0.3&#8243; width=\u00bb1\/1&#8243; tablet_width_inherit=\u00bbdefault\u00bb tablet_text_alignment=\u00bbdefault\u00bb phone_text_alignment=\u00bbdefault\u00bb animation_type=\u00bbdefault\u00bb bg_image_animation=\u00bbnone\u00bb border_type=\u00bbsimple\u00bb column_border_width=\u00bbnone\u00bb column_border_style=\u00bbsolid\u00bb][vc_custom_heading text=\u00bbALEXANDRU LAZAR (Abogado)\u00bb font_container=\u00bbtag:h4|text_align:left|color:%231f360f\u00bb use_theme_fonts=\u00bbyes\u00bb][divider line_type=\u00bbSmall Line\u00bb line_alignment=\u00bbdefault\u00bb line_thickness=\u00bb2&#8243; divider_color=\u00bbaccent-color\u00bb animate=\u00bbyes\u00bb custom_line_width=\u00bb60&#8243;][\/vc_column][\/vc_row][vc_row type=\u00bbfull_width_background\u00bb full_screen_row_position=\u00bbmiddle\u00bb column_margin=\u00bb50px\u00bb column_direction=\u00bbdefault\u00bb column_direction_tablet=\u00bbdefault\u00bb column_direction_phone=\u00bbdefault\u00bb scene_position=\u00bbcenter\u00bb top_padding=\u00bb0&#8243; bottom_padding=\u00bb5%\u00bb text_color=\u00bbdark\u00bb text_align=\u00bbleft\u00bb row_border_radius=\u00bbnone\u00bb row_border_radius_applies=\u00bbbg\u00bb overflow=\u00bbvisible\u00bb id=\u00bbabout\u00bb overlay_strength=\u00bb0.3&#8243; gradient_direction=\u00bbleft_to_right\u00bb shape_divider_position=\u00bbbottom\u00bb bg_image_animation=\u00bbnone\u00bb shape_type=\u00bb\u00bb][vc_column column_padding=\u00bbno-extra-padding\u00bb column_padding_tablet=\u00bbinherit\u00bb column_padding_phone=\u00bbinherit\u00bb column_padding_position=\u00bball\u00bb column_element_spacing=\u00bbdefault\u00bb background_color_opacity=\u00bb1&#8243; background_hover_color_opacity=\u00bb1&#8243; column_shadow=\u00bbnone\u00bb column_border_radius=\u00bbnone\u00bb column_link_target=\u00bb_self\u00bb column_position=\u00bbdefault\u00bb boxed=\u00bbtrue\u00bb gradient_direction=\u00bbleft_to_right\u00bb overlay_strength=\u00bb0.3&#8243; width=\u00bb2\/5&#8243; tablet_width_inherit=\u00bbdefault\u00bb tablet_text_alignment=\u00bbdefault\u00bb phone_text_alignment=\u00bbdefault\u00bb animation_type=\u00bbdefault\u00bb bg_image_animation=\u00bbnone\u00bb border_type=\u00bbsimple\u00bb column_border_width=\u00bbnone\u00bb column_border_style=\u00bbsolid\u00bb][image_with_animation image_url=\u00bb3934&#8243; image_size=\u00bbfull\u00bb animation_type=\u00bbentrance\u00bb animation=\u00bbFade In\u00bb hover_animation=\u00bbnone\u00bb alignment=\u00bb\u00bb border_radius=\u00bbnone\u00bb box_shadow=\u00bbnone\u00bb image_loading=\u00bbdefault\u00bb max_width=\u00bb100%\u00bb max_width_mobile=\u00bbdefault\u00bb][split_line_heading animation_type=\u00bbline-reveal-by-space\u00bb font_style=\u00bbh5&#8243; text_color=\u00bb#0a0a0a\u00bb line_reveal_by_space_text_effect=\u00bbdefault\u00bb content_alignment=\u00bbdefault\u00bb mobile_content_alignment=\u00bbinherit\u00bb link_target=\u00bb_self\u00bb text_content=\u00bbALEXANDRU LAZAR (SOCIO)\u00bb max_width=\u00bb450&#8243;][\/split_line_heading][vc_column_text css=\u00bb.vc_custom_1604351070766{padding-top: 0px !important;}\u00bb]Correo: al@intlaw.servidorbeta.es<br \/>N\u00famero telef\u00f3nico: +34 931 125 423<br \/><a href=\"https:\/\/www.linkedin.com\/in\/alexandrulazar\/\" rel=\"nofollow noopener\" target=\"_blank\">\u00danase a mi red de LinkedIn<\/a>[\/vc_column_text][vc_column_text]\n<h5>Desks:<\/h5>\n<p>Espa\u00f1a, <a href=\"\/es\/desk-de-europa-central-y-del-este\/\">Desk de Europa Central<\/a> y Oriental<\/p>\n<h5>\u00c1reas de pr\u00e1ctica:<\/h5>\n<p><span style=\"font-weight: 400;\"><a href=\"\/es\/derecho-mercantil-internacional-fusiones-y-adquisiciones-y-derecho-comercial\/\"> Derecho Corporativo y Fusiones y Adquisiciones<\/a>, Derecho Contractual, <a href=\"\/es\/cumplimiento-internacional\/\">Cumplimiento<\/a>, <a href=\"\/es\/insolvencia-y-reestructuracion-internacional\/\">Insolvencia<\/a>, <a href=\"\/es\/derecho-inmobiliario-internacional\/\">Derecho Inmobiliario<\/a>, <a href=\"\/es\/litigios-internacionales\/\">Derecho Internacional y Arbitraje,<\/a> Derecho Deportivo<br \/><\/span><\/p>\n<h5>Idiomas:<\/h5>\n<p>Spagnolo, rumeno, inglese, catalano<\/p>\n<h5>Poder del ejercicio:<\/h5>\n<p>Todos los Tribunales espa\u00f1oles[\/vc_column_text][\/vc_column][vc_column column_padding=\u00bbpadding-2-percent\u00bb column_padding_tablet=\u00bbinherit\u00bb column_padding_phone=\u00bbinherit\u00bb column_padding_position=\u00bbleft-right\u00bb column_element_spacing=\u00bbdefault\u00bb background_color_opacity=\u00bb1&#8243; background_hover_color_opacity=\u00bb1&#8243; column_shadow=\u00bbnone\u00bb column_border_radius=\u00bbnone\u00bb column_link_target=\u00bb_self\u00bb column_position=\u00bbdefault\u00bb gradient_direction=\u00bbleft_to_right\u00bb overlay_strength=\u00bb0.3&#8243; width=\u00bb3\/5&#8243; tablet_width_inherit=\u00bbdefault\u00bb tablet_text_alignment=\u00bbdefault\u00bb phone_text_alignment=\u00bbdefault\u00bb animation_type=\u00bbdefault\u00bb bg_image_animation=\u00bbnone\u00bb border_type=\u00bbsimple\u00bb column_border_width=\u00bbnone\u00bb column_border_style=\u00bbsolid\u00bb][vc_row_inner column_margin=\u00bbdefault\u00bb column_direction=\u00bbdefault\u00bb column_direction_tablet=\u00bbdefault\u00bb column_direction_phone=\u00bbdefault\u00bb text_align=\u00bbleft\u00bb row_position=\u00bbdefault\u00bb row_position_tablet=\u00bbinherit\u00bb row_position_phone=\u00bbinherit\u00bb overflow=\u00bbvisible\u00bb pointer_events=\u00bball\u00bb][vc_column_inner column_padding=\u00bbpadding-2-percent\u00bb column_padding_tablet=\u00bbinherit\u00bb column_padding_phone=\u00bbinherit\u00bb column_padding_position=\u00bbtop\u00bb column_element_spacing=\u00bbdefault\u00bb background_color_opacity=\u00bb1&#8243; background_hover_color_opacity=\u00bb1&#8243; column_shadow=\u00bbnone\u00bb column_border_radius=\u00bbnone\u00bb column_link_target=\u00bb_self\u00bb gradient_direction=\u00bbleft_to_right\u00bb overlay_strength=\u00bb0.3&#8243; width=\u00bb1\/1&#8243; tablet_width_inherit=\u00bbdefault\u00bb animation_type=\u00bbdefault\u00bb enable_animation=\u00bbtrue\u00bb animation=\u00bbfade-in-from-bottom\u00bb bg_image_animation=\u00bbnone\u00bb border_type=\u00bbsimple\u00bb column_border_width=\u00bbnone\u00bb column_border_style=\u00bbsolid\u00bb][vc_column_text max_width=\u00bb800&#8243;]Alexandru es socio de Intlaw. Su actividad se centra especialmente en el \u00e1mbito del Corporate Compliance, Fusiones y Adquisiciones (M&amp;A), Derecho Contractual y Mercantil, aunque a lo largo de los a\u00f1os tambi\u00e9n se ha especializado en las siguientes \u00e1reas de pr\u00e1ctica: <\/p>\n<ul>\n<li>Asesoramiento en operaciones de M&amp;A,<\/li>\n<li>Asesoramiento en operaciones desarrolladas en m\u00faltiples jurisdicciones,<\/li>\n<li>Joint ventures, conflictos entre socios, reestructuraci\u00f3n financiera y corporativa,<\/li>\n<li>Asesoramiento en operaciones de private equity,<\/li>\n<li>Asesoramiento en materia de RSC (Responsabilidad Social Corporativa),<\/li>\n<li>Asesoramiento, dise\u00f1o e implementaci\u00f3n de programas de Corporate Compliance,<\/li>\n<li>Asesoramiento en materia de e-Commerce,<\/li>\n<li>Asesoramiento en Derecho de la Moda (Fashion Law) y Derecho Deportivo,<\/li>\n<li>Asesoramiento en procesos preconcursales y adquisici\u00f3n de unidades productivas en procesos concursales,<\/li>\n<li>Asesoramiento en relaciones contractuales nacionales e internacionales,<\/li>\n<li>Asesoramiento en procesos de internacionalizaci\u00f3n de la empresa.<\/li>\n<\/ul>\n<p>Debido a su estrecha vinculaci\u00f3n con el ecosistema empresarial de Europa Central y Oriental, Alexandru es tambi\u00e9n el Director del Central East European Desk. Adem\u00e1s, es el Director del Departamento de Corporate Compliance y del Balearic Islands Desk. <\/p>\n<h5>PREMIOS Y PUBLICACIONES<\/h5>\n<ul>\n<li>Mayo de 2010, 1er premio en la categor\u00eda de Derecho Fiscal, en la segunda Edici\u00f3n del Premio de Derecho Internacional ISDE-JIA (Inter-American Bar Association), siendo el ganador m\u00e1s joven (25 a\u00f1os en ese momento).<\/li>\n<li>Junio \u200b\u200b2014, 1er premio en la categor\u00eda de Derecho Internacional Privado, en la sexta Edici\u00f3n del Premio ISDE.<\/li>\n<li>Enero de 2016, premio a la excelencia en Derecho Empresarial \u201cMihai Eminescu\u201d, concedido por la revista Occidentul Romanesc.<\/li>\n<li>Octubre 2017, Premio del Jurado otorgado por la Asociaci\u00f3n Espa\u00f1ola de Escuelas de Negocios.<\/li>\n<li>Febrero 2018, Medalla al M\u00e9rito en el Trabajo, otorgada por la Asociaci\u00f3n Espa\u00f1ola de Econom\u00eda.<\/li>\n<li>Mayo de 2018, premio a la excelencia, concedido por la revista Occidentul Romanesc.<\/li>\n<li>Octubre de 2018, incluido en la lista de los 100 mejores profesionales rumanos del mundo, otorgada por Repatriot.<\/li>\n<li>Publicaci\u00f3n de varios art\u00edculos en revistas de inter\u00e9s especializado en Espa\u00f1a y Ruman\u00eda.<\/li>\n<li>Coautor del Cap\u00edtulo Espa\u00f1ol del manual de Derecho Internacional \u2018International Joint Ventures\u2019 con Dennis Campbell (Director del Centro de Estudios Jur\u00eddicos Internacionales, Austria).<\/li>\n<li>Fundador del blog legal Legal Outside The Box: www.legaloutsidethebox.com.<\/li>\n<\/ul>\n<h5>CALIFICACIONES Y ASOCIACIONES PROFESIONALES<\/h5>\n<ul>\n<li>Barcelona Bar Association \u2013 ICAB (Ilustre Colegio de la Abogac\u00eda de Barcelona)<\/li>\n<li>Balearic Islands Bar Association (Ilustre Colegio de la Abogac\u00eda de las Islas Baleares)<\/li>\n<li>C\u00f3nsul Honorario de Ruman\u00eda en las Islas Baleares<\/li>\n<li>Member of the Spanish Arbitration Club &#8211; Founder of the Romanian Chapter.<\/li>\n<li>Profesor de BBA en ESADE en Barcelona<\/li>\n<li>Profesor de la Facultad de Derecho de la Universidad Pompeu Fabra de Barcelona<\/li>\n<li>Profesor del ISDE en Barcelona<\/li>\n<li>De 2019 a 2021, Codirector Acad\u00e9mico del M\u00e1ster en Moda y Lujo: Derecho, Empresa y Marketing por ISDE e IED<\/li>\n<li>De 2016 a 2021, Director Acad\u00e9mico del LLM en Corporate Compliance por EIS (Economist Innovative School)Academic Director of the LLM in Corporate Compliance by EIS (Economist Innovative School).<\/li>\n<li>Co-coordinador del curso \u201cCumplimiento normativo y derecho estadounidense\u201d (1.\u00aa ed. marzo de 2018, 2.\u00aa ed. marzo de 2019, 3.\u00aa ed. septiembre de 2020) en la Universidad Fordham de Nueva York en colaboraci\u00f3n con EIS<\/li>\n<li>Miembro de la Real Academia Espa\u00f1ola de Jurisprudencia y Legislaci\u00f3n, como Colaborador Asociado (Real Academia de Jurisprudencia y Legislaci\u00f3n de Espa\u00f1a, Colaborador Asociado)<\/li>\n<li>Incluido en la lista de \u00c1rbitros del Consulado del Mar (Consolat de mar, gestionado por la C\u00e1mara de Comercio de Barcelona)<\/li>\n<li>Incluido en la lista de Mejores Abogados en la categor\u00eda Derecho de Franquicias en 2021<\/li>\n<\/ul>\n<h5>EDUCACI\u00d3N<\/h5>\n<ul>\n<li>Licenciado en Derecho por la Universidad de Granada<\/li>\n<li>M\u00e1ster en Derecho Internacional de los Negocios, I.S.D.E.<\/li>\n<li>M\u00e1ster en Derecho Internacional, Comercio Exterior y Relaciones Internacionales, I.S.D.E.<\/li>\n<li>M\u00e1ster en Investigaci\u00f3n Jur\u00eddica, E.S.A.D.E.<\/li>\n<li>Doctor en Principios Generales de Derecho Econ\u00f3mico y de la Empresa por ESADE, ICADE y DEUSTO<\/li>\n<\/ul>\n[\/vc_column_text][\/vc_column_inner][\/vc_row_inner][\/vc_column][\/vc_row]\n","protected":false},"excerpt":{"rendered":"<p>[vc_row type=\u00bbin_container\u00bb full_screen_row_position=\u00bbmiddle\u00bb column_margin=\u00bbdefault\u00bb column_direction=\u00bbdefault\u00bb column_direction_tablet=\u00bbdefault\u00bb column_direction_phone=\u00bbdefault\u00bb scene_position=\u00bbcenter\u00bb text_color=\u00bbdark\u00bb text_align=\u00bbleft\u00bb row_border_radius=\u00bbnone\u00bb row_border_radius_applies=\u00bbbg\u00bb overflow=\u00bbvisible\u00bb overlay_strength=\u00bb0.3&#8243; gradient_direction=\u00bbleft_to_right\u00bb shape_divider_position=\u00bbbottom\u00bb bg_image_animation=\u00bbnone\u00bb shape_type=\u00bb\u00bb][vc_column column_padding=\u00bbno-extra-padding\u00bb column_padding_tablet=\u00bbinherit\u00bb column_padding_phone=\u00bbinherit\u00bb column_padding_position=\u00bball\u00bb column_element_spacing=\u00bbdefault\u00bb background_color_opacity=\u00bb1&#8243; background_hover_color_opacity=\u00bb1&#8243; column_shadow=\u00bbnone\u00bb column_border_radius=\u00bbnone\u00bb column_link_target=\u00bb_self\u00bb column_position=\u00bbdefault\u00bb gradient_direction=\u00bbleft_to_right\u00bb&#8230;<\/p>\n","protected":false},"author":1,"featured_media":0,"parent":0,"menu_order":0,"comment_status":"closed","ping_status":"closed","template":"","meta":{"footnotes":""},"class_list":["post-5104","page","type-page","status-publish"],"_links":{"self":[{"href":"https:\/\/intlaw.servidorbeta.es\/es\/wp-json\/wp\/v2\/pages\/5104","targetHints":{"allow":["GET"]}}],"collection":[{"href":"https:\/\/intlaw.servidorbeta.es\/es\/wp-json\/wp\/v2\/pages"}],"about":[{"href":"https:\/\/intlaw.servidorbeta.es\/es\/wp-json\/wp\/v2\/types\/page"}],"author":[{"embeddable":true,"href":"https:\/\/intlaw.servidorbeta.es\/es\/wp-json\/wp\/v2\/users\/1"}],"replies":[{"embeddable":true,"href":"https:\/\/intlaw.servidorbeta.es\/es\/wp-json\/wp\/v2\/comments?post=5104"}],"version-history":[{"count":2,"href":"https:\/\/intlaw.servidorbeta.es\/es\/wp-json\/wp\/v2\/pages\/5104\/revisions"}],"predecessor-version":[{"id":5106,"href":"https:\/\/intlaw.servidorbeta.es\/es\/wp-json\/wp\/v2\/pages\/5104\/revisions\/5106"}],"wp:attachment":[{"href":"https:\/\/intlaw.servidorbeta.es\/es\/wp-json\/wp\/v2\/media?parent=5104"}],"curies":[{"name":"wp","href":"https:\/\/api.w.org\/{rel}","templated":true}]}}