{"id":5068,"date":"2020-09-22T17:48:06","date_gmt":"2020-09-22T16:48:06","guid":{"rendered":"https:\/\/intlaw.servidorbeta.es\/simone-guaglianone\/"},"modified":"2026-03-12T16:27:51","modified_gmt":"2026-03-12T15:27:51","slug":"simone-guaglianone","status":"publish","type":"page","link":"https:\/\/intlaw.servidorbeta.es\/es\/simone-guaglianone\/","title":{"rendered":"Simone Guaglianone"},"content":{"rendered":"[vc_row type=\u00bbin_container\u00bb full_screen_row_position=\u00bbmiddle\u00bb column_margin=\u00bbdefault\u00bb column_direction=\u00bbdefault\u00bb column_direction_tablet=\u00bbdefault\u00bb column_direction_phone=\u00bbdefault\u00bb scene_position=\u00bbcenter\u00bb text_color=\u00bbdark\u00bb text_align=\u00bbleft\u00bb row_border_radius=\u00bbnone\u00bb row_border_radius_applies=\u00bbbg\u00bb overflow=\u00bbvisible\u00bb overlay_strength=\u00bb0.3&#8243; gradient_direction=\u00bbleft_to_right\u00bb shape_divider_position=\u00bbbottom\u00bb bg_image_animation=\u00bbnone\u00bb shape_type=\u00bb\u00bb][vc_column column_padding=\u00bbno-extra-padding\u00bb column_padding_tablet=\u00bbinherit\u00bb column_padding_phone=\u00bbinherit\u00bb column_padding_position=\u00bball\u00bb column_element_spacing=\u00bbdefault\u00bb background_color_opacity=\u00bb1&#8243; background_hover_color_opacity=\u00bb1&#8243; column_shadow=\u00bbnone\u00bb column_border_radius=\u00bbnone\u00bb column_link_target=\u00bb_self\u00bb column_position=\u00bbdefault\u00bb gradient_direction=\u00bbleft_to_right\u00bb overlay_strength=\u00bb0.3&#8243; width=\u00bb1\/1&#8243; tablet_width_inherit=\u00bbdefault\u00bb tablet_text_alignment=\u00bbdefault\u00bb phone_text_alignment=\u00bbdefault\u00bb animation_type=\u00bbdefault\u00bb bg_image_animation=\u00bbnone\u00bb border_type=\u00bbsimple\u00bb column_border_width=\u00bbnone\u00bb column_border_style=\u00bbsolid\u00bb][vc_custom_heading text=\u00bbSIMONE GUAGLIANONE (Lawyer)\u00bb font_container=\u00bbtag:h4|text_align:left|color:%231f360f\u00bb use_theme_fonts=\u00bbyes\u00bb][divider line_type=\u00bbSmall Line\u00bb line_alignment=\u00bbdefault\u00bb line_thickness=\u00bb2&#8243; divider_color=\u00bbaccent-color\u00bb animate=\u00bbyes\u00bb custom_line_width=\u00bb60&#8243;][\/vc_column][\/vc_row][vc_row type=\u00bbfull_width_background\u00bb full_screen_row_position=\u00bbmiddle\u00bb column_margin=\u00bb50px\u00bb column_direction=\u00bbdefault\u00bb column_direction_tablet=\u00bbdefault\u00bb column_direction_phone=\u00bbdefault\u00bb scene_position=\u00bbcenter\u00bb top_padding=\u00bb0&#8243; bottom_padding=\u00bb5%\u00bb text_color=\u00bbdark\u00bb text_align=\u00bbleft\u00bb row_border_radius=\u00bbnone\u00bb row_border_radius_applies=\u00bbbg\u00bb overflow=\u00bbvisible\u00bb id=\u00bbabout\u00bb overlay_strength=\u00bb0.3&#8243; gradient_direction=\u00bbleft_to_right\u00bb shape_divider_position=\u00bbbottom\u00bb bg_image_animation=\u00bbnone\u00bb shape_type=\u00bb\u00bb][vc_column column_padding=\u00bbno-extra-padding\u00bb column_padding_tablet=\u00bbinherit\u00bb column_padding_phone=\u00bbinherit\u00bb column_padding_position=\u00bball\u00bb column_element_spacing=\u00bbdefault\u00bb background_color_opacity=\u00bb1&#8243; background_hover_color_opacity=\u00bb1&#8243; column_shadow=\u00bbnone\u00bb column_border_radius=\u00bbnone\u00bb column_link_target=\u00bb_self\u00bb column_position=\u00bbdefault\u00bb boxed=\u00bbtrue\u00bb gradient_direction=\u00bbleft_to_right\u00bb overlay_strength=\u00bb0.3&#8243; width=\u00bb2\/5&#8243; tablet_width_inherit=\u00bbdefault\u00bb tablet_text_alignment=\u00bbdefault\u00bb phone_text_alignment=\u00bbdefault\u00bb animation_type=\u00bbdefault\u00bb bg_image_animation=\u00bbnone\u00bb border_type=\u00bbsimple\u00bb column_border_width=\u00bbnone\u00bb column_border_style=\u00bbsolid\u00bb][image_with_animation image_url=\u00bb3940&#8243; image_size=\u00bbfull\u00bb animation_type=\u00bbentrance\u00bb animation=\u00bbFade In\u00bb hover_animation=\u00bbnone\u00bb alignment=\u00bb\u00bb border_radius=\u00bbnone\u00bb box_shadow=\u00bbnone\u00bb image_loading=\u00bbdefault\u00bb max_width=\u00bb100%\u00bb max_width_mobile=\u00bbdefault\u00bb][split_line_heading animation_type=\u00bbline-reveal-by-space\u00bb font_style=\u00bbh5&#8243; text_color=\u00bb#0a0a0a\u00bb line_reveal_by_space_text_effect=\u00bbdefault\u00bb content_alignment=\u00bbdefault\u00bb mobile_content_alignment=\u00bbinherit\u00bb link_target=\u00bb_self\u00bb text_content=\u00bbSIMONE GUAGLIANONE (FOUNDING PARTNER)\u00bb max_width=\u00bb450&#8243;][\/split_line_heading][vc_column_text css=\u00bb.vc_custom_1604351472020{padding-top: 0px !important;}\u00bb]Correo: sg@intlaw.servidorbeta.es<br \/>N\u00famero telef\u00f3nico: +34 931 125 423<br \/><a href=\"https:\/\/www.linkedin.com\/in\/simone-guaglianone-85a8382\/\" rel=\"nofollow noopener\" target=\"_blank\"> \u00danase a mi red de LinkedIn<\/a>[\/vc_column_text][vc_column_text]\n<h5>Desks:<\/h5>\n<p>Espa\u00f1a; <a href=\"\/es\/desk-de-italia\/\">Desk de Italia<\/a>; <a href=\"\/es\/uk-desk\/\">Desk del Reino Unido<\/a><\/p>\n<h5>\u00c1reas de pr\u00e1ctica:<\/h5>\n<p><a href=\"\/es\/derecho-mercantil-internacional-fusiones-y-adquisiciones-y-derecho-comercial\/\"> Derecho Corporativo y Fusiones y Adquisiciones<\/a>, <a href=\"\/es\/cumplimiento-internacional\/\">Derecho Contractual, Cumplimiento<\/a>, <a href=\"\/es\/insolvencia-y-reestructuracion-internacional\/\">Insolvencia<\/a>, <a href=\"\/es\/derecho-inmobiliario-internacional\/\">Derecho Inmobiliario<\/a>, <a href=\"\/es\/litigios-internacionales\/\">Derecho Internacional y Arbitraje,<\/a> <a href=\"\/es\/derecho-internacional-en-materia-de-propiedad-intelectual-y-tecnologias-de-la-informacion\/\">Derecho Digital y Blockchain<\/a><\/p>\n<h5>Idiomas:<\/h5>\n<p>Espa\u00f1ol, italiano, ingl\u00e9s, catal\u00e1n<\/p>\n<h5>Poder del ejercicio:<\/h5>\n<p>Todos los Tribunales espa\u00f1oles; todos los Tribunales italianos[\/vc_column_text][\/vc_column][vc_column column_padding=\u00bbpadding-2-percent\u00bb column_padding_tablet=\u00bbinherit\u00bb column_padding_phone=\u00bbinherit\u00bb column_padding_position=\u00bbleft-right\u00bb column_element_spacing=\u00bbdefault\u00bb background_color_opacity=\u00bb1&#8243; background_hover_color_opacity=\u00bb1&#8243; column_shadow=\u00bbnone\u00bb column_border_radius=\u00bbnone\u00bb column_link_target=\u00bb_self\u00bb column_position=\u00bbdefault\u00bb gradient_direction=\u00bbleft_to_right\u00bb overlay_strength=\u00bb0.3&#8243; width=\u00bb3\/5&#8243; tablet_width_inherit=\u00bbdefault\u00bb tablet_text_alignment=\u00bbdefault\u00bb phone_text_alignment=\u00bbdefault\u00bb animation_type=\u00bbdefault\u00bb bg_image_animation=\u00bbnone\u00bb border_type=\u00bbsimple\u00bb column_border_width=\u00bbnone\u00bb column_border_style=\u00bbsolid\u00bb][vc_row_inner column_margin=\u00bbdefault\u00bb column_direction=\u00bbdefault\u00bb column_direction_tablet=\u00bbdefault\u00bb column_direction_phone=\u00bbdefault\u00bb text_align=\u00bbleft\u00bb row_position=\u00bbdefault\u00bb row_position_tablet=\u00bbinherit\u00bb row_position_phone=\u00bbinherit\u00bb overflow=\u00bbvisible\u00bb pointer_events=\u00bball\u00bb][vc_column_inner column_padding=\u00bbpadding-2-percent\u00bb column_padding_tablet=\u00bbinherit\u00bb column_padding_phone=\u00bbinherit\u00bb column_padding_position=\u00bbtop\u00bb column_element_spacing=\u00bbdefault\u00bb background_color_opacity=\u00bb1&#8243; background_hover_color_opacity=\u00bb1&#8243; column_shadow=\u00bbnone\u00bb column_border_radius=\u00bbnone\u00bb column_link_target=\u00bb_self\u00bb gradient_direction=\u00bbleft_to_right\u00bb overlay_strength=\u00bb0.3&#8243; width=\u00bb1\/1&#8243; tablet_width_inherit=\u00bbdefault\u00bb animation_type=\u00bbdefault\u00bb enable_animation=\u00bbtrue\u00bb animation=\u00bbfade-in-from-bottom\u00bb bg_image_animation=\u00bbnone\u00bb border_type=\u00bbsimple\u00bb column_border_width=\u00bbnone\u00bb column_border_style=\u00bbsolid\u00bb][vc_column_text max_width=\u00bb800&#8243;]Simone Guaglianone est\u00e1 habilitado para ejercer la abogac\u00eda tanto en Espa\u00f1a como en Italia. Socio fundador de Intlaw, cuenta con una amplia experiencia en el asesoramiento a empresas nacionales y multinacionales en materia Mercantil y Societaria, incluyendo Fusiones y Adquisiciones (M&amp;A), Reestructuraciones y Finanzas Corporativas. Es experto en brindar asesoramiento legal a emprendedores e inversores sobre estrategia corporativa y alianzas estrat\u00e9gicas.  <\/p>\n<p>Como director de nuestro departamento Angel Law, forma parte del comit\u00e9 de evaluaci\u00f3n de startups. Gracias a su formaci\u00f3n internacional adquirida en la firma italiana Chiomenti Studio Legale en Nueva York, ha asesorado a numerosas empresas en diversas materias, que abarcan desde la constituci\u00f3n de sociedades hasta la desinversi\u00f3n internacional. <\/p>\n<p>Simone ha participado en numerosas operaciones de gran relevancia en diversos sectores industriales y de servicios. Asimismo, desempe\u00f1a cargos como Secretario del Consejo y miembro del Consejo de Administraci\u00f3n en diversas empresas y organizaciones, tanto nacionales como internacionales. <\/p>\n<h5>CALIFICACIONES Y ASOCIACIONES PROFESIONALES<\/h5>\n<ul>\n<li>Barcelona Bar Association \u2013 ICAB (Ilustre Colegio de la Abogac\u00eda de Barcelona)<\/li>\n<li>Colegio de Abogados de Roma<\/li>\n<li>Asociaci\u00f3n Internacional de Abogados<\/li>\n<\/ul>\n<h5>EDUCATI\u00d3N<\/h5>\n<ul>\n<li>Licenciatura en Derecho, Universidad \u201cLa Sapienza\u201d de Roma<\/li>\n<li>Programa Erasmus, Universidad de Uppsala<\/li>\n<li>Licenciatura en Derecho, Universidad de Castilla-la Mancha (UCLM)<\/li>\n<li>M\u00e1ster en Ciencias Jur\u00eddicas, Universidad Pompeu Fabra<\/li>\n<li>Candidato a doctorado, Universidad Pompeu Fabra<\/li>\n<\/ul>\n[\/vc_column_text][\/vc_column_inner][\/vc_row_inner][\/vc_column][\/vc_row]\n","protected":false},"excerpt":{"rendered":"<p>[vc_row type=\u00bbin_container\u00bb full_screen_row_position=\u00bbmiddle\u00bb column_margin=\u00bbdefault\u00bb column_direction=\u00bbdefault\u00bb column_direction_tablet=\u00bbdefault\u00bb column_direction_phone=\u00bbdefault\u00bb scene_position=\u00bbcenter\u00bb text_color=\u00bbdark\u00bb text_align=\u00bbleft\u00bb row_border_radius=\u00bbnone\u00bb row_border_radius_applies=\u00bbbg\u00bb overflow=\u00bbvisible\u00bb overlay_strength=\u00bb0.3&#8243; gradient_direction=\u00bbleft_to_right\u00bb shape_divider_position=\u00bbbottom\u00bb bg_image_animation=\u00bbnone\u00bb shape_type=\u00bb\u00bb][vc_column column_padding=\u00bbno-extra-padding\u00bb column_padding_tablet=\u00bbinherit\u00bb column_padding_phone=\u00bbinherit\u00bb column_padding_position=\u00bball\u00bb column_element_spacing=\u00bbdefault\u00bb background_color_opacity=\u00bb1&#8243; background_hover_color_opacity=\u00bb1&#8243; column_shadow=\u00bbnone\u00bb column_border_radius=\u00bbnone\u00bb column_link_target=\u00bb_self\u00bb column_position=\u00bbdefault\u00bb gradient_direction=\u00bbleft_to_right\u00bb&#8230;<\/p>\n","protected":false},"author":1,"featured_media":0,"parent":0,"menu_order":0,"comment_status":"closed","ping_status":"closed","template":"","meta":{"footnotes":""},"class_list":["post-5068","page","type-page","status-publish"],"_links":{"self":[{"href":"https:\/\/intlaw.servidorbeta.es\/es\/wp-json\/wp\/v2\/pages\/5068","targetHints":{"allow":["GET"]}}],"collection":[{"href":"https:\/\/intlaw.servidorbeta.es\/es\/wp-json\/wp\/v2\/pages"}],"about":[{"href":"https:\/\/intlaw.servidorbeta.es\/es\/wp-json\/wp\/v2\/types\/page"}],"author":[{"embeddable":true,"href":"https:\/\/intlaw.servidorbeta.es\/es\/wp-json\/wp\/v2\/users\/1"}],"replies":[{"embeddable":true,"href":"https:\/\/intlaw.servidorbeta.es\/es\/wp-json\/wp\/v2\/comments?post=5068"}],"version-history":[{"count":2,"href":"https:\/\/intlaw.servidorbeta.es\/es\/wp-json\/wp\/v2\/pages\/5068\/revisions"}],"predecessor-version":[{"id":5071,"href":"https:\/\/intlaw.servidorbeta.es\/es\/wp-json\/wp\/v2\/pages\/5068\/revisions\/5071"}],"wp:attachment":[{"href":"https:\/\/intlaw.servidorbeta.es\/es\/wp-json\/wp\/v2\/media?parent=5068"}],"curies":[{"name":"wp","href":"https:\/\/api.w.org\/{rel}","templated":true}]}}